{"id":887,"date":"2021-12-16T23:04:43","date_gmt":"2021-12-16T22:04:43","guid":{"rendered":"http:\/\/rockufo.fr\/?post_type=product&#038;p=887"},"modified":"2024-06-24T18:00:25","modified_gmt":"2024-06-24T17:00:25","slug":"sous-tes-yeux","status":"publish","type":"product","link":"https:\/\/rockufo.fr\/en\/product\/sous-tes-yeux\/","title":{"rendered":"Sous tes yeux"},"content":{"rendered":"<p>Second album du groupe, sorti en 2014. Avec la participation d&rsquo;invit\u00e9s de qualit\u00e9 : Batbat Pallavas, G\u00e9ant Vert, Diabolo, Spi, B.Roy et Paul P\u00e9chenart.<\/p>\n<p>Mp3 download included.<\/p>\n<p>Des remises s&rsquo;appliquent automatiquement si vous commandez plusieurs albums diff\u00e9rents de Stygmate \u00e0 la fois.<\/p>","protected":false},"excerpt":{"rendered":"<p>Second album du groupe, sorti en 2014. Avec la participation d&rsquo;invit\u00e9s de qualit\u00e9 : Batbat Pallavas, G\u00e9ant Vert, Diabolo, Spi, B.Roy et Paul P\u00e9chenart. T\u00e9l\u00e9chargement de l&rsquo;album en mp3 inclus. Des remises s&rsquo;appliquent automatiquement si vous commandez plusieurs albums diff\u00e9rents de Stygmate \u00e0 la fois.<\/p>","protected":false},"featured_media":686,"template":"","meta":{"_acf_changed":false},"product_brand":[],"product_cat":[76],"product_tag":[99],"class_list":{"0":"post-887","1":"product","2":"type-product","3":"status-publish","4":"has-post-thumbnail","6":"product_cat-cd","7":"product_tag-cd","8":"product_shipping_class-cd","10":"first","11":"instock","12":"downloadable","13":"taxable","14":"shipping-taxable","15":"purchasable","16":"product-type-simple"},"acf":[],"yoast_head":"<!-- This site is optimized with the Yoast SEO plugin v27.3 - https:\/\/yoast.com\/product\/yoast-seo-wordpress\/ -->\n<title>Stygmate - Sous tes yeux - Rock&#039;n&#039;roll UFO<\/title>\n<meta name=\"description\" content=\"Second album du groupe, sorti en 2014. Avec la participation d&#039;invit\u00e9s de qualit\u00e9 : Batbat Pallavas, G\u00e9ant Vert, Diabolo, Spi, B.Roy et Paul P\u00e9chenart.\" \/>\n<meta name=\"robots\" content=\"index, follow, max-snippet:-1, max-image-preview:large, max-video-preview:-1\" \/>\n<link rel=\"canonical\" href=\"https:\/\/rockufo.fr\/en\/product\/sous-tes-yeux\/\" \/>\n<meta property=\"og:locale\" content=\"en_GB\" \/>\n<meta property=\"og:type\" content=\"article\" \/>\n<meta property=\"og:title\" content=\"Stygmate - Sous tes yeux - Rock&#039;n&#039;roll UFO\" \/>\n<meta property=\"og:description\" content=\"Second album du groupe, sorti en 2014. Avec la participation d&#039;invit\u00e9s de qualit\u00e9 : Batbat Pallavas, G\u00e9ant Vert, Diabolo, Spi, B.Roy et Paul P\u00e9chenart.\" \/>\n<meta property=\"og:url\" content=\"https:\/\/rockufo.fr\/en\/product\/sous-tes-yeux\/\" \/>\n<meta property=\"og:site_name\" content=\"Rock&#039;n&#039;roll UFO\" \/>\n<meta property=\"article:publisher\" content=\"https:\/\/www.facebook.com\/rocknrollufo\" \/>\n<meta property=\"article:modified_time\" content=\"2024-06-24T17:00:25+00:00\" \/>\n<meta property=\"og:image\" content=\"https:\/\/rockufo.fr\/wp-content\/uploads\/2020\/09\/a1510992025_10.jpg\" \/>\n\t<meta property=\"og:image:width\" content=\"1020\" \/>\n\t<meta property=\"og:image:height\" content=\"1040\" \/>\n\t<meta property=\"og:image:type\" content=\"image\/jpeg\" \/>\n<meta name=\"twitter:card\" content=\"summary_large_image\" \/>\n<script type=\"application\/ld+json\" class=\"yoast-schema-graph\">{\"@context\":\"https:\\\/\\\/schema.org\",\"@graph\":[{\"@type\":\"WebPage\",\"@id\":\"https:\\\/\\\/rockufo.fr\\\/product\\\/sous-tes-yeux\\\/\",\"url\":\"https:\\\/\\\/rockufo.fr\\\/product\\\/sous-tes-yeux\\\/\",\"name\":\"Stygmate - Sous tes yeux - Rock&#039;n&#039;roll UFO\",\"isPartOf\":{\"@id\":\"https:\\\/\\\/rockufo.fr\\\/#website\"},\"primaryImageOfPage\":{\"@id\":\"https:\\\/\\\/rockufo.fr\\\/product\\\/sous-tes-yeux\\\/#primaryimage\"},\"image\":{\"@id\":\"https:\\\/\\\/rockufo.fr\\\/product\\\/sous-tes-yeux\\\/#primaryimage\"},\"thumbnailUrl\":\"https:\\\/\\\/rockufo.fr\\\/wp-content\\\/uploads\\\/2020\\\/09\\\/a1510992025_10.jpg\",\"datePublished\":\"2021-12-16T22:04:43+00:00\",\"dateModified\":\"2024-06-24T17:00:25+00:00\",\"description\":\"Second album du groupe, sorti en 2014. Avec la participation d'invit\u00e9s de qualit\u00e9 : Batbat Pallavas, G\u00e9ant Vert, Diabolo, Spi, B.Roy et Paul P\u00e9chenart.\",\"breadcrumb\":{\"@id\":\"https:\\\/\\\/rockufo.fr\\\/product\\\/sous-tes-yeux\\\/#breadcrumb\"},\"inLanguage\":\"en-GB\",\"potentialAction\":[{\"@type\":\"ReadAction\",\"target\":[\"https:\\\/\\\/rockufo.fr\\\/product\\\/sous-tes-yeux\\\/\"]}]},{\"@type\":\"ImageObject\",\"inLanguage\":\"en-GB\",\"@id\":\"https:\\\/\\\/rockufo.fr\\\/product\\\/sous-tes-yeux\\\/#primaryimage\",\"url\":\"https:\\\/\\\/rockufo.fr\\\/wp-content\\\/uploads\\\/2020\\\/09\\\/a1510992025_10.jpg\",\"contentUrl\":\"https:\\\/\\\/rockufo.fr\\\/wp-content\\\/uploads\\\/2020\\\/09\\\/a1510992025_10.jpg\",\"width\":1020,\"height\":1040},{\"@type\":\"BreadcrumbList\",\"@id\":\"https:\\\/\\\/rockufo.fr\\\/product\\\/sous-tes-yeux\\\/#breadcrumb\",\"itemListElement\":[{\"@type\":\"ListItem\",\"position\":1,\"name\":\"Accueil\",\"item\":\"https:\\\/\\\/rockufo.fr\\\/\"},{\"@type\":\"ListItem\",\"position\":2,\"name\":\"Nos r\u00e9f\u00e9rences\",\"item\":\"https:\\\/\\\/rockufo.fr\\\/\"},{\"@type\":\"ListItem\",\"position\":3,\"name\":\"Sous tes yeux\"}]},{\"@type\":\"WebSite\",\"@id\":\"https:\\\/\\\/rockufo.fr\\\/#website\",\"url\":\"https:\\\/\\\/rockufo.fr\\\/\",\"name\":\"Rock'n'roll UFO\",\"description\":\"Distro punk\\\/rock de l&#039;espace.\",\"publisher\":{\"@id\":\"https:\\\/\\\/rockufo.fr\\\/#organization\"},\"alternateName\":\"Rock UFO\",\"potentialAction\":[{\"@type\":\"SearchAction\",\"target\":{\"@type\":\"EntryPoint\",\"urlTemplate\":\"https:\\\/\\\/rockufo.fr\\\/?s={search_term_string}\"},\"query-input\":{\"@type\":\"PropertyValueSpecification\",\"valueRequired\":true,\"valueName\":\"search_term_string\"}}],\"inLanguage\":\"en-GB\"},{\"@type\":\"Organization\",\"@id\":\"https:\\\/\\\/rockufo.fr\\\/#organization\",\"name\":\"Rock'n'roll UFO\",\"alternateName\":\"Rock UFO\",\"url\":\"https:\\\/\\\/rockufo.fr\\\/\",\"logo\":{\"@type\":\"ImageObject\",\"inLanguage\":\"en-GB\",\"@id\":\"https:\\\/\\\/rockufo.fr\\\/#\\\/schema\\\/logo\\\/image\\\/\",\"url\":\"https:\\\/\\\/rockufo.fr\\\/wp-content\\\/uploads\\\/2022\\\/01\\\/logo_pdf.png\",\"contentUrl\":\"https:\\\/\\\/rockufo.fr\\\/wp-content\\\/uploads\\\/2022\\\/01\\\/logo_pdf.png\",\"width\":250,\"height\":250,\"caption\":\"Rock'n'roll UFO\"},\"image\":{\"@id\":\"https:\\\/\\\/rockufo.fr\\\/#\\\/schema\\\/logo\\\/image\\\/\"},\"sameAs\":[\"https:\\\/\\\/www.facebook.com\\\/rocknrollufo\",\"https:\\\/\\\/www.instagram.com\\\/rocknrollufo\"]}]}<\/script>\n<!-- \/ Yoast SEO plugin. -->","yoast_head_json":{"title":"Stygmate - Sous tes yeux - Rock&#039;n&#039;roll UFO","description":"Second album du groupe, sorti en 2014. Avec la participation d'invit\u00e9s de qualit\u00e9 : Batbat Pallavas, G\u00e9ant Vert, Diabolo, Spi, B.Roy et Paul P\u00e9chenart.","robots":{"index":"index","follow":"follow","max-snippet":"max-snippet:-1","max-image-preview":"max-image-preview:large","max-video-preview":"max-video-preview:-1"},"canonical":"https:\/\/rockufo.fr\/en\/product\/sous-tes-yeux\/","og_locale":"en_GB","og_type":"article","og_title":"Stygmate - Sous tes yeux - Rock&#039;n&#039;roll UFO","og_description":"Second album du groupe, sorti en 2014. Avec la participation d'invit\u00e9s de qualit\u00e9 : Batbat Pallavas, G\u00e9ant Vert, Diabolo, Spi, B.Roy et Paul P\u00e9chenart.","og_url":"https:\/\/rockufo.fr\/en\/product\/sous-tes-yeux\/","og_site_name":"Rock&#039;n&#039;roll UFO","article_publisher":"https:\/\/www.facebook.com\/rocknrollufo","article_modified_time":"2024-06-24T17:00:25+00:00","og_image":[{"width":1020,"height":1040,"url":"https:\/\/rockufo.fr\/wp-content\/uploads\/2020\/09\/a1510992025_10.jpg","type":"image\/jpeg"}],"twitter_card":"summary_large_image","schema":{"@context":"https:\/\/schema.org","@graph":[{"@type":"WebPage","@id":"https:\/\/rockufo.fr\/product\/sous-tes-yeux\/","url":"https:\/\/rockufo.fr\/product\/sous-tes-yeux\/","name":"Stygmate - Sous tes yeux - Rock&#039;n&#039;roll UFO","isPartOf":{"@id":"https:\/\/rockufo.fr\/#website"},"primaryImageOfPage":{"@id":"https:\/\/rockufo.fr\/product\/sous-tes-yeux\/#primaryimage"},"image":{"@id":"https:\/\/rockufo.fr\/product\/sous-tes-yeux\/#primaryimage"},"thumbnailUrl":"https:\/\/rockufo.fr\/wp-content\/uploads\/2020\/09\/a1510992025_10.jpg","datePublished":"2021-12-16T22:04:43+00:00","dateModified":"2024-06-24T17:00:25+00:00","description":"Second album du groupe, sorti en 2014. Avec la participation d'invit\u00e9s de qualit\u00e9 : Batbat Pallavas, G\u00e9ant Vert, Diabolo, Spi, B.Roy et Paul P\u00e9chenart.","breadcrumb":{"@id":"https:\/\/rockufo.fr\/product\/sous-tes-yeux\/#breadcrumb"},"inLanguage":"en-GB","potentialAction":[{"@type":"ReadAction","target":["https:\/\/rockufo.fr\/product\/sous-tes-yeux\/"]}]},{"@type":"ImageObject","inLanguage":"en-GB","@id":"https:\/\/rockufo.fr\/product\/sous-tes-yeux\/#primaryimage","url":"https:\/\/rockufo.fr\/wp-content\/uploads\/2020\/09\/a1510992025_10.jpg","contentUrl":"https:\/\/rockufo.fr\/wp-content\/uploads\/2020\/09\/a1510992025_10.jpg","width":1020,"height":1040},{"@type":"BreadcrumbList","@id":"https:\/\/rockufo.fr\/product\/sous-tes-yeux\/#breadcrumb","itemListElement":[{"@type":"ListItem","position":1,"name":"Accueil","item":"https:\/\/rockufo.fr\/"},{"@type":"ListItem","position":2,"name":"Nos r\u00e9f\u00e9rences","item":"https:\/\/rockufo.fr\/"},{"@type":"ListItem","position":3,"name":"Sous tes yeux"}]},{"@type":"WebSite","@id":"https:\/\/rockufo.fr\/#website","url":"https:\/\/rockufo.fr\/","name":"Rock'n'roll UFO","description":"Distro punk\/rock de l&#039;espace.","publisher":{"@id":"https:\/\/rockufo.fr\/#organization"},"alternateName":"Rock UFO","potentialAction":[{"@type":"SearchAction","target":{"@type":"EntryPoint","urlTemplate":"https:\/\/rockufo.fr\/?s={search_term_string}"},"query-input":{"@type":"PropertyValueSpecification","valueRequired":true,"valueName":"search_term_string"}}],"inLanguage":"en-GB"},{"@type":"Organization","@id":"https:\/\/rockufo.fr\/#organization","name":"Rock'n'roll UFO","alternateName":"Rock UFO","url":"https:\/\/rockufo.fr\/","logo":{"@type":"ImageObject","inLanguage":"en-GB","@id":"https:\/\/rockufo.fr\/#\/schema\/logo\/image\/","url":"https:\/\/rockufo.fr\/wp-content\/uploads\/2022\/01\/logo_pdf.png","contentUrl":"https:\/\/rockufo.fr\/wp-content\/uploads\/2022\/01\/logo_pdf.png","width":250,"height":250,"caption":"Rock'n'roll UFO"},"image":{"@id":"https:\/\/rockufo.fr\/#\/schema\/logo\/image\/"},"sameAs":["https:\/\/www.facebook.com\/rocknrollufo","https:\/\/www.instagram.com\/rocknrollufo"]}]}},"_links":{"self":[{"href":"https:\/\/rockufo.fr\/en\/wp-json\/wp\/v2\/product\/887","targetHints":{"allow":["GET"]}}],"collection":[{"href":"https:\/\/rockufo.fr\/en\/wp-json\/wp\/v2\/product"}],"about":[{"href":"https:\/\/rockufo.fr\/en\/wp-json\/wp\/v2\/types\/product"}],"wp:featuredmedia":[{"embeddable":true,"href":"https:\/\/rockufo.fr\/en\/wp-json\/wp\/v2\/media\/686"}],"wp:attachment":[{"href":"https:\/\/rockufo.fr\/en\/wp-json\/wp\/v2\/media?parent=887"}],"wp:term":[{"taxonomy":"product_brand","embeddable":true,"href":"https:\/\/rockufo.fr\/en\/wp-json\/wp\/v2\/product_brand?post=887"},{"taxonomy":"product_cat","embeddable":true,"href":"https:\/\/rockufo.fr\/en\/wp-json\/wp\/v2\/product_cat?post=887"},{"taxonomy":"product_tag","embeddable":true,"href":"https:\/\/rockufo.fr\/en\/wp-json\/wp\/v2\/product_tag?post=887"}],"curies":[{"name":"wp","href":"https:\/\/api.w.org\/{rel}","templated":true}]}}