{"id":886,"date":"2021-12-16T23:01:52","date_gmt":"2021-12-16T22:01:52","guid":{"rendered":"http:\/\/rockufo.fr\/?post_type=product&#038;p=886"},"modified":"2026-04-03T18:58:50","modified_gmt":"2026-04-03T17:58:50","slug":"le-meilleur-album-du-monde","status":"publish","type":"product","link":"https:\/\/rockufo.fr\/en\/product\/le-meilleur-album-du-monde\/","title":{"rendered":"Le Meilleur Album Du Monde"},"content":{"rendered":"<p>Le premier album d&rsquo;effello &amp; les extraterrestres !<\/p>\n<p>Sobrement intitul\u00e9 \u00ab\u00a0<strong>Le Meilleur Album Du Monde<\/strong>\u00ab\u00a0, il comporte 15 chansons, a une dur\u00e9e de 40 minutes, est compos\u00e9 d&rsquo;un beau livret 12 pages avec les paroles et de jolies photos, et est bourr\u00e9 de tubes, de rock&rsquo;n&rsquo;roll, de guests et de joyeuset\u00e9s en tout genre.<\/p>\n<p>Mp3 download included.<\/p>\n<p>Disponible en <a href=\"https:\/\/rockufo.fr\/en\/product\/coffret-4-cd-quadricolor\/\">coffret 4 CD + \u00e9tui<\/a> pour 20\u20ac.<\/p>","protected":false},"excerpt":{"rendered":"<p>Le premier album d&rsquo;effello &amp; les extraterrestres ! Sobrement intitul\u00e9 \u00ab\u00a0Le Meilleur Album Du Monde\u00ab\u00a0, il comporte 15 chansons, a une dur\u00e9e de 40 minutes, est compos\u00e9 d&rsquo;un beau livret 12 pages avec les paroles et de jolies photos, et est bourr\u00e9 de tubes, de rock&rsquo;n&rsquo;roll, de guests et de joyeuset\u00e9s en tout genre. T\u00e9l\u00e9chargement [&hellip;]<\/p>\n","protected":false},"featured_media":297,"template":"","meta":{"_acf_changed":false},"product_brand":[],"product_cat":[112,76],"product_tag":[99],"class_list":{"0":"post-886","1":"product","2":"type-product","3":"status-publish","4":"has-post-thumbnail","6":"product_cat-les-1-euros","7":"product_cat-cd","8":"product_tag-cd","9":"product_shipping_class-cd","11":"first","12":"instock","13":"downloadable","14":"taxable","15":"shipping-taxable","16":"purchasable","17":"product-type-simple"},"acf":[],"yoast_head":"<!-- This site is optimized with the Yoast SEO plugin v27.4 - https:\/\/yoast.com\/product\/yoast-seo-wordpress\/ -->\n<title>effello &amp; les extraterrestres - Le Meilleur Album Du Monde - Rock&#039;n&#039;roll UFO<\/title>\n<meta name=\"description\" content=\"Le premier album d&#039;effello &amp; les extraterrestres ! Sobrement intitul\u00e9 &quot;Le Meilleur Album Du Monde&quot;, il comporte 15 chansons, a une dur\u00e9e de 40\" \/>\n<meta name=\"robots\" content=\"index, follow, max-snippet:-1, max-image-preview:large, max-video-preview:-1\" \/>\n<link rel=\"canonical\" href=\"https:\/\/rockufo.fr\/en\/product\/le-meilleur-album-du-monde\/\" \/>\n<meta property=\"og:locale\" content=\"en_GB\" \/>\n<meta property=\"og:type\" content=\"article\" \/>\n<meta property=\"og:title\" content=\"effello &amp; les extraterrestres - Le Meilleur Album Du Monde - Rock&#039;n&#039;roll UFO\" \/>\n<meta property=\"og:description\" content=\"Le premier album d&#039;effello &amp; les extraterrestres ! Sobrement intitul\u00e9 &quot;Le Meilleur Album Du Monde&quot;, il comporte 15 chansons, a une dur\u00e9e de 40\" \/>\n<meta property=\"og:url\" content=\"https:\/\/rockufo.fr\/en\/product\/le-meilleur-album-du-monde\/\" \/>\n<meta property=\"og:site_name\" content=\"Rock&#039;n&#039;roll UFO\" \/>\n<meta property=\"article:publisher\" content=\"https:\/\/www.facebook.com\/rocknrollufo\" \/>\n<meta property=\"article:modified_time\" content=\"2026-04-03T17:58:50+00:00\" \/>\n<meta property=\"og:image\" content=\"https:\/\/rockufo.fr\/wp-content\/uploads\/2017\/10\/livret__04-1024x1008.jpg\" \/>\n\t<meta property=\"og:image:width\" content=\"1024\" \/>\n\t<meta property=\"og:image:height\" content=\"1008\" \/>\n\t<meta property=\"og:image:type\" content=\"image\/jpeg\" \/>\n<meta name=\"twitter:card\" content=\"summary_large_image\" \/>\n<script type=\"application\/ld+json\" class=\"yoast-schema-graph\">{\"@context\":\"https:\\\/\\\/schema.org\",\"@graph\":[{\"@type\":\"WebPage\",\"@id\":\"https:\\\/\\\/rockufo.fr\\\/product\\\/le-meilleur-album-du-monde\\\/\",\"url\":\"https:\\\/\\\/rockufo.fr\\\/product\\\/le-meilleur-album-du-monde\\\/\",\"name\":\"effello & les extraterrestres - Le Meilleur Album Du Monde - Rock&#039;n&#039;roll UFO\",\"isPartOf\":{\"@id\":\"https:\\\/\\\/rockufo.fr\\\/#website\"},\"primaryImageOfPage\":{\"@id\":\"https:\\\/\\\/rockufo.fr\\\/product\\\/le-meilleur-album-du-monde\\\/#primaryimage\"},\"image\":{\"@id\":\"https:\\\/\\\/rockufo.fr\\\/product\\\/le-meilleur-album-du-monde\\\/#primaryimage\"},\"thumbnailUrl\":\"https:\\\/\\\/rockufo.fr\\\/wp-content\\\/uploads\\\/2017\\\/10\\\/livret__04-1024x1008.jpg\",\"datePublished\":\"2021-12-16T22:01:52+00:00\",\"dateModified\":\"2026-04-03T17:58:50+00:00\",\"description\":\"Le premier album d'effello &amp; les extraterrestres ! Sobrement intitul\u00e9 \\\"Le Meilleur Album Du Monde\\\", il comporte 15 chansons, a une dur\u00e9e de 40\",\"breadcrumb\":{\"@id\":\"https:\\\/\\\/rockufo.fr\\\/product\\\/le-meilleur-album-du-monde\\\/#breadcrumb\"},\"inLanguage\":\"en-GB\",\"potentialAction\":[{\"@type\":\"ReadAction\",\"target\":[\"https:\\\/\\\/rockufo.fr\\\/product\\\/le-meilleur-album-du-monde\\\/\"]}]},{\"@type\":\"ImageObject\",\"inLanguage\":\"en-GB\",\"@id\":\"https:\\\/\\\/rockufo.fr\\\/product\\\/le-meilleur-album-du-monde\\\/#primaryimage\",\"url\":\"https:\\\/\\\/rockufo.fr\\\/wp-content\\\/uploads\\\/2017\\\/10\\\/livret__04-1024x1008.jpg\",\"contentUrl\":\"https:\\\/\\\/rockufo.fr\\\/wp-content\\\/uploads\\\/2017\\\/10\\\/livret__04-1024x1008.jpg\",\"width\":1024,\"height\":1008},{\"@type\":\"BreadcrumbList\",\"@id\":\"https:\\\/\\\/rockufo.fr\\\/product\\\/le-meilleur-album-du-monde\\\/#breadcrumb\",\"itemListElement\":[{\"@type\":\"ListItem\",\"position\":1,\"name\":\"Accueil\",\"item\":\"https:\\\/\\\/rockufo.fr\\\/\"},{\"@type\":\"ListItem\",\"position\":2,\"name\":\"Nos r\u00e9f\u00e9rences\",\"item\":\"https:\\\/\\\/rockufo.fr\\\/\"},{\"@type\":\"ListItem\",\"position\":3,\"name\":\"Le Meilleur Album Du Monde\"}]},{\"@type\":\"WebSite\",\"@id\":\"https:\\\/\\\/rockufo.fr\\\/#website\",\"url\":\"https:\\\/\\\/rockufo.fr\\\/\",\"name\":\"Rock'n'roll UFO\",\"description\":\"Distro punk\\\/rock de l&#039;espace.\",\"publisher\":{\"@id\":\"https:\\\/\\\/rockufo.fr\\\/#organization\"},\"alternateName\":\"Rock UFO\",\"potentialAction\":[{\"@type\":\"SearchAction\",\"target\":{\"@type\":\"EntryPoint\",\"urlTemplate\":\"https:\\\/\\\/rockufo.fr\\\/?s={search_term_string}\"},\"query-input\":{\"@type\":\"PropertyValueSpecification\",\"valueRequired\":true,\"valueName\":\"search_term_string\"}}],\"inLanguage\":\"en-GB\"},{\"@type\":\"Organization\",\"@id\":\"https:\\\/\\\/rockufo.fr\\\/#organization\",\"name\":\"Rock'n'roll UFO\",\"alternateName\":\"Rock UFO\",\"url\":\"https:\\\/\\\/rockufo.fr\\\/\",\"logo\":{\"@type\":\"ImageObject\",\"inLanguage\":\"en-GB\",\"@id\":\"https:\\\/\\\/rockufo.fr\\\/#\\\/schema\\\/logo\\\/image\\\/\",\"url\":\"https:\\\/\\\/rockufo.fr\\\/wp-content\\\/uploads\\\/2022\\\/01\\\/logo_pdf.png\",\"contentUrl\":\"https:\\\/\\\/rockufo.fr\\\/wp-content\\\/uploads\\\/2022\\\/01\\\/logo_pdf.png\",\"width\":250,\"height\":250,\"caption\":\"Rock'n'roll UFO\"},\"image\":{\"@id\":\"https:\\\/\\\/rockufo.fr\\\/#\\\/schema\\\/logo\\\/image\\\/\"},\"sameAs\":[\"https:\\\/\\\/www.facebook.com\\\/rocknrollufo\",\"https:\\\/\\\/www.instagram.com\\\/rocknrollufo\"]}]}<\/script>\n<!-- \/ Yoast SEO plugin. -->","yoast_head_json":{"title":"effello & les extraterrestres - Le Meilleur Album Du Monde - Rock&#039;n&#039;roll UFO","description":"Le premier album d'effello &amp; les extraterrestres ! Sobrement intitul\u00e9 \"Le Meilleur Album Du Monde\", il comporte 15 chansons, a une dur\u00e9e de 40","robots":{"index":"index","follow":"follow","max-snippet":"max-snippet:-1","max-image-preview":"max-image-preview:large","max-video-preview":"max-video-preview:-1"},"canonical":"https:\/\/rockufo.fr\/en\/product\/le-meilleur-album-du-monde\/","og_locale":"en_GB","og_type":"article","og_title":"effello & les extraterrestres - Le Meilleur Album Du Monde - Rock&#039;n&#039;roll UFO","og_description":"Le premier album d'effello &amp; les extraterrestres ! Sobrement intitul\u00e9 \"Le Meilleur Album Du Monde\", il comporte 15 chansons, a une dur\u00e9e de 40","og_url":"https:\/\/rockufo.fr\/en\/product\/le-meilleur-album-du-monde\/","og_site_name":"Rock&#039;n&#039;roll UFO","article_publisher":"https:\/\/www.facebook.com\/rocknrollufo","article_modified_time":"2026-04-03T17:58:50+00:00","og_image":[{"width":1024,"height":1008,"url":"https:\/\/rockufo.fr\/wp-content\/uploads\/2017\/10\/livret__04-1024x1008.jpg","type":"image\/jpeg"}],"twitter_card":"summary_large_image","schema":{"@context":"https:\/\/schema.org","@graph":[{"@type":"WebPage","@id":"https:\/\/rockufo.fr\/product\/le-meilleur-album-du-monde\/","url":"https:\/\/rockufo.fr\/product\/le-meilleur-album-du-monde\/","name":"effello & les extraterrestres - Le Meilleur Album Du Monde - Rock&#039;n&#039;roll UFO","isPartOf":{"@id":"https:\/\/rockufo.fr\/#website"},"primaryImageOfPage":{"@id":"https:\/\/rockufo.fr\/product\/le-meilleur-album-du-monde\/#primaryimage"},"image":{"@id":"https:\/\/rockufo.fr\/product\/le-meilleur-album-du-monde\/#primaryimage"},"thumbnailUrl":"https:\/\/rockufo.fr\/wp-content\/uploads\/2017\/10\/livret__04-1024x1008.jpg","datePublished":"2021-12-16T22:01:52+00:00","dateModified":"2026-04-03T17:58:50+00:00","description":"Le premier album d'effello &amp; les extraterrestres ! Sobrement intitul\u00e9 \"Le Meilleur Album Du Monde\", il comporte 15 chansons, a une dur\u00e9e de 40","breadcrumb":{"@id":"https:\/\/rockufo.fr\/product\/le-meilleur-album-du-monde\/#breadcrumb"},"inLanguage":"en-GB","potentialAction":[{"@type":"ReadAction","target":["https:\/\/rockufo.fr\/product\/le-meilleur-album-du-monde\/"]}]},{"@type":"ImageObject","inLanguage":"en-GB","@id":"https:\/\/rockufo.fr\/product\/le-meilleur-album-du-monde\/#primaryimage","url":"https:\/\/rockufo.fr\/wp-content\/uploads\/2017\/10\/livret__04-1024x1008.jpg","contentUrl":"https:\/\/rockufo.fr\/wp-content\/uploads\/2017\/10\/livret__04-1024x1008.jpg","width":1024,"height":1008},{"@type":"BreadcrumbList","@id":"https:\/\/rockufo.fr\/product\/le-meilleur-album-du-monde\/#breadcrumb","itemListElement":[{"@type":"ListItem","position":1,"name":"Accueil","item":"https:\/\/rockufo.fr\/"},{"@type":"ListItem","position":2,"name":"Nos r\u00e9f\u00e9rences","item":"https:\/\/rockufo.fr\/"},{"@type":"ListItem","position":3,"name":"Le Meilleur Album Du Monde"}]},{"@type":"WebSite","@id":"https:\/\/rockufo.fr\/#website","url":"https:\/\/rockufo.fr\/","name":"Rock'n'roll UFO","description":"Distro punk\/rock de l&#039;espace.","publisher":{"@id":"https:\/\/rockufo.fr\/#organization"},"alternateName":"Rock UFO","potentialAction":[{"@type":"SearchAction","target":{"@type":"EntryPoint","urlTemplate":"https:\/\/rockufo.fr\/?s={search_term_string}"},"query-input":{"@type":"PropertyValueSpecification","valueRequired":true,"valueName":"search_term_string"}}],"inLanguage":"en-GB"},{"@type":"Organization","@id":"https:\/\/rockufo.fr\/#organization","name":"Rock'n'roll UFO","alternateName":"Rock UFO","url":"https:\/\/rockufo.fr\/","logo":{"@type":"ImageObject","inLanguage":"en-GB","@id":"https:\/\/rockufo.fr\/#\/schema\/logo\/image\/","url":"https:\/\/rockufo.fr\/wp-content\/uploads\/2022\/01\/logo_pdf.png","contentUrl":"https:\/\/rockufo.fr\/wp-content\/uploads\/2022\/01\/logo_pdf.png","width":250,"height":250,"caption":"Rock'n'roll UFO"},"image":{"@id":"https:\/\/rockufo.fr\/#\/schema\/logo\/image\/"},"sameAs":["https:\/\/www.facebook.com\/rocknrollufo","https:\/\/www.instagram.com\/rocknrollufo"]}]}},"_links":{"self":[{"href":"https:\/\/rockufo.fr\/en\/wp-json\/wp\/v2\/product\/886","targetHints":{"allow":["GET"]}}],"collection":[{"href":"https:\/\/rockufo.fr\/en\/wp-json\/wp\/v2\/product"}],"about":[{"href":"https:\/\/rockufo.fr\/en\/wp-json\/wp\/v2\/types\/product"}],"wp:featuredmedia":[{"embeddable":true,"href":"https:\/\/rockufo.fr\/en\/wp-json\/wp\/v2\/media\/297"}],"wp:attachment":[{"href":"https:\/\/rockufo.fr\/en\/wp-json\/wp\/v2\/media?parent=886"}],"wp:term":[{"taxonomy":"product_brand","embeddable":true,"href":"https:\/\/rockufo.fr\/en\/wp-json\/wp\/v2\/product_brand?post=886"},{"taxonomy":"product_cat","embeddable":true,"href":"https:\/\/rockufo.fr\/en\/wp-json\/wp\/v2\/product_cat?post=886"},{"taxonomy":"product_tag","embeddable":true,"href":"https:\/\/rockufo.fr\/en\/wp-json\/wp\/v2\/product_tag?post=886"}],"curies":[{"name":"wp","href":"https:\/\/api.w.org\/{rel}","templated":true}]}}