{"id":882,"date":"2021-12-16T22:57:52","date_gmt":"2021-12-16T21:57:52","guid":{"rendered":"http:\/\/rockufo.fr\/?post_type=product&#038;p=882"},"modified":"2025-09-17T22:38:45","modified_gmt":"2025-09-17T21:38:45","slug":"punk-rock-delucratif","status":"publish","type":"product","link":"https:\/\/rockufo.fr\/en\/product\/punk-rock-delucratif\/","title":{"rendered":"Punk-rock d\u00e9lucratif"},"content":{"rendered":"<p>Deuxi\u00e8me album mais premier CD, Punk-Rock D\u00e9lucratif r\u00e9pond parfaitement aux crit\u00e8res de quelque chose de cool. Si l&rsquo;on devait r\u00e9sumer l&rsquo;album en un seul de ses vers, \u00ab\u00a0On n&rsquo;a rien invent\u00e9 mais nous au moins on le sait\u00a0\u00bb serait le pr\u00e9cepte des Dead Boobs. Tant\u00f4t Iron Maidenisant, tant\u00f4t B\u00e9rurier Noirisant, tant\u00f4t Wampassisant, toutes les \u00e9curies sont repr\u00e9sent\u00e9es dans ce tierc\u00e9 musical gagnant gr\u00e2ce \u00e0 l&rsquo;habilet\u00e9 des jockeys de ce disque.<br \/>\nDe plus, l&rsquo;exigence de la qualit\u00e9 a offert \u00e0 cet opu une touche fraiche et savoureuse que seuls les savent.<br \/>\nD\u00e9p\u00eachez-vous il n&rsquo;en reste plus beaucoup.<\/p>\n<p>Mp3 download included.<br \/>\nDisponible en pack promo avec <a href=\"https:\/\/rockufo.fr\/en\/product\/tout-bruler\/\">le split Tabula Raza \/ Dead Boobs<\/a> pour 8\u20ac.<\/p>","protected":false},"excerpt":{"rendered":"<p>Deuxi\u00e8me album mais premier CD, Punk-Rock D\u00e9lucratif r\u00e9pond parfaitement aux crit\u00e8res de quelque chose de cool. Si l&rsquo;on devait r\u00e9sumer l&rsquo;album en un seul de ses vers, \u00ab\u00a0On n&rsquo;a rien invent\u00e9 mais nous au moins on le sait\u00a0\u00bb serait le pr\u00e9cepte des Dead Boobs. Tant\u00f4t Iron Maidenisant, tant\u00f4t B\u00e9rurier Noirisant, tant\u00f4t Wampassisant, toutes les \u00e9curies [&hellip;]<\/p>\n","protected":false},"featured_media":489,"template":"","meta":{"_acf_changed":false},"product_brand":[],"product_cat":[76,77],"product_tag":[99],"class_list":{"0":"post-882","1":"product","2":"type-product","3":"status-publish","4":"has-post-thumbnail","6":"product_cat-cd","7":"product_cat-promos","8":"product_tag-cd","10":"first","11":"instock","12":"taxable","13":"shipping-taxable","14":"purchasable","15":"product-type-variable"},"acf":[],"yoast_head":"<!-- This site is optimized with the Yoast SEO plugin v27.3 - https:\/\/yoast.com\/product\/yoast-seo-wordpress\/ -->\n<title>Les Dead Boobs - Punk-rock d\u00e9lucratif - Rock&#039;n&#039;roll UFO<\/title>\n<meta name=\"description\" content=\"Deuxi\u00e8me album mais premier CD, Punk-Rock D\u00e9lucratif r\u00e9pond parfaitement aux crit\u00e8res de quelque chose de cool. Si l&#039;on devait r\u00e9sumer l&#039;album en un seul\" \/>\n<meta name=\"robots\" content=\"index, follow, max-snippet:-1, max-image-preview:large, max-video-preview:-1\" \/>\n<link rel=\"canonical\" href=\"https:\/\/rockufo.fr\/en\/product\/punk-rock-delucratif\/\" \/>\n<meta property=\"og:locale\" content=\"en_GB\" \/>\n<meta property=\"og:type\" content=\"article\" \/>\n<meta property=\"og:title\" content=\"Les Dead Boobs - Punk-rock d\u00e9lucratif - Rock&#039;n&#039;roll UFO\" \/>\n<meta property=\"og:description\" content=\"Deuxi\u00e8me album mais premier CD, Punk-Rock D\u00e9lucratif r\u00e9pond parfaitement aux crit\u00e8res de quelque chose de cool. Si l&#039;on devait r\u00e9sumer l&#039;album en un seul\" \/>\n<meta property=\"og:url\" content=\"https:\/\/rockufo.fr\/en\/product\/punk-rock-delucratif\/\" \/>\n<meta property=\"og:site_name\" content=\"Rock&#039;n&#039;roll UFO\" \/>\n<meta property=\"article:publisher\" content=\"https:\/\/www.facebook.com\/rocknrollufo\" \/>\n<meta property=\"article:modified_time\" content=\"2025-09-17T21:38:45+00:00\" \/>\n<meta property=\"og:image\" content=\"https:\/\/rockufo.fr\/wp-content\/uploads\/2019\/04\/dead_boobs.jpg\" \/>\n\t<meta property=\"og:image:width\" content=\"1200\" \/>\n\t<meta property=\"og:image:height\" content=\"1200\" \/>\n\t<meta property=\"og:image:type\" content=\"image\/jpeg\" \/>\n<meta name=\"twitter:card\" content=\"summary_large_image\" \/>\n<meta name=\"twitter:label1\" content=\"Estimated reading time\" \/>\n\t<meta name=\"twitter:data1\" content=\"1 minute\" \/>\n<script type=\"application\/ld+json\" class=\"yoast-schema-graph\">{\"@context\":\"https:\\\/\\\/schema.org\",\"@graph\":[{\"@type\":\"WebPage\",\"@id\":\"https:\\\/\\\/rockufo.fr\\\/product\\\/punk-rock-delucratif\\\/\",\"url\":\"https:\\\/\\\/rockufo.fr\\\/product\\\/punk-rock-delucratif\\\/\",\"name\":\"Les Dead Boobs - Punk-rock d\u00e9lucratif - Rock&#039;n&#039;roll UFO\",\"isPartOf\":{\"@id\":\"https:\\\/\\\/rockufo.fr\\\/#website\"},\"primaryImageOfPage\":{\"@id\":\"https:\\\/\\\/rockufo.fr\\\/product\\\/punk-rock-delucratif\\\/#primaryimage\"},\"image\":{\"@id\":\"https:\\\/\\\/rockufo.fr\\\/product\\\/punk-rock-delucratif\\\/#primaryimage\"},\"thumbnailUrl\":\"https:\\\/\\\/rockufo.fr\\\/wp-content\\\/uploads\\\/2019\\\/04\\\/dead_boobs.jpg\",\"datePublished\":\"2021-12-16T21:57:52+00:00\",\"dateModified\":\"2025-09-17T21:38:45+00:00\",\"description\":\"Deuxi\u00e8me album mais premier CD, Punk-Rock D\u00e9lucratif r\u00e9pond parfaitement aux crit\u00e8res de quelque chose de cool. Si l'on devait r\u00e9sumer l'album en un seul\",\"breadcrumb\":{\"@id\":\"https:\\\/\\\/rockufo.fr\\\/product\\\/punk-rock-delucratif\\\/#breadcrumb\"},\"inLanguage\":\"en-GB\",\"potentialAction\":[{\"@type\":\"ReadAction\",\"target\":[\"https:\\\/\\\/rockufo.fr\\\/product\\\/punk-rock-delucratif\\\/\"]}]},{\"@type\":\"ImageObject\",\"inLanguage\":\"en-GB\",\"@id\":\"https:\\\/\\\/rockufo.fr\\\/product\\\/punk-rock-delucratif\\\/#primaryimage\",\"url\":\"https:\\\/\\\/rockufo.fr\\\/wp-content\\\/uploads\\\/2019\\\/04\\\/dead_boobs.jpg\",\"contentUrl\":\"https:\\\/\\\/rockufo.fr\\\/wp-content\\\/uploads\\\/2019\\\/04\\\/dead_boobs.jpg\",\"width\":1200,\"height\":1200},{\"@type\":\"BreadcrumbList\",\"@id\":\"https:\\\/\\\/rockufo.fr\\\/product\\\/punk-rock-delucratif\\\/#breadcrumb\",\"itemListElement\":[{\"@type\":\"ListItem\",\"position\":1,\"name\":\"Accueil\",\"item\":\"https:\\\/\\\/rockufo.fr\\\/\"},{\"@type\":\"ListItem\",\"position\":2,\"name\":\"Nos r\u00e9f\u00e9rences\",\"item\":\"https:\\\/\\\/rockufo.fr\\\/\"},{\"@type\":\"ListItem\",\"position\":3,\"name\":\"Punk-rock d\u00e9lucratif\"}]},{\"@type\":\"WebSite\",\"@id\":\"https:\\\/\\\/rockufo.fr\\\/#website\",\"url\":\"https:\\\/\\\/rockufo.fr\\\/\",\"name\":\"Rock'n'roll UFO\",\"description\":\"Distro punk\\\/rock de l&#039;espace.\",\"publisher\":{\"@id\":\"https:\\\/\\\/rockufo.fr\\\/#organization\"},\"alternateName\":\"Rock UFO\",\"potentialAction\":[{\"@type\":\"SearchAction\",\"target\":{\"@type\":\"EntryPoint\",\"urlTemplate\":\"https:\\\/\\\/rockufo.fr\\\/?s={search_term_string}\"},\"query-input\":{\"@type\":\"PropertyValueSpecification\",\"valueRequired\":true,\"valueName\":\"search_term_string\"}}],\"inLanguage\":\"en-GB\"},{\"@type\":\"Organization\",\"@id\":\"https:\\\/\\\/rockufo.fr\\\/#organization\",\"name\":\"Rock'n'roll UFO\",\"alternateName\":\"Rock UFO\",\"url\":\"https:\\\/\\\/rockufo.fr\\\/\",\"logo\":{\"@type\":\"ImageObject\",\"inLanguage\":\"en-GB\",\"@id\":\"https:\\\/\\\/rockufo.fr\\\/#\\\/schema\\\/logo\\\/image\\\/\",\"url\":\"https:\\\/\\\/rockufo.fr\\\/wp-content\\\/uploads\\\/2022\\\/01\\\/logo_pdf.png\",\"contentUrl\":\"https:\\\/\\\/rockufo.fr\\\/wp-content\\\/uploads\\\/2022\\\/01\\\/logo_pdf.png\",\"width\":250,\"height\":250,\"caption\":\"Rock'n'roll UFO\"},\"image\":{\"@id\":\"https:\\\/\\\/rockufo.fr\\\/#\\\/schema\\\/logo\\\/image\\\/\"},\"sameAs\":[\"https:\\\/\\\/www.facebook.com\\\/rocknrollufo\",\"https:\\\/\\\/www.instagram.com\\\/rocknrollufo\"]}]}<\/script>\n<!-- \/ Yoast SEO plugin. -->","yoast_head_json":{"title":"Les Dead Boobs - Punk-rock d\u00e9lucratif - Rock&#039;n&#039;roll UFO","description":"Deuxi\u00e8me album mais premier CD, Punk-Rock D\u00e9lucratif r\u00e9pond parfaitement aux crit\u00e8res de quelque chose de cool. Si l'on devait r\u00e9sumer l'album en un seul","robots":{"index":"index","follow":"follow","max-snippet":"max-snippet:-1","max-image-preview":"max-image-preview:large","max-video-preview":"max-video-preview:-1"},"canonical":"https:\/\/rockufo.fr\/en\/product\/punk-rock-delucratif\/","og_locale":"en_GB","og_type":"article","og_title":"Les Dead Boobs - Punk-rock d\u00e9lucratif - Rock&#039;n&#039;roll UFO","og_description":"Deuxi\u00e8me album mais premier CD, Punk-Rock D\u00e9lucratif r\u00e9pond parfaitement aux crit\u00e8res de quelque chose de cool. Si l'on devait r\u00e9sumer l'album en un seul","og_url":"https:\/\/rockufo.fr\/en\/product\/punk-rock-delucratif\/","og_site_name":"Rock&#039;n&#039;roll UFO","article_publisher":"https:\/\/www.facebook.com\/rocknrollufo","article_modified_time":"2025-09-17T21:38:45+00:00","og_image":[{"width":1200,"height":1200,"url":"https:\/\/rockufo.fr\/wp-content\/uploads\/2019\/04\/dead_boobs.jpg","type":"image\/jpeg"}],"twitter_card":"summary_large_image","twitter_misc":{"Estimated reading time":"1 minute"},"schema":{"@context":"https:\/\/schema.org","@graph":[{"@type":"WebPage","@id":"https:\/\/rockufo.fr\/product\/punk-rock-delucratif\/","url":"https:\/\/rockufo.fr\/product\/punk-rock-delucratif\/","name":"Les Dead Boobs - Punk-rock d\u00e9lucratif - Rock&#039;n&#039;roll UFO","isPartOf":{"@id":"https:\/\/rockufo.fr\/#website"},"primaryImageOfPage":{"@id":"https:\/\/rockufo.fr\/product\/punk-rock-delucratif\/#primaryimage"},"image":{"@id":"https:\/\/rockufo.fr\/product\/punk-rock-delucratif\/#primaryimage"},"thumbnailUrl":"https:\/\/rockufo.fr\/wp-content\/uploads\/2019\/04\/dead_boobs.jpg","datePublished":"2021-12-16T21:57:52+00:00","dateModified":"2025-09-17T21:38:45+00:00","description":"Deuxi\u00e8me album mais premier CD, Punk-Rock D\u00e9lucratif r\u00e9pond parfaitement aux crit\u00e8res de quelque chose de cool. Si l'on devait r\u00e9sumer l'album en un seul","breadcrumb":{"@id":"https:\/\/rockufo.fr\/product\/punk-rock-delucratif\/#breadcrumb"},"inLanguage":"en-GB","potentialAction":[{"@type":"ReadAction","target":["https:\/\/rockufo.fr\/product\/punk-rock-delucratif\/"]}]},{"@type":"ImageObject","inLanguage":"en-GB","@id":"https:\/\/rockufo.fr\/product\/punk-rock-delucratif\/#primaryimage","url":"https:\/\/rockufo.fr\/wp-content\/uploads\/2019\/04\/dead_boobs.jpg","contentUrl":"https:\/\/rockufo.fr\/wp-content\/uploads\/2019\/04\/dead_boobs.jpg","width":1200,"height":1200},{"@type":"BreadcrumbList","@id":"https:\/\/rockufo.fr\/product\/punk-rock-delucratif\/#breadcrumb","itemListElement":[{"@type":"ListItem","position":1,"name":"Accueil","item":"https:\/\/rockufo.fr\/"},{"@type":"ListItem","position":2,"name":"Nos r\u00e9f\u00e9rences","item":"https:\/\/rockufo.fr\/"},{"@type":"ListItem","position":3,"name":"Punk-rock d\u00e9lucratif"}]},{"@type":"WebSite","@id":"https:\/\/rockufo.fr\/#website","url":"https:\/\/rockufo.fr\/","name":"Rock'n'roll UFO","description":"Distro punk\/rock de l&#039;espace.","publisher":{"@id":"https:\/\/rockufo.fr\/#organization"},"alternateName":"Rock UFO","potentialAction":[{"@type":"SearchAction","target":{"@type":"EntryPoint","urlTemplate":"https:\/\/rockufo.fr\/?s={search_term_string}"},"query-input":{"@type":"PropertyValueSpecification","valueRequired":true,"valueName":"search_term_string"}}],"inLanguage":"en-GB"},{"@type":"Organization","@id":"https:\/\/rockufo.fr\/#organization","name":"Rock'n'roll UFO","alternateName":"Rock UFO","url":"https:\/\/rockufo.fr\/","logo":{"@type":"ImageObject","inLanguage":"en-GB","@id":"https:\/\/rockufo.fr\/#\/schema\/logo\/image\/","url":"https:\/\/rockufo.fr\/wp-content\/uploads\/2022\/01\/logo_pdf.png","contentUrl":"https:\/\/rockufo.fr\/wp-content\/uploads\/2022\/01\/logo_pdf.png","width":250,"height":250,"caption":"Rock'n'roll UFO"},"image":{"@id":"https:\/\/rockufo.fr\/#\/schema\/logo\/image\/"},"sameAs":["https:\/\/www.facebook.com\/rocknrollufo","https:\/\/www.instagram.com\/rocknrollufo"]}]}},"_links":{"self":[{"href":"https:\/\/rockufo.fr\/en\/wp-json\/wp\/v2\/product\/882","targetHints":{"allow":["GET"]}}],"collection":[{"href":"https:\/\/rockufo.fr\/en\/wp-json\/wp\/v2\/product"}],"about":[{"href":"https:\/\/rockufo.fr\/en\/wp-json\/wp\/v2\/types\/product"}],"wp:featuredmedia":[{"embeddable":true,"href":"https:\/\/rockufo.fr\/en\/wp-json\/wp\/v2\/media\/489"}],"wp:attachment":[{"href":"https:\/\/rockufo.fr\/en\/wp-json\/wp\/v2\/media?parent=882"}],"wp:term":[{"taxonomy":"product_brand","embeddable":true,"href":"https:\/\/rockufo.fr\/en\/wp-json\/wp\/v2\/product_brand?post=882"},{"taxonomy":"product_cat","embeddable":true,"href":"https:\/\/rockufo.fr\/en\/wp-json\/wp\/v2\/product_cat?post=882"},{"taxonomy":"product_tag","embeddable":true,"href":"https:\/\/rockufo.fr\/en\/wp-json\/wp\/v2\/product_tag?post=882"}],"curies":[{"name":"wp","href":"https:\/\/api.w.org\/{rel}","templated":true}]}}