{"id":881,"date":"2021-12-16T22:51:55","date_gmt":"2021-12-16T21:51:55","guid":{"rendered":"http:\/\/rockufo.fr\/?post_type=product&#038;p=881"},"modified":"2026-04-01T20:31:28","modified_gmt":"2026-04-01T19:31:28","slug":"le-point-de-bascule","status":"publish","type":"product","link":"https:\/\/rockufo.fr\/en\/product\/le-point-de-bascule\/","title":{"rendered":"Le Point De Bascule"},"content":{"rendered":"<p>Premier disque de cette nouvelle aventure pour des Princes d\u00e9chus.<br \/>\n22 titres, dont seulement 4 fois le m\u00eame. Engag\u00e9, scatophile, po\u00e9tique, \u00e9thylique, incompr\u00e9hensible&#8230; il y en a pour tous les go\u00fbts, \u00e0 d\u00e9faut malheureusement du bon.<br \/>\nDerri\u00e8re la production \u00ab\u00a0blitzkrieg\u00a0\u00bb de Joshua Hudes, du punk, du rock, des guitares un peu m\u00e9talliques et un clavier tr\u00e8s monophonique.<br \/>\nCe beau Digipack avec son livret 12 pages peut aussi servir de sous-bock ou de nourriture pour lapins.<\/p>\n<p>Mp3 download included.<\/p>","protected":false},"excerpt":{"rendered":"<p>Premier disque de cette nouvelle aventure pour des Princes d\u00e9chus. 22 titres, dont seulement 4 fois le m\u00eame. Engag\u00e9, scatophile, po\u00e9tique, \u00e9thylique, incompr\u00e9hensible&#8230; il y en a pour tous les go\u00fbts, \u00e0 d\u00e9faut malheureusement du bon. Derri\u00e8re la production \u00ab\u00a0blitzkrieg\u00a0\u00bb de Joshua Hudes, du punk, du rock, des guitares un peu m\u00e9talliques et un clavier [&hellip;]<\/p>\n","protected":false},"featured_media":346,"template":"","meta":{"_acf_changed":false},"product_brand":[],"product_cat":[76],"product_tag":[99],"class_list":{"0":"post-881","1":"product","2":"type-product","3":"status-publish","4":"has-post-thumbnail","6":"product_cat-cd","7":"product_tag-cd","8":"product_shipping_class-cd","10":"first","11":"instock","12":"downloadable","13":"taxable","14":"shipping-taxable","15":"purchasable","16":"product-type-simple"},"acf":[],"yoast_head":"<!-- This site is optimized with the Yoast SEO plugin v27.4 - https:\/\/yoast.com\/product\/yoast-seo-wordpress\/ -->\n<title>LPDB - Le Point De Bascule - Rock&#039;n&#039;roll UFO<\/title>\n<meta name=\"description\" content=\"Premier disque de cette nouvelle aventure pour des Princes d\u00e9chus. 22 titres, dont seulement 4 fois le m\u00eame. Engag\u00e9, scatophile, po\u00e9tique, \u00e9thylique,\" \/>\n<meta name=\"robots\" content=\"index, follow, max-snippet:-1, max-image-preview:large, max-video-preview:-1\" \/>\n<link rel=\"canonical\" href=\"https:\/\/rockufo.fr\/en\/product\/le-point-de-bascule\/\" \/>\n<meta property=\"og:locale\" content=\"en_GB\" \/>\n<meta property=\"og:type\" content=\"article\" \/>\n<meta property=\"og:title\" content=\"LPDB - Le Point De Bascule - Rock&#039;n&#039;roll UFO\" \/>\n<meta property=\"og:description\" content=\"Premier disque de cette nouvelle aventure pour des Princes d\u00e9chus. 22 titres, dont seulement 4 fois le m\u00eame. Engag\u00e9, scatophile, po\u00e9tique, \u00e9thylique,\" \/>\n<meta property=\"og:url\" content=\"https:\/\/rockufo.fr\/en\/product\/le-point-de-bascule\/\" \/>\n<meta property=\"og:site_name\" content=\"Rock&#039;n&#039;roll UFO\" \/>\n<meta property=\"article:publisher\" content=\"https:\/\/www.facebook.com\/rocknrollufo\" \/>\n<meta property=\"article:modified_time\" content=\"2026-04-01T19:31:28+00:00\" \/>\n<meta property=\"og:image\" content=\"https:\/\/rockufo.fr\/wp-content\/uploads\/2017\/11\/pointDeBascule.png\" \/>\n\t<meta property=\"og:image:width\" content=\"1500\" \/>\n\t<meta property=\"og:image:height\" content=\"1500\" \/>\n\t<meta property=\"og:image:type\" content=\"image\/png\" \/>\n<meta name=\"twitter:card\" content=\"summary_large_image\" \/>\n<script type=\"application\/ld+json\" class=\"yoast-schema-graph\">{\"@context\":\"https:\\\/\\\/schema.org\",\"@graph\":[{\"@type\":\"WebPage\",\"@id\":\"https:\\\/\\\/rockufo.fr\\\/product\\\/le-point-de-bascule\\\/\",\"url\":\"https:\\\/\\\/rockufo.fr\\\/product\\\/le-point-de-bascule\\\/\",\"name\":\"LPDB - Le Point De Bascule - Rock&#039;n&#039;roll UFO\",\"isPartOf\":{\"@id\":\"https:\\\/\\\/rockufo.fr\\\/#website\"},\"primaryImageOfPage\":{\"@id\":\"https:\\\/\\\/rockufo.fr\\\/product\\\/le-point-de-bascule\\\/#primaryimage\"},\"image\":{\"@id\":\"https:\\\/\\\/rockufo.fr\\\/product\\\/le-point-de-bascule\\\/#primaryimage\"},\"thumbnailUrl\":\"https:\\\/\\\/rockufo.fr\\\/wp-content\\\/uploads\\\/2017\\\/11\\\/pointDeBascule.png\",\"datePublished\":\"2021-12-16T21:51:55+00:00\",\"dateModified\":\"2026-04-01T19:31:28+00:00\",\"description\":\"Premier disque de cette nouvelle aventure pour des Princes d\u00e9chus. 22 titres, dont seulement 4 fois le m\u00eame. Engag\u00e9, scatophile, po\u00e9tique, \u00e9thylique,\",\"breadcrumb\":{\"@id\":\"https:\\\/\\\/rockufo.fr\\\/product\\\/le-point-de-bascule\\\/#breadcrumb\"},\"inLanguage\":\"en-GB\",\"potentialAction\":[{\"@type\":\"ReadAction\",\"target\":[\"https:\\\/\\\/rockufo.fr\\\/product\\\/le-point-de-bascule\\\/\"]}]},{\"@type\":\"ImageObject\",\"inLanguage\":\"en-GB\",\"@id\":\"https:\\\/\\\/rockufo.fr\\\/product\\\/le-point-de-bascule\\\/#primaryimage\",\"url\":\"https:\\\/\\\/rockufo.fr\\\/wp-content\\\/uploads\\\/2017\\\/11\\\/pointDeBascule.png\",\"contentUrl\":\"https:\\\/\\\/rockufo.fr\\\/wp-content\\\/uploads\\\/2017\\\/11\\\/pointDeBascule.png\",\"width\":1500,\"height\":1500},{\"@type\":\"BreadcrumbList\",\"@id\":\"https:\\\/\\\/rockufo.fr\\\/product\\\/le-point-de-bascule\\\/#breadcrumb\",\"itemListElement\":[{\"@type\":\"ListItem\",\"position\":1,\"name\":\"Accueil\",\"item\":\"https:\\\/\\\/rockufo.fr\\\/\"},{\"@type\":\"ListItem\",\"position\":2,\"name\":\"Nos r\u00e9f\u00e9rences\",\"item\":\"https:\\\/\\\/rockufo.fr\\\/\"},{\"@type\":\"ListItem\",\"position\":3,\"name\":\"Le Point De Bascule\"}]},{\"@type\":\"WebSite\",\"@id\":\"https:\\\/\\\/rockufo.fr\\\/#website\",\"url\":\"https:\\\/\\\/rockufo.fr\\\/\",\"name\":\"Rock'n'roll UFO\",\"description\":\"Distro punk\\\/rock de l&#039;espace.\",\"publisher\":{\"@id\":\"https:\\\/\\\/rockufo.fr\\\/#organization\"},\"alternateName\":\"Rock UFO\",\"potentialAction\":[{\"@type\":\"SearchAction\",\"target\":{\"@type\":\"EntryPoint\",\"urlTemplate\":\"https:\\\/\\\/rockufo.fr\\\/?s={search_term_string}\"},\"query-input\":{\"@type\":\"PropertyValueSpecification\",\"valueRequired\":true,\"valueName\":\"search_term_string\"}}],\"inLanguage\":\"en-GB\"},{\"@type\":\"Organization\",\"@id\":\"https:\\\/\\\/rockufo.fr\\\/#organization\",\"name\":\"Rock'n'roll UFO\",\"alternateName\":\"Rock UFO\",\"url\":\"https:\\\/\\\/rockufo.fr\\\/\",\"logo\":{\"@type\":\"ImageObject\",\"inLanguage\":\"en-GB\",\"@id\":\"https:\\\/\\\/rockufo.fr\\\/#\\\/schema\\\/logo\\\/image\\\/\",\"url\":\"https:\\\/\\\/rockufo.fr\\\/wp-content\\\/uploads\\\/2022\\\/01\\\/logo_pdf.png\",\"contentUrl\":\"https:\\\/\\\/rockufo.fr\\\/wp-content\\\/uploads\\\/2022\\\/01\\\/logo_pdf.png\",\"width\":250,\"height\":250,\"caption\":\"Rock'n'roll UFO\"},\"image\":{\"@id\":\"https:\\\/\\\/rockufo.fr\\\/#\\\/schema\\\/logo\\\/image\\\/\"},\"sameAs\":[\"https:\\\/\\\/www.facebook.com\\\/rocknrollufo\",\"https:\\\/\\\/www.instagram.com\\\/rocknrollufo\"]}]}<\/script>\n<!-- \/ Yoast SEO plugin. -->","yoast_head_json":{"title":"LPDB - Le Point De Bascule - Rock&#039;n&#039;roll UFO","description":"Premier disque de cette nouvelle aventure pour des Princes d\u00e9chus. 22 titres, dont seulement 4 fois le m\u00eame. Engag\u00e9, scatophile, po\u00e9tique, \u00e9thylique,","robots":{"index":"index","follow":"follow","max-snippet":"max-snippet:-1","max-image-preview":"max-image-preview:large","max-video-preview":"max-video-preview:-1"},"canonical":"https:\/\/rockufo.fr\/en\/product\/le-point-de-bascule\/","og_locale":"en_GB","og_type":"article","og_title":"LPDB - Le Point De Bascule - Rock&#039;n&#039;roll UFO","og_description":"Premier disque de cette nouvelle aventure pour des Princes d\u00e9chus. 22 titres, dont seulement 4 fois le m\u00eame. Engag\u00e9, scatophile, po\u00e9tique, \u00e9thylique,","og_url":"https:\/\/rockufo.fr\/en\/product\/le-point-de-bascule\/","og_site_name":"Rock&#039;n&#039;roll UFO","article_publisher":"https:\/\/www.facebook.com\/rocknrollufo","article_modified_time":"2026-04-01T19:31:28+00:00","og_image":[{"width":1500,"height":1500,"url":"https:\/\/rockufo.fr\/wp-content\/uploads\/2017\/11\/pointDeBascule.png","type":"image\/png"}],"twitter_card":"summary_large_image","schema":{"@context":"https:\/\/schema.org","@graph":[{"@type":"WebPage","@id":"https:\/\/rockufo.fr\/product\/le-point-de-bascule\/","url":"https:\/\/rockufo.fr\/product\/le-point-de-bascule\/","name":"LPDB - Le Point De Bascule - Rock&#039;n&#039;roll UFO","isPartOf":{"@id":"https:\/\/rockufo.fr\/#website"},"primaryImageOfPage":{"@id":"https:\/\/rockufo.fr\/product\/le-point-de-bascule\/#primaryimage"},"image":{"@id":"https:\/\/rockufo.fr\/product\/le-point-de-bascule\/#primaryimage"},"thumbnailUrl":"https:\/\/rockufo.fr\/wp-content\/uploads\/2017\/11\/pointDeBascule.png","datePublished":"2021-12-16T21:51:55+00:00","dateModified":"2026-04-01T19:31:28+00:00","description":"Premier disque de cette nouvelle aventure pour des Princes d\u00e9chus. 22 titres, dont seulement 4 fois le m\u00eame. Engag\u00e9, scatophile, po\u00e9tique, \u00e9thylique,","breadcrumb":{"@id":"https:\/\/rockufo.fr\/product\/le-point-de-bascule\/#breadcrumb"},"inLanguage":"en-GB","potentialAction":[{"@type":"ReadAction","target":["https:\/\/rockufo.fr\/product\/le-point-de-bascule\/"]}]},{"@type":"ImageObject","inLanguage":"en-GB","@id":"https:\/\/rockufo.fr\/product\/le-point-de-bascule\/#primaryimage","url":"https:\/\/rockufo.fr\/wp-content\/uploads\/2017\/11\/pointDeBascule.png","contentUrl":"https:\/\/rockufo.fr\/wp-content\/uploads\/2017\/11\/pointDeBascule.png","width":1500,"height":1500},{"@type":"BreadcrumbList","@id":"https:\/\/rockufo.fr\/product\/le-point-de-bascule\/#breadcrumb","itemListElement":[{"@type":"ListItem","position":1,"name":"Accueil","item":"https:\/\/rockufo.fr\/"},{"@type":"ListItem","position":2,"name":"Nos r\u00e9f\u00e9rences","item":"https:\/\/rockufo.fr\/"},{"@type":"ListItem","position":3,"name":"Le Point De Bascule"}]},{"@type":"WebSite","@id":"https:\/\/rockufo.fr\/#website","url":"https:\/\/rockufo.fr\/","name":"Rock'n'roll UFO","description":"Distro punk\/rock de l&#039;espace.","publisher":{"@id":"https:\/\/rockufo.fr\/#organization"},"alternateName":"Rock UFO","potentialAction":[{"@type":"SearchAction","target":{"@type":"EntryPoint","urlTemplate":"https:\/\/rockufo.fr\/?s={search_term_string}"},"query-input":{"@type":"PropertyValueSpecification","valueRequired":true,"valueName":"search_term_string"}}],"inLanguage":"en-GB"},{"@type":"Organization","@id":"https:\/\/rockufo.fr\/#organization","name":"Rock'n'roll UFO","alternateName":"Rock UFO","url":"https:\/\/rockufo.fr\/","logo":{"@type":"ImageObject","inLanguage":"en-GB","@id":"https:\/\/rockufo.fr\/#\/schema\/logo\/image\/","url":"https:\/\/rockufo.fr\/wp-content\/uploads\/2022\/01\/logo_pdf.png","contentUrl":"https:\/\/rockufo.fr\/wp-content\/uploads\/2022\/01\/logo_pdf.png","width":250,"height":250,"caption":"Rock'n'roll UFO"},"image":{"@id":"https:\/\/rockufo.fr\/#\/schema\/logo\/image\/"},"sameAs":["https:\/\/www.facebook.com\/rocknrollufo","https:\/\/www.instagram.com\/rocknrollufo"]}]}},"_links":{"self":[{"href":"https:\/\/rockufo.fr\/en\/wp-json\/wp\/v2\/product\/881","targetHints":{"allow":["GET"]}}],"collection":[{"href":"https:\/\/rockufo.fr\/en\/wp-json\/wp\/v2\/product"}],"about":[{"href":"https:\/\/rockufo.fr\/en\/wp-json\/wp\/v2\/types\/product"}],"wp:featuredmedia":[{"embeddable":true,"href":"https:\/\/rockufo.fr\/en\/wp-json\/wp\/v2\/media\/346"}],"wp:attachment":[{"href":"https:\/\/rockufo.fr\/en\/wp-json\/wp\/v2\/media?parent=881"}],"wp:term":[{"taxonomy":"product_brand","embeddable":true,"href":"https:\/\/rockufo.fr\/en\/wp-json\/wp\/v2\/product_brand?post=881"},{"taxonomy":"product_cat","embeddable":true,"href":"https:\/\/rockufo.fr\/en\/wp-json\/wp\/v2\/product_cat?post=881"},{"taxonomy":"product_tag","embeddable":true,"href":"https:\/\/rockufo.fr\/en\/wp-json\/wp\/v2\/product_tag?post=881"}],"curies":[{"name":"wp","href":"https:\/\/api.w.org\/{rel}","templated":true}]}}