{"id":880,"date":"2021-12-16T22:48:50","date_gmt":"2021-12-16T21:48:50","guid":{"rendered":"http:\/\/rockufo.fr\/?post_type=product&#038;p=880"},"modified":"2026-04-03T18:58:49","modified_gmt":"2026-04-03T17:58:49","slug":"troisieme-album","status":"publish","type":"product","link":"https:\/\/rockufo.fr\/en\/product\/troisieme-album\/","title":{"rendered":"Troisi\u00e8me album"},"content":{"rendered":"<p>effello et les extraterrestres poursuivent leur petit bonhomme de chemin en sortant un troisi\u00e8me opus pas piqu\u00e9 des hannetons.<\/p>\n<p>Les 14 morceaux de ce nouvel album (dont 1 exclusif \u00e0 la version CD) vous feront passer 42 minutes riches et vari\u00e9es : vous d\u00e9couvrirez Marie-Charlotte et son monde trop beau pour \u00eatre compris, vous danserez un slow langoureux en vous \u00e9mouvant du sort du prol\u00e9tariat sur la Lutte Des Classes, vous d\u00e9testerez la musique actuelle en \u00e9coutant La Musique. Et puis d&rsquo;autres trucs aussi.<\/p>\n<p>Mp3 download included.<\/p>\n<p>Disponible en <a href=\"https:\/\/rockufo.fr\/en\/product\/coffret-4-cd-quadricolor\/\">coffret 4 CD + \u00e9tui<\/a> pour 20\u20ac.<\/p>","protected":false},"excerpt":{"rendered":"<p>effello et les extraterrestres poursuivent leur petit bonhomme de chemin en sortant un troisi\u00e8me opus pas piqu\u00e9 des hannetons. Les 14 morceaux de ce nouvel album (dont 1 exclusif \u00e0 la version CD) vous feront passer 42 minutes riches et vari\u00e9es : vous d\u00e9couvrirez Marie-Charlotte et son monde trop beau pour \u00eatre compris, vous danserez [&hellip;]<\/p>\n","protected":false},"featured_media":442,"template":"","meta":{"_acf_changed":false},"product_brand":[],"product_cat":[112,76],"product_tag":[99],"class_list":{"0":"post-880","1":"product","2":"type-product","3":"status-publish","4":"has-post-thumbnail","6":"product_cat-les-1-euros","7":"product_cat-cd","8":"product_tag-cd","9":"product_shipping_class-cd","11":"first","12":"instock","13":"downloadable","14":"taxable","15":"shipping-taxable","16":"purchasable","17":"product-type-simple"},"acf":[],"yoast_head":"<!-- This site is optimized with the Yoast SEO plugin v27.3 - https:\/\/yoast.com\/product\/yoast-seo-wordpress\/ -->\n<title>effello &amp; les extraterrestres - Troisi\u00e8me album - Rock&#039;n&#039;roll UFO<\/title>\n<meta name=\"description\" content=\"effello et les extraterrestres poursuivent leur petit bonhomme de chemin en sortant un troisi\u00e8me opus pas piqu\u00e9 des hannetons. Les 14 morceaux de ce\" \/>\n<meta name=\"robots\" content=\"index, follow, max-snippet:-1, max-image-preview:large, max-video-preview:-1\" \/>\n<link rel=\"canonical\" href=\"https:\/\/rockufo.fr\/en\/product\/troisieme-album\/\" \/>\n<meta property=\"og:locale\" content=\"en_GB\" \/>\n<meta property=\"og:type\" content=\"article\" \/>\n<meta property=\"og:title\" content=\"effello &amp; les extraterrestres - Troisi\u00e8me album - Rock&#039;n&#039;roll UFO\" \/>\n<meta property=\"og:description\" content=\"effello et les extraterrestres poursuivent leur petit bonhomme de chemin en sortant un troisi\u00e8me opus pas piqu\u00e9 des hannetons. Les 14 morceaux de ce\" \/>\n<meta property=\"og:url\" content=\"https:\/\/rockufo.fr\/en\/product\/troisieme-album\/\" \/>\n<meta property=\"og:site_name\" content=\"Rock&#039;n&#039;roll UFO\" \/>\n<meta property=\"article:publisher\" content=\"https:\/\/www.facebook.com\/rocknrollufo\" \/>\n<meta property=\"article:modified_time\" content=\"2026-04-03T17:58:49+00:00\" \/>\n<meta property=\"og:image\" content=\"https:\/\/rockufo.fr\/wp-content\/uploads\/2018\/11\/album3.jpg\" \/>\n\t<meta property=\"og:image:width\" content=\"1424\" \/>\n\t<meta property=\"og:image:height\" content=\"1411\" \/>\n\t<meta property=\"og:image:type\" content=\"image\/jpeg\" \/>\n<meta name=\"twitter:card\" content=\"summary_large_image\" \/>\n<script type=\"application\/ld+json\" class=\"yoast-schema-graph\">{\"@context\":\"https:\\\/\\\/schema.org\",\"@graph\":[{\"@type\":\"WebPage\",\"@id\":\"https:\\\/\\\/rockufo.fr\\\/product\\\/troisieme-album\\\/\",\"url\":\"https:\\\/\\\/rockufo.fr\\\/product\\\/troisieme-album\\\/\",\"name\":\"effello & les extraterrestres - Troisi\u00e8me album - Rock&#039;n&#039;roll UFO\",\"isPartOf\":{\"@id\":\"https:\\\/\\\/rockufo.fr\\\/#website\"},\"primaryImageOfPage\":{\"@id\":\"https:\\\/\\\/rockufo.fr\\\/product\\\/troisieme-album\\\/#primaryimage\"},\"image\":{\"@id\":\"https:\\\/\\\/rockufo.fr\\\/product\\\/troisieme-album\\\/#primaryimage\"},\"thumbnailUrl\":\"https:\\\/\\\/rockufo.fr\\\/wp-content\\\/uploads\\\/2018\\\/11\\\/album3.jpg\",\"datePublished\":\"2021-12-16T21:48:50+00:00\",\"dateModified\":\"2026-04-03T17:58:49+00:00\",\"description\":\"effello et les extraterrestres poursuivent leur petit bonhomme de chemin en sortant un troisi\u00e8me opus pas piqu\u00e9 des hannetons. Les 14 morceaux de ce\",\"breadcrumb\":{\"@id\":\"https:\\\/\\\/rockufo.fr\\\/product\\\/troisieme-album\\\/#breadcrumb\"},\"inLanguage\":\"en-GB\",\"potentialAction\":[{\"@type\":\"ReadAction\",\"target\":[\"https:\\\/\\\/rockufo.fr\\\/product\\\/troisieme-album\\\/\"]}]},{\"@type\":\"ImageObject\",\"inLanguage\":\"en-GB\",\"@id\":\"https:\\\/\\\/rockufo.fr\\\/product\\\/troisieme-album\\\/#primaryimage\",\"url\":\"https:\\\/\\\/rockufo.fr\\\/wp-content\\\/uploads\\\/2018\\\/11\\\/album3.jpg\",\"contentUrl\":\"https:\\\/\\\/rockufo.fr\\\/wp-content\\\/uploads\\\/2018\\\/11\\\/album3.jpg\",\"width\":1424,\"height\":1411},{\"@type\":\"BreadcrumbList\",\"@id\":\"https:\\\/\\\/rockufo.fr\\\/product\\\/troisieme-album\\\/#breadcrumb\",\"itemListElement\":[{\"@type\":\"ListItem\",\"position\":1,\"name\":\"Accueil\",\"item\":\"https:\\\/\\\/rockufo.fr\\\/\"},{\"@type\":\"ListItem\",\"position\":2,\"name\":\"Nos r\u00e9f\u00e9rences\",\"item\":\"https:\\\/\\\/rockufo.fr\\\/\"},{\"@type\":\"ListItem\",\"position\":3,\"name\":\"Troisi\u00e8me album\"}]},{\"@type\":\"WebSite\",\"@id\":\"https:\\\/\\\/rockufo.fr\\\/#website\",\"url\":\"https:\\\/\\\/rockufo.fr\\\/\",\"name\":\"Rock'n'roll UFO\",\"description\":\"Distro punk\\\/rock de l&#039;espace.\",\"publisher\":{\"@id\":\"https:\\\/\\\/rockufo.fr\\\/#organization\"},\"alternateName\":\"Rock UFO\",\"potentialAction\":[{\"@type\":\"SearchAction\",\"target\":{\"@type\":\"EntryPoint\",\"urlTemplate\":\"https:\\\/\\\/rockufo.fr\\\/?s={search_term_string}\"},\"query-input\":{\"@type\":\"PropertyValueSpecification\",\"valueRequired\":true,\"valueName\":\"search_term_string\"}}],\"inLanguage\":\"en-GB\"},{\"@type\":\"Organization\",\"@id\":\"https:\\\/\\\/rockufo.fr\\\/#organization\",\"name\":\"Rock'n'roll UFO\",\"alternateName\":\"Rock UFO\",\"url\":\"https:\\\/\\\/rockufo.fr\\\/\",\"logo\":{\"@type\":\"ImageObject\",\"inLanguage\":\"en-GB\",\"@id\":\"https:\\\/\\\/rockufo.fr\\\/#\\\/schema\\\/logo\\\/image\\\/\",\"url\":\"https:\\\/\\\/rockufo.fr\\\/wp-content\\\/uploads\\\/2022\\\/01\\\/logo_pdf.png\",\"contentUrl\":\"https:\\\/\\\/rockufo.fr\\\/wp-content\\\/uploads\\\/2022\\\/01\\\/logo_pdf.png\",\"width\":250,\"height\":250,\"caption\":\"Rock'n'roll UFO\"},\"image\":{\"@id\":\"https:\\\/\\\/rockufo.fr\\\/#\\\/schema\\\/logo\\\/image\\\/\"},\"sameAs\":[\"https:\\\/\\\/www.facebook.com\\\/rocknrollufo\",\"https:\\\/\\\/www.instagram.com\\\/rocknrollufo\"]}]}<\/script>\n<!-- \/ Yoast SEO plugin. -->","yoast_head_json":{"title":"effello & les extraterrestres - Troisi\u00e8me album - Rock&#039;n&#039;roll UFO","description":"effello et les extraterrestres poursuivent leur petit bonhomme de chemin en sortant un troisi\u00e8me opus pas piqu\u00e9 des hannetons. Les 14 morceaux de ce","robots":{"index":"index","follow":"follow","max-snippet":"max-snippet:-1","max-image-preview":"max-image-preview:large","max-video-preview":"max-video-preview:-1"},"canonical":"https:\/\/rockufo.fr\/en\/product\/troisieme-album\/","og_locale":"en_GB","og_type":"article","og_title":"effello & les extraterrestres - Troisi\u00e8me album - Rock&#039;n&#039;roll UFO","og_description":"effello et les extraterrestres poursuivent leur petit bonhomme de chemin en sortant un troisi\u00e8me opus pas piqu\u00e9 des hannetons. Les 14 morceaux de ce","og_url":"https:\/\/rockufo.fr\/en\/product\/troisieme-album\/","og_site_name":"Rock&#039;n&#039;roll UFO","article_publisher":"https:\/\/www.facebook.com\/rocknrollufo","article_modified_time":"2026-04-03T17:58:49+00:00","og_image":[{"width":1424,"height":1411,"url":"https:\/\/rockufo.fr\/wp-content\/uploads\/2018\/11\/album3.jpg","type":"image\/jpeg"}],"twitter_card":"summary_large_image","schema":{"@context":"https:\/\/schema.org","@graph":[{"@type":"WebPage","@id":"https:\/\/rockufo.fr\/product\/troisieme-album\/","url":"https:\/\/rockufo.fr\/product\/troisieme-album\/","name":"effello & les extraterrestres - Troisi\u00e8me album - Rock&#039;n&#039;roll UFO","isPartOf":{"@id":"https:\/\/rockufo.fr\/#website"},"primaryImageOfPage":{"@id":"https:\/\/rockufo.fr\/product\/troisieme-album\/#primaryimage"},"image":{"@id":"https:\/\/rockufo.fr\/product\/troisieme-album\/#primaryimage"},"thumbnailUrl":"https:\/\/rockufo.fr\/wp-content\/uploads\/2018\/11\/album3.jpg","datePublished":"2021-12-16T21:48:50+00:00","dateModified":"2026-04-03T17:58:49+00:00","description":"effello et les extraterrestres poursuivent leur petit bonhomme de chemin en sortant un troisi\u00e8me opus pas piqu\u00e9 des hannetons. Les 14 morceaux de ce","breadcrumb":{"@id":"https:\/\/rockufo.fr\/product\/troisieme-album\/#breadcrumb"},"inLanguage":"en-GB","potentialAction":[{"@type":"ReadAction","target":["https:\/\/rockufo.fr\/product\/troisieme-album\/"]}]},{"@type":"ImageObject","inLanguage":"en-GB","@id":"https:\/\/rockufo.fr\/product\/troisieme-album\/#primaryimage","url":"https:\/\/rockufo.fr\/wp-content\/uploads\/2018\/11\/album3.jpg","contentUrl":"https:\/\/rockufo.fr\/wp-content\/uploads\/2018\/11\/album3.jpg","width":1424,"height":1411},{"@type":"BreadcrumbList","@id":"https:\/\/rockufo.fr\/product\/troisieme-album\/#breadcrumb","itemListElement":[{"@type":"ListItem","position":1,"name":"Accueil","item":"https:\/\/rockufo.fr\/"},{"@type":"ListItem","position":2,"name":"Nos r\u00e9f\u00e9rences","item":"https:\/\/rockufo.fr\/"},{"@type":"ListItem","position":3,"name":"Troisi\u00e8me album"}]},{"@type":"WebSite","@id":"https:\/\/rockufo.fr\/#website","url":"https:\/\/rockufo.fr\/","name":"Rock'n'roll UFO","description":"Distro punk\/rock de l&#039;espace.","publisher":{"@id":"https:\/\/rockufo.fr\/#organization"},"alternateName":"Rock UFO","potentialAction":[{"@type":"SearchAction","target":{"@type":"EntryPoint","urlTemplate":"https:\/\/rockufo.fr\/?s={search_term_string}"},"query-input":{"@type":"PropertyValueSpecification","valueRequired":true,"valueName":"search_term_string"}}],"inLanguage":"en-GB"},{"@type":"Organization","@id":"https:\/\/rockufo.fr\/#organization","name":"Rock'n'roll UFO","alternateName":"Rock UFO","url":"https:\/\/rockufo.fr\/","logo":{"@type":"ImageObject","inLanguage":"en-GB","@id":"https:\/\/rockufo.fr\/#\/schema\/logo\/image\/","url":"https:\/\/rockufo.fr\/wp-content\/uploads\/2022\/01\/logo_pdf.png","contentUrl":"https:\/\/rockufo.fr\/wp-content\/uploads\/2022\/01\/logo_pdf.png","width":250,"height":250,"caption":"Rock'n'roll UFO"},"image":{"@id":"https:\/\/rockufo.fr\/#\/schema\/logo\/image\/"},"sameAs":["https:\/\/www.facebook.com\/rocknrollufo","https:\/\/www.instagram.com\/rocknrollufo"]}]}},"_links":{"self":[{"href":"https:\/\/rockufo.fr\/en\/wp-json\/wp\/v2\/product\/880","targetHints":{"allow":["GET"]}}],"collection":[{"href":"https:\/\/rockufo.fr\/en\/wp-json\/wp\/v2\/product"}],"about":[{"href":"https:\/\/rockufo.fr\/en\/wp-json\/wp\/v2\/types\/product"}],"wp:featuredmedia":[{"embeddable":true,"href":"https:\/\/rockufo.fr\/en\/wp-json\/wp\/v2\/media\/442"}],"wp:attachment":[{"href":"https:\/\/rockufo.fr\/en\/wp-json\/wp\/v2\/media?parent=880"}],"wp:term":[{"taxonomy":"product_brand","embeddable":true,"href":"https:\/\/rockufo.fr\/en\/wp-json\/wp\/v2\/product_brand?post=880"},{"taxonomy":"product_cat","embeddable":true,"href":"https:\/\/rockufo.fr\/en\/wp-json\/wp\/v2\/product_cat?post=880"},{"taxonomy":"product_tag","embeddable":true,"href":"https:\/\/rockufo.fr\/en\/wp-json\/wp\/v2\/product_tag?post=880"}],"curies":[{"name":"wp","href":"https:\/\/api.w.org\/{rel}","templated":true}]}}