{"id":877,"date":"2021-12-16T22:42:58","date_gmt":"2021-12-16T21:42:58","guid":{"rendered":"http:\/\/rockufo.fr\/?post_type=product&#038;p=877"},"modified":"2024-09-19T11:22:49","modified_gmt":"2024-09-19T10:22:49","slug":"bernard-veut-pas","status":"publish","type":"product","link":"https:\/\/rockufo.fr\/en\/product\/bernard-veut-pas\/","title":{"rendered":"Bernard Veut Pas !"},"content":{"rendered":"<p>Ce n\u2019est pas parce que <strong>Bernard Veut Pas<\/strong> qu\u2019il ne faut pas vous procurer le premier album d\u2019UltraBernard. En effet, vous passeriez \u00e0 c\u00f4t\u00e9 de 14 titres de punk-rock improbable avec au menu un poney, une tante Germaine, une chambre \u00e0 air, des l\u00e9gumes, un colonel, une vache et des vrais bouts de Bernard dedans (entre autres). Et si en plus vous n\u2019aimez pas danser, vous vous sentirez moins seul. Ultra bien, non ?<br \/>\n&nbsp;<br \/>\nMp3 download included.<br \/>\n&nbsp;<br \/>\nDisponible en pack avec <a href=\"https:\/\/rockufo.fr\/en\/product\/bien-cordialement\/\">le second album<\/a>.<\/p>","protected":false},"excerpt":{"rendered":"<p>Ce n\u2019est pas parce que Bernard Veut Pas qu\u2019il ne faut pas vous procurer le premier album d\u2019UltraBernard. En effet, vous passeriez \u00e0 c\u00f4t\u00e9 de 14 titres de punk-rock improbable avec au menu un poney, une tante Germaine, une chambre \u00e0 air, des l\u00e9gumes, un colonel, une vache et des vrais bouts de Bernard dedans [&hellip;]<\/p>\n","protected":false},"featured_media":423,"template":"","meta":{"_acf_changed":false},"product_brand":[],"product_cat":[76],"product_tag":[99],"class_list":{"0":"post-877","1":"product","2":"type-product","3":"status-publish","4":"has-post-thumbnail","6":"product_cat-cd","7":"product_tag-cd","9":"first","10":"instock","11":"taxable","12":"shipping-taxable","13":"purchasable","14":"product-type-variable"},"acf":[],"yoast_head":"<!-- This site is optimized with the Yoast SEO plugin v27.4 - https:\/\/yoast.com\/product\/yoast-seo-wordpress\/ -->\n<title>UltraBernard - Bernard Veut Pas ! - Rock&#039;n&#039;roll UFO<\/title>\n<meta name=\"description\" content=\"Ce n\u2019est pas parce que Bernard Veut Pas qu\u2019il ne faut pas vous procurer le premier album d\u2019UltraBernard. En effet, vous passeriez \u00e0 c\u00f4t\u00e9 de 14 titres de\" \/>\n<meta name=\"robots\" content=\"index, follow, max-snippet:-1, max-image-preview:large, max-video-preview:-1\" \/>\n<link rel=\"canonical\" href=\"https:\/\/rockufo.fr\/en\/product\/bernard-veut-pas\/\" \/>\n<meta property=\"og:locale\" content=\"en_GB\" \/>\n<meta property=\"og:type\" content=\"article\" \/>\n<meta property=\"og:title\" content=\"UltraBernard - Bernard Veut Pas ! - Rock&#039;n&#039;roll UFO\" \/>\n<meta property=\"og:description\" content=\"Ce n\u2019est pas parce que Bernard Veut Pas qu\u2019il ne faut pas vous procurer le premier album d\u2019UltraBernard. En effet, vous passeriez \u00e0 c\u00f4t\u00e9 de 14 titres de\" \/>\n<meta property=\"og:url\" content=\"https:\/\/rockufo.fr\/en\/product\/bernard-veut-pas\/\" \/>\n<meta property=\"og:site_name\" content=\"Rock&#039;n&#039;roll UFO\" \/>\n<meta property=\"article:publisher\" content=\"https:\/\/www.facebook.com\/rocknrollufo\" \/>\n<meta property=\"article:modified_time\" content=\"2024-09-19T10:22:49+00:00\" \/>\n<meta property=\"og:image\" content=\"https:\/\/rockufo.fr\/wp-content\/uploads\/2018\/05\/BernardVeutPas.jpg\" \/>\n\t<meta property=\"og:image:width\" content=\"1000\" \/>\n\t<meta property=\"og:image:height\" content=\"889\" \/>\n\t<meta property=\"og:image:type\" content=\"image\/jpeg\" \/>\n<meta name=\"twitter:card\" content=\"summary_large_image\" \/>\n<script type=\"application\/ld+json\" class=\"yoast-schema-graph\">{\"@context\":\"https:\\\/\\\/schema.org\",\"@graph\":[{\"@type\":\"WebPage\",\"@id\":\"https:\\\/\\\/rockufo.fr\\\/product\\\/bernard-veut-pas\\\/\",\"url\":\"https:\\\/\\\/rockufo.fr\\\/product\\\/bernard-veut-pas\\\/\",\"name\":\"UltraBernard - Bernard Veut Pas ! - Rock&#039;n&#039;roll UFO\",\"isPartOf\":{\"@id\":\"https:\\\/\\\/rockufo.fr\\\/#website\"},\"primaryImageOfPage\":{\"@id\":\"https:\\\/\\\/rockufo.fr\\\/product\\\/bernard-veut-pas\\\/#primaryimage\"},\"image\":{\"@id\":\"https:\\\/\\\/rockufo.fr\\\/product\\\/bernard-veut-pas\\\/#primaryimage\"},\"thumbnailUrl\":\"https:\\\/\\\/rockufo.fr\\\/wp-content\\\/uploads\\\/2018\\\/05\\\/BernardVeutPas.jpg\",\"datePublished\":\"2021-12-16T21:42:58+00:00\",\"dateModified\":\"2024-09-19T10:22:49+00:00\",\"description\":\"Ce n\u2019est pas parce que Bernard Veut Pas qu\u2019il ne faut pas vous procurer le premier album d\u2019UltraBernard. En effet, vous passeriez \u00e0 c\u00f4t\u00e9 de 14 titres de\",\"breadcrumb\":{\"@id\":\"https:\\\/\\\/rockufo.fr\\\/product\\\/bernard-veut-pas\\\/#breadcrumb\"},\"inLanguage\":\"en-GB\",\"potentialAction\":[{\"@type\":\"ReadAction\",\"target\":[\"https:\\\/\\\/rockufo.fr\\\/product\\\/bernard-veut-pas\\\/\"]}]},{\"@type\":\"ImageObject\",\"inLanguage\":\"en-GB\",\"@id\":\"https:\\\/\\\/rockufo.fr\\\/product\\\/bernard-veut-pas\\\/#primaryimage\",\"url\":\"https:\\\/\\\/rockufo.fr\\\/wp-content\\\/uploads\\\/2018\\\/05\\\/BernardVeutPas.jpg\",\"contentUrl\":\"https:\\\/\\\/rockufo.fr\\\/wp-content\\\/uploads\\\/2018\\\/05\\\/BernardVeutPas.jpg\",\"width\":1000,\"height\":889},{\"@type\":\"BreadcrumbList\",\"@id\":\"https:\\\/\\\/rockufo.fr\\\/product\\\/bernard-veut-pas\\\/#breadcrumb\",\"itemListElement\":[{\"@type\":\"ListItem\",\"position\":1,\"name\":\"Accueil\",\"item\":\"https:\\\/\\\/rockufo.fr\\\/\"},{\"@type\":\"ListItem\",\"position\":2,\"name\":\"Nos r\u00e9f\u00e9rences\",\"item\":\"https:\\\/\\\/rockufo.fr\\\/\"},{\"@type\":\"ListItem\",\"position\":3,\"name\":\"Bernard Veut Pas !\"}]},{\"@type\":\"WebSite\",\"@id\":\"https:\\\/\\\/rockufo.fr\\\/#website\",\"url\":\"https:\\\/\\\/rockufo.fr\\\/\",\"name\":\"Rock'n'roll UFO\",\"description\":\"Distro punk\\\/rock de l&#039;espace.\",\"publisher\":{\"@id\":\"https:\\\/\\\/rockufo.fr\\\/#organization\"},\"alternateName\":\"Rock UFO\",\"potentialAction\":[{\"@type\":\"SearchAction\",\"target\":{\"@type\":\"EntryPoint\",\"urlTemplate\":\"https:\\\/\\\/rockufo.fr\\\/?s={search_term_string}\"},\"query-input\":{\"@type\":\"PropertyValueSpecification\",\"valueRequired\":true,\"valueName\":\"search_term_string\"}}],\"inLanguage\":\"en-GB\"},{\"@type\":\"Organization\",\"@id\":\"https:\\\/\\\/rockufo.fr\\\/#organization\",\"name\":\"Rock'n'roll UFO\",\"alternateName\":\"Rock UFO\",\"url\":\"https:\\\/\\\/rockufo.fr\\\/\",\"logo\":{\"@type\":\"ImageObject\",\"inLanguage\":\"en-GB\",\"@id\":\"https:\\\/\\\/rockufo.fr\\\/#\\\/schema\\\/logo\\\/image\\\/\",\"url\":\"https:\\\/\\\/rockufo.fr\\\/wp-content\\\/uploads\\\/2022\\\/01\\\/logo_pdf.png\",\"contentUrl\":\"https:\\\/\\\/rockufo.fr\\\/wp-content\\\/uploads\\\/2022\\\/01\\\/logo_pdf.png\",\"width\":250,\"height\":250,\"caption\":\"Rock'n'roll UFO\"},\"image\":{\"@id\":\"https:\\\/\\\/rockufo.fr\\\/#\\\/schema\\\/logo\\\/image\\\/\"},\"sameAs\":[\"https:\\\/\\\/www.facebook.com\\\/rocknrollufo\",\"https:\\\/\\\/www.instagram.com\\\/rocknrollufo\"]}]}<\/script>\n<!-- \/ Yoast SEO plugin. -->","yoast_head_json":{"title":"UltraBernard - Bernard Veut Pas ! - Rock&#039;n&#039;roll UFO","description":"Ce n\u2019est pas parce que Bernard Veut Pas qu\u2019il ne faut pas vous procurer le premier album d\u2019UltraBernard. En effet, vous passeriez \u00e0 c\u00f4t\u00e9 de 14 titres de","robots":{"index":"index","follow":"follow","max-snippet":"max-snippet:-1","max-image-preview":"max-image-preview:large","max-video-preview":"max-video-preview:-1"},"canonical":"https:\/\/rockufo.fr\/en\/product\/bernard-veut-pas\/","og_locale":"en_GB","og_type":"article","og_title":"UltraBernard - Bernard Veut Pas ! - Rock&#039;n&#039;roll UFO","og_description":"Ce n\u2019est pas parce que Bernard Veut Pas qu\u2019il ne faut pas vous procurer le premier album d\u2019UltraBernard. En effet, vous passeriez \u00e0 c\u00f4t\u00e9 de 14 titres de","og_url":"https:\/\/rockufo.fr\/en\/product\/bernard-veut-pas\/","og_site_name":"Rock&#039;n&#039;roll UFO","article_publisher":"https:\/\/www.facebook.com\/rocknrollufo","article_modified_time":"2024-09-19T10:22:49+00:00","og_image":[{"width":1000,"height":889,"url":"https:\/\/rockufo.fr\/wp-content\/uploads\/2018\/05\/BernardVeutPas.jpg","type":"image\/jpeg"}],"twitter_card":"summary_large_image","schema":{"@context":"https:\/\/schema.org","@graph":[{"@type":"WebPage","@id":"https:\/\/rockufo.fr\/product\/bernard-veut-pas\/","url":"https:\/\/rockufo.fr\/product\/bernard-veut-pas\/","name":"UltraBernard - Bernard Veut Pas ! - Rock&#039;n&#039;roll UFO","isPartOf":{"@id":"https:\/\/rockufo.fr\/#website"},"primaryImageOfPage":{"@id":"https:\/\/rockufo.fr\/product\/bernard-veut-pas\/#primaryimage"},"image":{"@id":"https:\/\/rockufo.fr\/product\/bernard-veut-pas\/#primaryimage"},"thumbnailUrl":"https:\/\/rockufo.fr\/wp-content\/uploads\/2018\/05\/BernardVeutPas.jpg","datePublished":"2021-12-16T21:42:58+00:00","dateModified":"2024-09-19T10:22:49+00:00","description":"Ce n\u2019est pas parce que Bernard Veut Pas qu\u2019il ne faut pas vous procurer le premier album d\u2019UltraBernard. En effet, vous passeriez \u00e0 c\u00f4t\u00e9 de 14 titres de","breadcrumb":{"@id":"https:\/\/rockufo.fr\/product\/bernard-veut-pas\/#breadcrumb"},"inLanguage":"en-GB","potentialAction":[{"@type":"ReadAction","target":["https:\/\/rockufo.fr\/product\/bernard-veut-pas\/"]}]},{"@type":"ImageObject","inLanguage":"en-GB","@id":"https:\/\/rockufo.fr\/product\/bernard-veut-pas\/#primaryimage","url":"https:\/\/rockufo.fr\/wp-content\/uploads\/2018\/05\/BernardVeutPas.jpg","contentUrl":"https:\/\/rockufo.fr\/wp-content\/uploads\/2018\/05\/BernardVeutPas.jpg","width":1000,"height":889},{"@type":"BreadcrumbList","@id":"https:\/\/rockufo.fr\/product\/bernard-veut-pas\/#breadcrumb","itemListElement":[{"@type":"ListItem","position":1,"name":"Accueil","item":"https:\/\/rockufo.fr\/"},{"@type":"ListItem","position":2,"name":"Nos r\u00e9f\u00e9rences","item":"https:\/\/rockufo.fr\/"},{"@type":"ListItem","position":3,"name":"Bernard Veut Pas !"}]},{"@type":"WebSite","@id":"https:\/\/rockufo.fr\/#website","url":"https:\/\/rockufo.fr\/","name":"Rock'n'roll UFO","description":"Distro punk\/rock de l&#039;espace.","publisher":{"@id":"https:\/\/rockufo.fr\/#organization"},"alternateName":"Rock UFO","potentialAction":[{"@type":"SearchAction","target":{"@type":"EntryPoint","urlTemplate":"https:\/\/rockufo.fr\/?s={search_term_string}"},"query-input":{"@type":"PropertyValueSpecification","valueRequired":true,"valueName":"search_term_string"}}],"inLanguage":"en-GB"},{"@type":"Organization","@id":"https:\/\/rockufo.fr\/#organization","name":"Rock'n'roll UFO","alternateName":"Rock UFO","url":"https:\/\/rockufo.fr\/","logo":{"@type":"ImageObject","inLanguage":"en-GB","@id":"https:\/\/rockufo.fr\/#\/schema\/logo\/image\/","url":"https:\/\/rockufo.fr\/wp-content\/uploads\/2022\/01\/logo_pdf.png","contentUrl":"https:\/\/rockufo.fr\/wp-content\/uploads\/2022\/01\/logo_pdf.png","width":250,"height":250,"caption":"Rock'n'roll UFO"},"image":{"@id":"https:\/\/rockufo.fr\/#\/schema\/logo\/image\/"},"sameAs":["https:\/\/www.facebook.com\/rocknrollufo","https:\/\/www.instagram.com\/rocknrollufo"]}]}},"_links":{"self":[{"href":"https:\/\/rockufo.fr\/en\/wp-json\/wp\/v2\/product\/877","targetHints":{"allow":["GET"]}}],"collection":[{"href":"https:\/\/rockufo.fr\/en\/wp-json\/wp\/v2\/product"}],"about":[{"href":"https:\/\/rockufo.fr\/en\/wp-json\/wp\/v2\/types\/product"}],"wp:featuredmedia":[{"embeddable":true,"href":"https:\/\/rockufo.fr\/en\/wp-json\/wp\/v2\/media\/423"}],"wp:attachment":[{"href":"https:\/\/rockufo.fr\/en\/wp-json\/wp\/v2\/media?parent=877"}],"wp:term":[{"taxonomy":"product_brand","embeddable":true,"href":"https:\/\/rockufo.fr\/en\/wp-json\/wp\/v2\/product_brand?post=877"},{"taxonomy":"product_cat","embeddable":true,"href":"https:\/\/rockufo.fr\/en\/wp-json\/wp\/v2\/product_cat?post=877"},{"taxonomy":"product_tag","embeddable":true,"href":"https:\/\/rockufo.fr\/en\/wp-json\/wp\/v2\/product_tag?post=877"}],"curies":[{"name":"wp","href":"https:\/\/api.w.org\/{rel}","templated":true}]}}