{"id":876,"date":"2021-12-16T22:38:46","date_gmt":"2021-12-16T21:38:46","guid":{"rendered":"http:\/\/rockufo.fr\/?post_type=product&#038;p=876"},"modified":"2026-04-03T18:58:49","modified_gmt":"2026-04-03T17:58:49","slug":"effello-et-cat-chantent-lamour","status":"publish","type":"product","link":"https:\/\/rockufo.fr\/en\/product\/effello-et-cat-chantent-lamour\/","title":{"rendered":"Chantent l&rsquo;amour"},"content":{"rendered":"<iframe loading=\"lazy\" id=\"player_91\" class=\"playerRockUFO\" src=\"https:\/\/www.rockufo.fr\/embed\/91\" height=\"50\" width=\"320\"><\/iframe>\n<p>Un jour, effello et cat ont eu l&rsquo;id\u00e9e de faire une chanson ensemble. Quelques mois plus tard, ils avaient compos\u00e9 et enregistr\u00e9 un album rien que tous les deux.<\/p>\n<p>Voici donc <b>effello et cat chantent l&rsquo;amour<\/b> : un disque pop bien rock aux guitares ac\u00e9r\u00e9es, compos\u00e9 de 14 chansons d\u2019amour en fran\u00e7ais, toutes illustr\u00e9es dans un sublime livret 16 pages.<\/p>\n<p>Mp3 download included.<\/p>","protected":false},"excerpt":{"rendered":"<p>Un jour, effello et cat ont eu l&rsquo;id\u00e9e de faire une chanson ensemble. Quelques mois plus tard, ils avaient compos\u00e9 et enregistr\u00e9 un album rien que tous les deux. Voici donc effello et cat chantent l&rsquo;amour : un disque pop bien rock aux guitares ac\u00e9r\u00e9es, compos\u00e9 de 14 chansons d\u2019amour en fran\u00e7ais, toutes illustr\u00e9es dans [&hellip;]<\/p>\n","protected":false},"featured_media":149,"template":"","meta":{"_acf_changed":false},"product_brand":[],"product_cat":[112,76],"product_tag":[99],"class_list":{"0":"post-876","1":"product","2":"type-product","3":"status-publish","4":"has-post-thumbnail","6":"product_cat-les-1-euros","7":"product_cat-cd","8":"product_tag-cd","9":"product_shipping_class-cd","11":"first","12":"instock","13":"downloadable","14":"taxable","15":"shipping-taxable","16":"purchasable","17":"product-type-simple"},"acf":[],"yoast_head":"<!-- This site is optimized with the Yoast SEO plugin v27.4 - https:\/\/yoast.com\/product\/yoast-seo-wordpress\/ -->\n<title>effello et cat - Chantent l&#039;amour - Rock&#039;n&#039;roll UFO<\/title>\n<meta name=\"description\" content=\"Un jour, effello et cat ont eu l&#039;id\u00e9e de faire une chanson ensemble. Quelques mois plus tard, ils avaient compos\u00e9 et enregistr\u00e9 un album rien que tous les\" \/>\n<meta name=\"robots\" content=\"index, follow, max-snippet:-1, max-image-preview:large, max-video-preview:-1\" \/>\n<link rel=\"canonical\" href=\"https:\/\/rockufo.fr\/en\/product\/effello-et-cat-chantent-lamour\/\" \/>\n<meta property=\"og:locale\" content=\"en_GB\" \/>\n<meta property=\"og:type\" content=\"article\" \/>\n<meta property=\"og:title\" content=\"effello et cat - Chantent l&#039;amour - Rock&#039;n&#039;roll UFO\" \/>\n<meta property=\"og:description\" content=\"Un jour, effello et cat ont eu l&#039;id\u00e9e de faire une chanson ensemble. Quelques mois plus tard, ils avaient compos\u00e9 et enregistr\u00e9 un album rien que tous les\" \/>\n<meta property=\"og:url\" content=\"https:\/\/rockufo.fr\/en\/product\/effello-et-cat-chantent-lamour\/\" \/>\n<meta property=\"og:site_name\" content=\"Rock&#039;n&#039;roll UFO\" \/>\n<meta property=\"article:publisher\" content=\"https:\/\/www.facebook.com\/rocknrollufo\" \/>\n<meta property=\"article:modified_time\" content=\"2026-04-03T17:58:49+00:00\" \/>\n<meta property=\"og:image\" content=\"https:\/\/rockufo.fr\/wp-content\/uploads\/2015\/04\/pochettepng.png\" \/>\n\t<meta property=\"og:image:width\" content=\"1422\" \/>\n\t<meta property=\"og:image:height\" content=\"1411\" \/>\n\t<meta property=\"og:image:type\" content=\"image\/png\" \/>\n<meta name=\"twitter:card\" content=\"summary_large_image\" \/>\n<script type=\"application\/ld+json\" class=\"yoast-schema-graph\">{\"@context\":\"https:\\\/\\\/schema.org\",\"@graph\":[{\"@type\":\"WebPage\",\"@id\":\"https:\\\/\\\/rockufo.fr\\\/product\\\/effello-et-cat-chantent-lamour\\\/\",\"url\":\"https:\\\/\\\/rockufo.fr\\\/product\\\/effello-et-cat-chantent-lamour\\\/\",\"name\":\"effello et cat - Chantent l'amour - Rock&#039;n&#039;roll UFO\",\"isPartOf\":{\"@id\":\"https:\\\/\\\/rockufo.fr\\\/#website\"},\"primaryImageOfPage\":{\"@id\":\"https:\\\/\\\/rockufo.fr\\\/product\\\/effello-et-cat-chantent-lamour\\\/#primaryimage\"},\"image\":{\"@id\":\"https:\\\/\\\/rockufo.fr\\\/product\\\/effello-et-cat-chantent-lamour\\\/#primaryimage\"},\"thumbnailUrl\":\"https:\\\/\\\/rockufo.fr\\\/wp-content\\\/uploads\\\/2015\\\/04\\\/pochettepng.png\",\"datePublished\":\"2021-12-16T21:38:46+00:00\",\"dateModified\":\"2026-04-03T17:58:49+00:00\",\"description\":\"Un jour, effello et cat ont eu l'id\u00e9e de faire une chanson ensemble. Quelques mois plus tard, ils avaient compos\u00e9 et enregistr\u00e9 un album rien que tous les\",\"breadcrumb\":{\"@id\":\"https:\\\/\\\/rockufo.fr\\\/product\\\/effello-et-cat-chantent-lamour\\\/#breadcrumb\"},\"inLanguage\":\"en-GB\",\"potentialAction\":[{\"@type\":\"ReadAction\",\"target\":[\"https:\\\/\\\/rockufo.fr\\\/product\\\/effello-et-cat-chantent-lamour\\\/\"]}]},{\"@type\":\"ImageObject\",\"inLanguage\":\"en-GB\",\"@id\":\"https:\\\/\\\/rockufo.fr\\\/product\\\/effello-et-cat-chantent-lamour\\\/#primaryimage\",\"url\":\"https:\\\/\\\/rockufo.fr\\\/wp-content\\\/uploads\\\/2015\\\/04\\\/pochettepng.png\",\"contentUrl\":\"https:\\\/\\\/rockufo.fr\\\/wp-content\\\/uploads\\\/2015\\\/04\\\/pochettepng.png\",\"width\":1422,\"height\":1411},{\"@type\":\"BreadcrumbList\",\"@id\":\"https:\\\/\\\/rockufo.fr\\\/product\\\/effello-et-cat-chantent-lamour\\\/#breadcrumb\",\"itemListElement\":[{\"@type\":\"ListItem\",\"position\":1,\"name\":\"Accueil\",\"item\":\"https:\\\/\\\/rockufo.fr\\\/\"},{\"@type\":\"ListItem\",\"position\":2,\"name\":\"Nos r\u00e9f\u00e9rences\",\"item\":\"https:\\\/\\\/rockufo.fr\\\/\"},{\"@type\":\"ListItem\",\"position\":3,\"name\":\"Chantent l&rsquo;amour\"}]},{\"@type\":\"WebSite\",\"@id\":\"https:\\\/\\\/rockufo.fr\\\/#website\",\"url\":\"https:\\\/\\\/rockufo.fr\\\/\",\"name\":\"Rock'n'roll UFO\",\"description\":\"Distro punk\\\/rock de l&#039;espace.\",\"publisher\":{\"@id\":\"https:\\\/\\\/rockufo.fr\\\/#organization\"},\"alternateName\":\"Rock UFO\",\"potentialAction\":[{\"@type\":\"SearchAction\",\"target\":{\"@type\":\"EntryPoint\",\"urlTemplate\":\"https:\\\/\\\/rockufo.fr\\\/?s={search_term_string}\"},\"query-input\":{\"@type\":\"PropertyValueSpecification\",\"valueRequired\":true,\"valueName\":\"search_term_string\"}}],\"inLanguage\":\"en-GB\"},{\"@type\":\"Organization\",\"@id\":\"https:\\\/\\\/rockufo.fr\\\/#organization\",\"name\":\"Rock'n'roll UFO\",\"alternateName\":\"Rock UFO\",\"url\":\"https:\\\/\\\/rockufo.fr\\\/\",\"logo\":{\"@type\":\"ImageObject\",\"inLanguage\":\"en-GB\",\"@id\":\"https:\\\/\\\/rockufo.fr\\\/#\\\/schema\\\/logo\\\/image\\\/\",\"url\":\"https:\\\/\\\/rockufo.fr\\\/wp-content\\\/uploads\\\/2022\\\/01\\\/logo_pdf.png\",\"contentUrl\":\"https:\\\/\\\/rockufo.fr\\\/wp-content\\\/uploads\\\/2022\\\/01\\\/logo_pdf.png\",\"width\":250,\"height\":250,\"caption\":\"Rock'n'roll UFO\"},\"image\":{\"@id\":\"https:\\\/\\\/rockufo.fr\\\/#\\\/schema\\\/logo\\\/image\\\/\"},\"sameAs\":[\"https:\\\/\\\/www.facebook.com\\\/rocknrollufo\",\"https:\\\/\\\/www.instagram.com\\\/rocknrollufo\"]}]}<\/script>\n<!-- \/ Yoast SEO plugin. -->","yoast_head_json":{"title":"effello et cat - Chantent l'amour - Rock&#039;n&#039;roll UFO","description":"Un jour, effello et cat ont eu l'id\u00e9e de faire une chanson ensemble. Quelques mois plus tard, ils avaient compos\u00e9 et enregistr\u00e9 un album rien que tous les","robots":{"index":"index","follow":"follow","max-snippet":"max-snippet:-1","max-image-preview":"max-image-preview:large","max-video-preview":"max-video-preview:-1"},"canonical":"https:\/\/rockufo.fr\/en\/product\/effello-et-cat-chantent-lamour\/","og_locale":"en_GB","og_type":"article","og_title":"effello et cat - Chantent l'amour - Rock&#039;n&#039;roll UFO","og_description":"Un jour, effello et cat ont eu l'id\u00e9e de faire une chanson ensemble. Quelques mois plus tard, ils avaient compos\u00e9 et enregistr\u00e9 un album rien que tous les","og_url":"https:\/\/rockufo.fr\/en\/product\/effello-et-cat-chantent-lamour\/","og_site_name":"Rock&#039;n&#039;roll UFO","article_publisher":"https:\/\/www.facebook.com\/rocknrollufo","article_modified_time":"2026-04-03T17:58:49+00:00","og_image":[{"width":1422,"height":1411,"url":"https:\/\/rockufo.fr\/wp-content\/uploads\/2015\/04\/pochettepng.png","type":"image\/png"}],"twitter_card":"summary_large_image","schema":{"@context":"https:\/\/schema.org","@graph":[{"@type":"WebPage","@id":"https:\/\/rockufo.fr\/product\/effello-et-cat-chantent-lamour\/","url":"https:\/\/rockufo.fr\/product\/effello-et-cat-chantent-lamour\/","name":"effello et cat - Chantent l'amour - Rock&#039;n&#039;roll UFO","isPartOf":{"@id":"https:\/\/rockufo.fr\/#website"},"primaryImageOfPage":{"@id":"https:\/\/rockufo.fr\/product\/effello-et-cat-chantent-lamour\/#primaryimage"},"image":{"@id":"https:\/\/rockufo.fr\/product\/effello-et-cat-chantent-lamour\/#primaryimage"},"thumbnailUrl":"https:\/\/rockufo.fr\/wp-content\/uploads\/2015\/04\/pochettepng.png","datePublished":"2021-12-16T21:38:46+00:00","dateModified":"2026-04-03T17:58:49+00:00","description":"Un jour, effello et cat ont eu l'id\u00e9e de faire une chanson ensemble. Quelques mois plus tard, ils avaient compos\u00e9 et enregistr\u00e9 un album rien que tous les","breadcrumb":{"@id":"https:\/\/rockufo.fr\/product\/effello-et-cat-chantent-lamour\/#breadcrumb"},"inLanguage":"en-GB","potentialAction":[{"@type":"ReadAction","target":["https:\/\/rockufo.fr\/product\/effello-et-cat-chantent-lamour\/"]}]},{"@type":"ImageObject","inLanguage":"en-GB","@id":"https:\/\/rockufo.fr\/product\/effello-et-cat-chantent-lamour\/#primaryimage","url":"https:\/\/rockufo.fr\/wp-content\/uploads\/2015\/04\/pochettepng.png","contentUrl":"https:\/\/rockufo.fr\/wp-content\/uploads\/2015\/04\/pochettepng.png","width":1422,"height":1411},{"@type":"BreadcrumbList","@id":"https:\/\/rockufo.fr\/product\/effello-et-cat-chantent-lamour\/#breadcrumb","itemListElement":[{"@type":"ListItem","position":1,"name":"Accueil","item":"https:\/\/rockufo.fr\/"},{"@type":"ListItem","position":2,"name":"Nos r\u00e9f\u00e9rences","item":"https:\/\/rockufo.fr\/"},{"@type":"ListItem","position":3,"name":"Chantent l&rsquo;amour"}]},{"@type":"WebSite","@id":"https:\/\/rockufo.fr\/#website","url":"https:\/\/rockufo.fr\/","name":"Rock'n'roll UFO","description":"Distro punk\/rock de l&#039;espace.","publisher":{"@id":"https:\/\/rockufo.fr\/#organization"},"alternateName":"Rock UFO","potentialAction":[{"@type":"SearchAction","target":{"@type":"EntryPoint","urlTemplate":"https:\/\/rockufo.fr\/?s={search_term_string}"},"query-input":{"@type":"PropertyValueSpecification","valueRequired":true,"valueName":"search_term_string"}}],"inLanguage":"en-GB"},{"@type":"Organization","@id":"https:\/\/rockufo.fr\/#organization","name":"Rock'n'roll UFO","alternateName":"Rock UFO","url":"https:\/\/rockufo.fr\/","logo":{"@type":"ImageObject","inLanguage":"en-GB","@id":"https:\/\/rockufo.fr\/#\/schema\/logo\/image\/","url":"https:\/\/rockufo.fr\/wp-content\/uploads\/2022\/01\/logo_pdf.png","contentUrl":"https:\/\/rockufo.fr\/wp-content\/uploads\/2022\/01\/logo_pdf.png","width":250,"height":250,"caption":"Rock'n'roll UFO"},"image":{"@id":"https:\/\/rockufo.fr\/#\/schema\/logo\/image\/"},"sameAs":["https:\/\/www.facebook.com\/rocknrollufo","https:\/\/www.instagram.com\/rocknrollufo"]}]}},"_links":{"self":[{"href":"https:\/\/rockufo.fr\/en\/wp-json\/wp\/v2\/product\/876","targetHints":{"allow":["GET"]}}],"collection":[{"href":"https:\/\/rockufo.fr\/en\/wp-json\/wp\/v2\/product"}],"about":[{"href":"https:\/\/rockufo.fr\/en\/wp-json\/wp\/v2\/types\/product"}],"wp:featuredmedia":[{"embeddable":true,"href":"https:\/\/rockufo.fr\/en\/wp-json\/wp\/v2\/media\/149"}],"wp:attachment":[{"href":"https:\/\/rockufo.fr\/en\/wp-json\/wp\/v2\/media?parent=876"}],"wp:term":[{"taxonomy":"product_brand","embeddable":true,"href":"https:\/\/rockufo.fr\/en\/wp-json\/wp\/v2\/product_brand?post=876"},{"taxonomy":"product_cat","embeddable":true,"href":"https:\/\/rockufo.fr\/en\/wp-json\/wp\/v2\/product_cat?post=876"},{"taxonomy":"product_tag","embeddable":true,"href":"https:\/\/rockufo.fr\/en\/wp-json\/wp\/v2\/product_tag?post=876"}],"curies":[{"name":"wp","href":"https:\/\/api.w.org\/{rel}","templated":true}]}}