{"id":866,"date":"2021-12-16T22:18:27","date_gmt":"2021-12-16T21:18:27","guid":{"rendered":"http:\/\/rockufo.fr\/?post_type=product&#038;p=866"},"modified":"2026-02-18T09:31:48","modified_gmt":"2026-02-18T08:31:48","slug":"tout-bruler","status":"publish","type":"product","link":"https:\/\/rockufo.fr\/en\/product\/tout-bruler\/","title":{"rendered":"Tout br\u00fbler"},"content":{"rendered":"<p>Tabula Raza avaient enregistr\u00e9 un EP mais il s&rsquo;av\u00e9rait que c&rsquo;\u00e9tait peu. Ils ont donc propos\u00e9 aux Dead Boobs de partager l&rsquo;EP et de le transformer en split. Les Dead Boobs ont instantan\u00e9ment accept\u00e9 et ce split est n\u00e9. Ce ne sont donc pas des morceaux cr\u00e9\u00e9s pour un split en suivant une coh\u00e9rence et un th\u00e8me donn\u00e9. Voyons plut\u00f4t \u00e7a comme deux EP sur un m\u00eame disque, du deux en un au prix d&rsquo;un, avec comme ligne commune une forte volont\u00e9 de d\u00e9truire le syst\u00e8me capitaliste sur une palette de sentiments allant du nihilisme \u00e0 l&rsquo;espoir..<br \/>\n5 morceaux oi, 7 morceaux punk : 12 morceaux styl\u00e9s<br \/>\n&nbsp;<br \/>\nKanal Hyst\u00e9rik<br \/>\nTrauma Social<br \/>\nZone Onze Records<br \/>\nGeneral Strike<br \/>\n&nbsp;<br \/>\nMP3 download included.<br \/>\nDisponible en pack promo avec <a href=\"https:\/\/rockufo.fr\/en\/product\/punk-rock-delucratif\/\">Punk Rock d\u00e9lucratif<\/a> des Dead Boobs.<\/p>","protected":false},"excerpt":{"rendered":"<p>Tabula Raza avaient enregistr\u00e9 un EP mais il s&rsquo;av\u00e9rait que c&rsquo;\u00e9tait peu. Ils ont donc propos\u00e9 aux Dead Boobs de partager l&rsquo;EP et de le transformer en split. Les Dead Boobs ont instantan\u00e9ment accept\u00e9 et ce split est n\u00e9. Ce ne sont donc pas des morceaux cr\u00e9\u00e9s pour un split en suivant une coh\u00e9rence et [&hellip;]<\/p>\n","protected":false},"featured_media":626,"template":"","meta":{"_acf_changed":false},"product_brand":[],"product_cat":[76,77],"product_tag":[99],"class_list":{"0":"post-866","1":"product","2":"type-product","3":"status-publish","4":"has-post-thumbnail","6":"product_cat-cd","7":"product_cat-promos","8":"product_tag-cd","10":"first","11":"instock","12":"taxable","13":"shipping-taxable","14":"purchasable","15":"product-type-variable"},"acf":[],"yoast_head":"<!-- This site is optimized with the Yoast SEO plugin v27.4 - https:\/\/yoast.com\/product\/yoast-seo-wordpress\/ -->\n<title>Tabula Raza \/ Les Dead Boobs - Tout br\u00fbler - Rock&#039;n&#039;roll UFO<\/title>\n<meta name=\"description\" content=\"Tabula Raza avaient enregistr\u00e9 un EP mais il s&#039;av\u00e9rait que c&#039;\u00e9tait peu. Ils ont donc propos\u00e9 aux Dead Boobs de partager l&#039;EP et de le transformer en\" \/>\n<meta name=\"robots\" content=\"index, follow, max-snippet:-1, max-image-preview:large, max-video-preview:-1\" \/>\n<link rel=\"canonical\" href=\"https:\/\/rockufo.fr\/en\/product\/tout-bruler\/\" \/>\n<meta property=\"og:locale\" content=\"en_GB\" \/>\n<meta property=\"og:type\" content=\"article\" \/>\n<meta property=\"og:title\" content=\"Tabula Raza \/ Les Dead Boobs - Tout br\u00fbler - Rock&#039;n&#039;roll UFO\" \/>\n<meta property=\"og:description\" content=\"Tabula Raza avaient enregistr\u00e9 un EP mais il s&#039;av\u00e9rait que c&#039;\u00e9tait peu. Ils ont donc propos\u00e9 aux Dead Boobs de partager l&#039;EP et de le transformer en\" \/>\n<meta property=\"og:url\" content=\"https:\/\/rockufo.fr\/en\/product\/tout-bruler\/\" \/>\n<meta property=\"og:site_name\" content=\"Rock&#039;n&#039;roll UFO\" \/>\n<meta property=\"article:publisher\" content=\"https:\/\/www.facebook.com\/rocknrollufo\" \/>\n<meta property=\"article:modified_time\" content=\"2026-02-18T08:31:48+00:00\" \/>\n<meta property=\"og:image\" content=\"https:\/\/rockufo.fr\/wp-content\/uploads\/2020\/06\/toutBruler.jpg\" \/>\n\t<meta property=\"og:image:width\" content=\"960\" \/>\n\t<meta property=\"og:image:height\" content=\"960\" \/>\n\t<meta property=\"og:image:type\" content=\"image\/jpeg\" \/>\n<meta name=\"twitter:card\" content=\"summary_large_image\" \/>\n<meta name=\"twitter:label1\" content=\"Estimated reading time\" \/>\n\t<meta name=\"twitter:data1\" content=\"1 minute\" \/>\n<script type=\"application\/ld+json\" class=\"yoast-schema-graph\">{\"@context\":\"https:\\\/\\\/schema.org\",\"@graph\":[{\"@type\":\"WebPage\",\"@id\":\"https:\\\/\\\/rockufo.fr\\\/product\\\/tout-bruler\\\/\",\"url\":\"https:\\\/\\\/rockufo.fr\\\/product\\\/tout-bruler\\\/\",\"name\":\"Tabula Raza \\\/ Les Dead Boobs - Tout br\u00fbler - Rock&#039;n&#039;roll UFO\",\"isPartOf\":{\"@id\":\"https:\\\/\\\/rockufo.fr\\\/#website\"},\"primaryImageOfPage\":{\"@id\":\"https:\\\/\\\/rockufo.fr\\\/product\\\/tout-bruler\\\/#primaryimage\"},\"image\":{\"@id\":\"https:\\\/\\\/rockufo.fr\\\/product\\\/tout-bruler\\\/#primaryimage\"},\"thumbnailUrl\":\"https:\\\/\\\/rockufo.fr\\\/wp-content\\\/uploads\\\/2020\\\/06\\\/toutBruler.jpg\",\"datePublished\":\"2021-12-16T21:18:27+00:00\",\"dateModified\":\"2026-02-18T08:31:48+00:00\",\"description\":\"Tabula Raza avaient enregistr\u00e9 un EP mais il s'av\u00e9rait que c'\u00e9tait peu. Ils ont donc propos\u00e9 aux Dead Boobs de partager l'EP et de le transformer en\",\"breadcrumb\":{\"@id\":\"https:\\\/\\\/rockufo.fr\\\/product\\\/tout-bruler\\\/#breadcrumb\"},\"inLanguage\":\"en-GB\",\"potentialAction\":[{\"@type\":\"ReadAction\",\"target\":[\"https:\\\/\\\/rockufo.fr\\\/product\\\/tout-bruler\\\/\"]}]},{\"@type\":\"ImageObject\",\"inLanguage\":\"en-GB\",\"@id\":\"https:\\\/\\\/rockufo.fr\\\/product\\\/tout-bruler\\\/#primaryimage\",\"url\":\"https:\\\/\\\/rockufo.fr\\\/wp-content\\\/uploads\\\/2020\\\/06\\\/toutBruler.jpg\",\"contentUrl\":\"https:\\\/\\\/rockufo.fr\\\/wp-content\\\/uploads\\\/2020\\\/06\\\/toutBruler.jpg\",\"width\":960,\"height\":960},{\"@type\":\"BreadcrumbList\",\"@id\":\"https:\\\/\\\/rockufo.fr\\\/product\\\/tout-bruler\\\/#breadcrumb\",\"itemListElement\":[{\"@type\":\"ListItem\",\"position\":1,\"name\":\"Accueil\",\"item\":\"https:\\\/\\\/rockufo.fr\\\/\"},{\"@type\":\"ListItem\",\"position\":2,\"name\":\"Nos r\u00e9f\u00e9rences\",\"item\":\"https:\\\/\\\/rockufo.fr\\\/\"},{\"@type\":\"ListItem\",\"position\":3,\"name\":\"Tout br\u00fbler\"}]},{\"@type\":\"WebSite\",\"@id\":\"https:\\\/\\\/rockufo.fr\\\/#website\",\"url\":\"https:\\\/\\\/rockufo.fr\\\/\",\"name\":\"Rock'n'roll UFO\",\"description\":\"Distro punk\\\/rock de l&#039;espace.\",\"publisher\":{\"@id\":\"https:\\\/\\\/rockufo.fr\\\/#organization\"},\"alternateName\":\"Rock UFO\",\"potentialAction\":[{\"@type\":\"SearchAction\",\"target\":{\"@type\":\"EntryPoint\",\"urlTemplate\":\"https:\\\/\\\/rockufo.fr\\\/?s={search_term_string}\"},\"query-input\":{\"@type\":\"PropertyValueSpecification\",\"valueRequired\":true,\"valueName\":\"search_term_string\"}}],\"inLanguage\":\"en-GB\"},{\"@type\":\"Organization\",\"@id\":\"https:\\\/\\\/rockufo.fr\\\/#organization\",\"name\":\"Rock'n'roll UFO\",\"alternateName\":\"Rock UFO\",\"url\":\"https:\\\/\\\/rockufo.fr\\\/\",\"logo\":{\"@type\":\"ImageObject\",\"inLanguage\":\"en-GB\",\"@id\":\"https:\\\/\\\/rockufo.fr\\\/#\\\/schema\\\/logo\\\/image\\\/\",\"url\":\"https:\\\/\\\/rockufo.fr\\\/wp-content\\\/uploads\\\/2022\\\/01\\\/logo_pdf.png\",\"contentUrl\":\"https:\\\/\\\/rockufo.fr\\\/wp-content\\\/uploads\\\/2022\\\/01\\\/logo_pdf.png\",\"width\":250,\"height\":250,\"caption\":\"Rock'n'roll UFO\"},\"image\":{\"@id\":\"https:\\\/\\\/rockufo.fr\\\/#\\\/schema\\\/logo\\\/image\\\/\"},\"sameAs\":[\"https:\\\/\\\/www.facebook.com\\\/rocknrollufo\",\"https:\\\/\\\/www.instagram.com\\\/rocknrollufo\"]}]}<\/script>\n<!-- \/ Yoast SEO plugin. -->","yoast_head_json":{"title":"Tabula Raza \/ Les Dead Boobs - Tout br\u00fbler - Rock&#039;n&#039;roll UFO","description":"Tabula Raza avaient enregistr\u00e9 un EP mais il s'av\u00e9rait que c'\u00e9tait peu. Ils ont donc propos\u00e9 aux Dead Boobs de partager l'EP et de le transformer en","robots":{"index":"index","follow":"follow","max-snippet":"max-snippet:-1","max-image-preview":"max-image-preview:large","max-video-preview":"max-video-preview:-1"},"canonical":"https:\/\/rockufo.fr\/en\/product\/tout-bruler\/","og_locale":"en_GB","og_type":"article","og_title":"Tabula Raza \/ Les Dead Boobs - Tout br\u00fbler - Rock&#039;n&#039;roll UFO","og_description":"Tabula Raza avaient enregistr\u00e9 un EP mais il s'av\u00e9rait que c'\u00e9tait peu. Ils ont donc propos\u00e9 aux Dead Boobs de partager l'EP et de le transformer en","og_url":"https:\/\/rockufo.fr\/en\/product\/tout-bruler\/","og_site_name":"Rock&#039;n&#039;roll UFO","article_publisher":"https:\/\/www.facebook.com\/rocknrollufo","article_modified_time":"2026-02-18T08:31:48+00:00","og_image":[{"width":960,"height":960,"url":"https:\/\/rockufo.fr\/wp-content\/uploads\/2020\/06\/toutBruler.jpg","type":"image\/jpeg"}],"twitter_card":"summary_large_image","twitter_misc":{"Estimated reading time":"1 minute"},"schema":{"@context":"https:\/\/schema.org","@graph":[{"@type":"WebPage","@id":"https:\/\/rockufo.fr\/product\/tout-bruler\/","url":"https:\/\/rockufo.fr\/product\/tout-bruler\/","name":"Tabula Raza \/ Les Dead Boobs - Tout br\u00fbler - Rock&#039;n&#039;roll UFO","isPartOf":{"@id":"https:\/\/rockufo.fr\/#website"},"primaryImageOfPage":{"@id":"https:\/\/rockufo.fr\/product\/tout-bruler\/#primaryimage"},"image":{"@id":"https:\/\/rockufo.fr\/product\/tout-bruler\/#primaryimage"},"thumbnailUrl":"https:\/\/rockufo.fr\/wp-content\/uploads\/2020\/06\/toutBruler.jpg","datePublished":"2021-12-16T21:18:27+00:00","dateModified":"2026-02-18T08:31:48+00:00","description":"Tabula Raza avaient enregistr\u00e9 un EP mais il s'av\u00e9rait que c'\u00e9tait peu. Ils ont donc propos\u00e9 aux Dead Boobs de partager l'EP et de le transformer en","breadcrumb":{"@id":"https:\/\/rockufo.fr\/product\/tout-bruler\/#breadcrumb"},"inLanguage":"en-GB","potentialAction":[{"@type":"ReadAction","target":["https:\/\/rockufo.fr\/product\/tout-bruler\/"]}]},{"@type":"ImageObject","inLanguage":"en-GB","@id":"https:\/\/rockufo.fr\/product\/tout-bruler\/#primaryimage","url":"https:\/\/rockufo.fr\/wp-content\/uploads\/2020\/06\/toutBruler.jpg","contentUrl":"https:\/\/rockufo.fr\/wp-content\/uploads\/2020\/06\/toutBruler.jpg","width":960,"height":960},{"@type":"BreadcrumbList","@id":"https:\/\/rockufo.fr\/product\/tout-bruler\/#breadcrumb","itemListElement":[{"@type":"ListItem","position":1,"name":"Accueil","item":"https:\/\/rockufo.fr\/"},{"@type":"ListItem","position":2,"name":"Nos r\u00e9f\u00e9rences","item":"https:\/\/rockufo.fr\/"},{"@type":"ListItem","position":3,"name":"Tout br\u00fbler"}]},{"@type":"WebSite","@id":"https:\/\/rockufo.fr\/#website","url":"https:\/\/rockufo.fr\/","name":"Rock'n'roll UFO","description":"Distro punk\/rock de l&#039;espace.","publisher":{"@id":"https:\/\/rockufo.fr\/#organization"},"alternateName":"Rock UFO","potentialAction":[{"@type":"SearchAction","target":{"@type":"EntryPoint","urlTemplate":"https:\/\/rockufo.fr\/?s={search_term_string}"},"query-input":{"@type":"PropertyValueSpecification","valueRequired":true,"valueName":"search_term_string"}}],"inLanguage":"en-GB"},{"@type":"Organization","@id":"https:\/\/rockufo.fr\/#organization","name":"Rock'n'roll UFO","alternateName":"Rock UFO","url":"https:\/\/rockufo.fr\/","logo":{"@type":"ImageObject","inLanguage":"en-GB","@id":"https:\/\/rockufo.fr\/#\/schema\/logo\/image\/","url":"https:\/\/rockufo.fr\/wp-content\/uploads\/2022\/01\/logo_pdf.png","contentUrl":"https:\/\/rockufo.fr\/wp-content\/uploads\/2022\/01\/logo_pdf.png","width":250,"height":250,"caption":"Rock'n'roll UFO"},"image":{"@id":"https:\/\/rockufo.fr\/#\/schema\/logo\/image\/"},"sameAs":["https:\/\/www.facebook.com\/rocknrollufo","https:\/\/www.instagram.com\/rocknrollufo"]}]}},"_links":{"self":[{"href":"https:\/\/rockufo.fr\/en\/wp-json\/wp\/v2\/product\/866","targetHints":{"allow":["GET"]}}],"collection":[{"href":"https:\/\/rockufo.fr\/en\/wp-json\/wp\/v2\/product"}],"about":[{"href":"https:\/\/rockufo.fr\/en\/wp-json\/wp\/v2\/types\/product"}],"wp:featuredmedia":[{"embeddable":true,"href":"https:\/\/rockufo.fr\/en\/wp-json\/wp\/v2\/media\/626"}],"wp:attachment":[{"href":"https:\/\/rockufo.fr\/en\/wp-json\/wp\/v2\/media?parent=866"}],"wp:term":[{"taxonomy":"product_brand","embeddable":true,"href":"https:\/\/rockufo.fr\/en\/wp-json\/wp\/v2\/product_brand?post=866"},{"taxonomy":"product_cat","embeddable":true,"href":"https:\/\/rockufo.fr\/en\/wp-json\/wp\/v2\/product_cat?post=866"},{"taxonomy":"product_tag","embeddable":true,"href":"https:\/\/rockufo.fr\/en\/wp-json\/wp\/v2\/product_tag?post=866"}],"curies":[{"name":"wp","href":"https:\/\/api.w.org\/{rel}","templated":true}]}}