{"id":843,"date":"2021-12-13T11:44:39","date_gmt":"2021-12-13T10:44:39","guid":{"rendered":"http:\/\/rockufo.fr\/?post_type=product&#038;p=843"},"modified":"2025-10-29T11:00:43","modified_gmt":"2025-10-29T10:00:43","slug":"1er-disque-posthume","status":"publish","type":"product","link":"https:\/\/rockufo.fr\/en\/product\/1er-disque-posthume\/","title":{"rendered":"1er disque posthume"},"content":{"rendered":"<p>Disque vinyle 7\u201d 45t de couleur. 1er single de Johnny Est Mort, avec les titres \u201cMeine Liebe\u201d et \u201cOui\u2026Mais\u2026\u201d sur un tr\u00e8s joli disque vinyle.<\/p>\n<p>Disponible en pack avec <a href=\"https:\/\/rockufo.fr\/en\/product\/2eme-disque-posthume\/\">le deuxi\u00e8me vinyle<\/a> ou avec <a href=\"https:\/\/rockufo.fr\/en\/product\/%e6%84%9b-mini-album\/\">le mini album<\/a>.<\/p>\n<p>MP3 download included.<\/p>","protected":false},"excerpt":{"rendered":"<p>Disque vinyle 7\u201d 45t de couleur. 1er single de Johnny Est Mort, avec les titres \u201cMeine Liebe\u201d et \u201cOui\u2026Mais\u2026\u201d sur un tr\u00e8s joli disque vinyle. Disponible en pack avec le deuxi\u00e8me vinyle ou avec le mini album. T\u00e9l\u00e9chargement en mp3 inclus.<\/p>","protected":false},"featured_media":670,"template":"","meta":{"_acf_changed":false},"product_brand":[],"product_cat":[81],"product_tag":[104],"class_list":{"0":"post-843","1":"product","2":"type-product","3":"status-publish","4":"has-post-thumbnail","6":"product_cat-vinyles","7":"product_tag-vinyle-7","9":"first","10":"instock","11":"taxable","12":"shipping-taxable","13":"purchasable","14":"product-type-variable"},"acf":[],"yoast_head":"<!-- This site is optimized with the Yoast SEO plugin v27.4 - https:\/\/yoast.com\/product\/yoast-seo-wordpress\/ -->\n<title>Johnny est mort - 1er disque posthume - Rock&#039;n&#039;roll UFO<\/title>\n<meta name=\"description\" content=\"Disque vinyle 7\u201d 45t de couleur. 1er single de Johnny Est Mort, avec les titres \u201cMeine Liebe\u201d et \u201cOui\u2026Mais\u2026\u201d sur un tr\u00e8s joli disque vinyle. Disponible en\" \/>\n<meta name=\"robots\" content=\"index, follow, max-snippet:-1, max-image-preview:large, max-video-preview:-1\" \/>\n<link rel=\"canonical\" href=\"https:\/\/rockufo.fr\/en\/product\/1er-disque-posthume\/\" \/>\n<meta property=\"og:locale\" content=\"en_GB\" \/>\n<meta property=\"og:type\" content=\"article\" \/>\n<meta property=\"og:title\" content=\"Johnny est mort - 1er disque posthume - Rock&#039;n&#039;roll UFO\" \/>\n<meta property=\"og:description\" content=\"Disque vinyle 7\u201d 45t de couleur. 1er single de Johnny Est Mort, avec les titres \u201cMeine Liebe\u201d et \u201cOui\u2026Mais\u2026\u201d sur un tr\u00e8s joli disque vinyle. Disponible en\" \/>\n<meta property=\"og:url\" content=\"https:\/\/rockufo.fr\/en\/product\/1er-disque-posthume\/\" \/>\n<meta property=\"og:site_name\" content=\"Rock&#039;n&#039;roll UFO\" \/>\n<meta property=\"article:publisher\" content=\"https:\/\/www.facebook.com\/rocknrollufo\" \/>\n<meta property=\"article:modified_time\" content=\"2025-10-29T10:00:43+00:00\" \/>\n<meta property=\"og:image\" content=\"https:\/\/rockufo.fr\/wp-content\/uploads\/2020\/08\/JEM-1er-disque.png\" \/>\n\t<meta property=\"og:image:width\" content=\"976\" \/>\n\t<meta property=\"og:image:height\" content=\"976\" \/>\n\t<meta property=\"og:image:type\" content=\"image\/png\" \/>\n<meta name=\"twitter:card\" content=\"summary_large_image\" \/>\n<script type=\"application\/ld+json\" class=\"yoast-schema-graph\">{\"@context\":\"https:\\\/\\\/schema.org\",\"@graph\":[{\"@type\":\"WebPage\",\"@id\":\"https:\\\/\\\/rockufo.fr\\\/product\\\/1er-disque-posthume\\\/\",\"url\":\"https:\\\/\\\/rockufo.fr\\\/product\\\/1er-disque-posthume\\\/\",\"name\":\"Johnny est mort - 1er disque posthume - Rock&#039;n&#039;roll UFO\",\"isPartOf\":{\"@id\":\"https:\\\/\\\/rockufo.fr\\\/#website\"},\"primaryImageOfPage\":{\"@id\":\"https:\\\/\\\/rockufo.fr\\\/product\\\/1er-disque-posthume\\\/#primaryimage\"},\"image\":{\"@id\":\"https:\\\/\\\/rockufo.fr\\\/product\\\/1er-disque-posthume\\\/#primaryimage\"},\"thumbnailUrl\":\"https:\\\/\\\/rockufo.fr\\\/wp-content\\\/uploads\\\/2020\\\/08\\\/JEM-1er-disque.png\",\"datePublished\":\"2021-12-13T10:44:39+00:00\",\"dateModified\":\"2025-10-29T10:00:43+00:00\",\"description\":\"Disque vinyle 7\u201d 45t de couleur. 1er single de Johnny Est Mort, avec les titres \u201cMeine Liebe\u201d et \u201cOui\u2026Mais\u2026\u201d sur un tr\u00e8s joli disque vinyle. Disponible en\",\"breadcrumb\":{\"@id\":\"https:\\\/\\\/rockufo.fr\\\/product\\\/1er-disque-posthume\\\/#breadcrumb\"},\"inLanguage\":\"en-GB\",\"potentialAction\":[{\"@type\":\"ReadAction\",\"target\":[\"https:\\\/\\\/rockufo.fr\\\/product\\\/1er-disque-posthume\\\/\"]}]},{\"@type\":\"ImageObject\",\"inLanguage\":\"en-GB\",\"@id\":\"https:\\\/\\\/rockufo.fr\\\/product\\\/1er-disque-posthume\\\/#primaryimage\",\"url\":\"https:\\\/\\\/rockufo.fr\\\/wp-content\\\/uploads\\\/2020\\\/08\\\/JEM-1er-disque.png\",\"contentUrl\":\"https:\\\/\\\/rockufo.fr\\\/wp-content\\\/uploads\\\/2020\\\/08\\\/JEM-1er-disque.png\",\"width\":976,\"height\":976},{\"@type\":\"BreadcrumbList\",\"@id\":\"https:\\\/\\\/rockufo.fr\\\/product\\\/1er-disque-posthume\\\/#breadcrumb\",\"itemListElement\":[{\"@type\":\"ListItem\",\"position\":1,\"name\":\"Accueil\",\"item\":\"https:\\\/\\\/rockufo.fr\\\/\"},{\"@type\":\"ListItem\",\"position\":2,\"name\":\"Nos r\u00e9f\u00e9rences\",\"item\":\"https:\\\/\\\/rockufo.fr\\\/\"},{\"@type\":\"ListItem\",\"position\":3,\"name\":\"1er disque posthume\"}]},{\"@type\":\"WebSite\",\"@id\":\"https:\\\/\\\/rockufo.fr\\\/#website\",\"url\":\"https:\\\/\\\/rockufo.fr\\\/\",\"name\":\"Rock'n'roll UFO\",\"description\":\"Distro punk\\\/rock de l&#039;espace.\",\"publisher\":{\"@id\":\"https:\\\/\\\/rockufo.fr\\\/#organization\"},\"alternateName\":\"Rock UFO\",\"potentialAction\":[{\"@type\":\"SearchAction\",\"target\":{\"@type\":\"EntryPoint\",\"urlTemplate\":\"https:\\\/\\\/rockufo.fr\\\/?s={search_term_string}\"},\"query-input\":{\"@type\":\"PropertyValueSpecification\",\"valueRequired\":true,\"valueName\":\"search_term_string\"}}],\"inLanguage\":\"en-GB\"},{\"@type\":\"Organization\",\"@id\":\"https:\\\/\\\/rockufo.fr\\\/#organization\",\"name\":\"Rock'n'roll UFO\",\"alternateName\":\"Rock UFO\",\"url\":\"https:\\\/\\\/rockufo.fr\\\/\",\"logo\":{\"@type\":\"ImageObject\",\"inLanguage\":\"en-GB\",\"@id\":\"https:\\\/\\\/rockufo.fr\\\/#\\\/schema\\\/logo\\\/image\\\/\",\"url\":\"https:\\\/\\\/rockufo.fr\\\/wp-content\\\/uploads\\\/2022\\\/01\\\/logo_pdf.png\",\"contentUrl\":\"https:\\\/\\\/rockufo.fr\\\/wp-content\\\/uploads\\\/2022\\\/01\\\/logo_pdf.png\",\"width\":250,\"height\":250,\"caption\":\"Rock'n'roll UFO\"},\"image\":{\"@id\":\"https:\\\/\\\/rockufo.fr\\\/#\\\/schema\\\/logo\\\/image\\\/\"},\"sameAs\":[\"https:\\\/\\\/www.facebook.com\\\/rocknrollufo\",\"https:\\\/\\\/www.instagram.com\\\/rocknrollufo\"]}]}<\/script>\n<!-- \/ Yoast SEO plugin. -->","yoast_head_json":{"title":"Johnny est mort - 1er disque posthume - Rock&#039;n&#039;roll UFO","description":"Disque vinyle 7\u201d 45t de couleur. 1er single de Johnny Est Mort, avec les titres \u201cMeine Liebe\u201d et \u201cOui\u2026Mais\u2026\u201d sur un tr\u00e8s joli disque vinyle. Disponible en","robots":{"index":"index","follow":"follow","max-snippet":"max-snippet:-1","max-image-preview":"max-image-preview:large","max-video-preview":"max-video-preview:-1"},"canonical":"https:\/\/rockufo.fr\/en\/product\/1er-disque-posthume\/","og_locale":"en_GB","og_type":"article","og_title":"Johnny est mort - 1er disque posthume - Rock&#039;n&#039;roll UFO","og_description":"Disque vinyle 7\u201d 45t de couleur. 1er single de Johnny Est Mort, avec les titres \u201cMeine Liebe\u201d et \u201cOui\u2026Mais\u2026\u201d sur un tr\u00e8s joli disque vinyle. Disponible en","og_url":"https:\/\/rockufo.fr\/en\/product\/1er-disque-posthume\/","og_site_name":"Rock&#039;n&#039;roll UFO","article_publisher":"https:\/\/www.facebook.com\/rocknrollufo","article_modified_time":"2025-10-29T10:00:43+00:00","og_image":[{"width":976,"height":976,"url":"https:\/\/rockufo.fr\/wp-content\/uploads\/2020\/08\/JEM-1er-disque.png","type":"image\/png"}],"twitter_card":"summary_large_image","schema":{"@context":"https:\/\/schema.org","@graph":[{"@type":"WebPage","@id":"https:\/\/rockufo.fr\/product\/1er-disque-posthume\/","url":"https:\/\/rockufo.fr\/product\/1er-disque-posthume\/","name":"Johnny est mort - 1er disque posthume - Rock&#039;n&#039;roll UFO","isPartOf":{"@id":"https:\/\/rockufo.fr\/#website"},"primaryImageOfPage":{"@id":"https:\/\/rockufo.fr\/product\/1er-disque-posthume\/#primaryimage"},"image":{"@id":"https:\/\/rockufo.fr\/product\/1er-disque-posthume\/#primaryimage"},"thumbnailUrl":"https:\/\/rockufo.fr\/wp-content\/uploads\/2020\/08\/JEM-1er-disque.png","datePublished":"2021-12-13T10:44:39+00:00","dateModified":"2025-10-29T10:00:43+00:00","description":"Disque vinyle 7\u201d 45t de couleur. 1er single de Johnny Est Mort, avec les titres \u201cMeine Liebe\u201d et \u201cOui\u2026Mais\u2026\u201d sur un tr\u00e8s joli disque vinyle. Disponible en","breadcrumb":{"@id":"https:\/\/rockufo.fr\/product\/1er-disque-posthume\/#breadcrumb"},"inLanguage":"en-GB","potentialAction":[{"@type":"ReadAction","target":["https:\/\/rockufo.fr\/product\/1er-disque-posthume\/"]}]},{"@type":"ImageObject","inLanguage":"en-GB","@id":"https:\/\/rockufo.fr\/product\/1er-disque-posthume\/#primaryimage","url":"https:\/\/rockufo.fr\/wp-content\/uploads\/2020\/08\/JEM-1er-disque.png","contentUrl":"https:\/\/rockufo.fr\/wp-content\/uploads\/2020\/08\/JEM-1er-disque.png","width":976,"height":976},{"@type":"BreadcrumbList","@id":"https:\/\/rockufo.fr\/product\/1er-disque-posthume\/#breadcrumb","itemListElement":[{"@type":"ListItem","position":1,"name":"Accueil","item":"https:\/\/rockufo.fr\/"},{"@type":"ListItem","position":2,"name":"Nos r\u00e9f\u00e9rences","item":"https:\/\/rockufo.fr\/"},{"@type":"ListItem","position":3,"name":"1er disque posthume"}]},{"@type":"WebSite","@id":"https:\/\/rockufo.fr\/#website","url":"https:\/\/rockufo.fr\/","name":"Rock'n'roll UFO","description":"Distro punk\/rock de l&#039;espace.","publisher":{"@id":"https:\/\/rockufo.fr\/#organization"},"alternateName":"Rock UFO","potentialAction":[{"@type":"SearchAction","target":{"@type":"EntryPoint","urlTemplate":"https:\/\/rockufo.fr\/?s={search_term_string}"},"query-input":{"@type":"PropertyValueSpecification","valueRequired":true,"valueName":"search_term_string"}}],"inLanguage":"en-GB"},{"@type":"Organization","@id":"https:\/\/rockufo.fr\/#organization","name":"Rock'n'roll UFO","alternateName":"Rock UFO","url":"https:\/\/rockufo.fr\/","logo":{"@type":"ImageObject","inLanguage":"en-GB","@id":"https:\/\/rockufo.fr\/#\/schema\/logo\/image\/","url":"https:\/\/rockufo.fr\/wp-content\/uploads\/2022\/01\/logo_pdf.png","contentUrl":"https:\/\/rockufo.fr\/wp-content\/uploads\/2022\/01\/logo_pdf.png","width":250,"height":250,"caption":"Rock'n'roll UFO"},"image":{"@id":"https:\/\/rockufo.fr\/#\/schema\/logo\/image\/"},"sameAs":["https:\/\/www.facebook.com\/rocknrollufo","https:\/\/www.instagram.com\/rocknrollufo"]}]}},"_links":{"self":[{"href":"https:\/\/rockufo.fr\/en\/wp-json\/wp\/v2\/product\/843","targetHints":{"allow":["GET"]}}],"collection":[{"href":"https:\/\/rockufo.fr\/en\/wp-json\/wp\/v2\/product"}],"about":[{"href":"https:\/\/rockufo.fr\/en\/wp-json\/wp\/v2\/types\/product"}],"wp:featuredmedia":[{"embeddable":true,"href":"https:\/\/rockufo.fr\/en\/wp-json\/wp\/v2\/media\/670"}],"wp:attachment":[{"href":"https:\/\/rockufo.fr\/en\/wp-json\/wp\/v2\/media?parent=843"}],"wp:term":[{"taxonomy":"product_brand","embeddable":true,"href":"https:\/\/rockufo.fr\/en\/wp-json\/wp\/v2\/product_brand?post=843"},{"taxonomy":"product_cat","embeddable":true,"href":"https:\/\/rockufo.fr\/en\/wp-json\/wp\/v2\/product_cat?post=843"},{"taxonomy":"product_tag","embeddable":true,"href":"https:\/\/rockufo.fr\/en\/wp-json\/wp\/v2\/product_tag?post=843"}],"curies":[{"name":"wp","href":"https:\/\/api.w.org\/{rel}","templated":true}]}}