{"id":839,"date":"2021-12-13T11:20:38","date_gmt":"2021-12-13T10:20:38","guid":{"rendered":"http:\/\/rockufo.fr\/?post_type=product&#038;p=839"},"modified":"2026-01-14T22:34:45","modified_gmt":"2026-01-14T21:34:45","slug":"par-ici-la-sortie","status":"publish","type":"product","link":"https:\/\/rockufo.fr\/en\/product\/par-ici-la-sortie\/","title":{"rendered":"Par ici la sortie"},"content":{"rendered":"<p>Le nouveau CD des Vierges !<\/p>\n<p>Treize nouveaux enregistrements, treize coups de canif dans le contrat !<br \/>\nTreize chansons parmi lesquelles quelques d\u00e9mos des ann\u00e9es 80 enfin finalis\u00e9es, un in\u00e9dit des $heriff, une reprise de Nigel Lewis, quelques classiques et de nouvelles chansons.<\/p>\n<p>Treize chansons enregistr\u00e9es, mix\u00e9es et masteris\u00e9es par Spi au Studio Pendragon et mises en pochette par Rewindltd.<\/p>","protected":false},"excerpt":{"rendered":"<p>Le nouveau CD des Vierges ! Treize nouveaux enregistrements, treize coups de canif dans le contrat ! Treize chansons parmi lesquelles quelques d\u00e9mos des ann\u00e9es 80 enfin finalis\u00e9es, un in\u00e9dit des $heriff, une reprise de Nigel Lewis, quelques classiques et de nouvelles chansons. Treize chansons enregistr\u00e9es, mix\u00e9es et masteris\u00e9es par Spi au Studio Pendragon et [&hellip;]<\/p>\n","protected":false},"featured_media":840,"template":"","meta":{"_acf_changed":false},"product_brand":[],"product_cat":[76],"product_tag":[99],"class_list":{"0":"post-839","1":"product","2":"type-product","3":"status-publish","4":"has-post-thumbnail","6":"product_cat-cd","7":"product_tag-cd","8":"product_shipping_class-cd","10":"first","11":"instock","12":"taxable","13":"shipping-taxable","14":"purchasable","15":"product-type-simple"},"acf":[],"yoast_head":"<!-- This site is optimized with the Yoast SEO plugin v27.4 - https:\/\/yoast.com\/product\/yoast-seo-wordpress\/ -->\n<title>Les Vierges - Par ici la sortie - Rock&#039;n&#039;roll UFO<\/title>\n<meta name=\"description\" content=\"Le nouveau CD des Vierges ! Treize nouveaux enregistrements, treize coups de canif dans le contrat ! Treize chansons parmi lesquelles quelques d\u00e9mos des\" \/>\n<meta name=\"robots\" content=\"index, follow, max-snippet:-1, max-image-preview:large, max-video-preview:-1\" \/>\n<link rel=\"canonical\" href=\"https:\/\/rockufo.fr\/en\/product\/par-ici-la-sortie\/\" \/>\n<meta property=\"og:locale\" content=\"en_GB\" \/>\n<meta property=\"og:type\" content=\"article\" \/>\n<meta property=\"og:title\" content=\"Les Vierges - Par ici la sortie - Rock&#039;n&#039;roll UFO\" \/>\n<meta property=\"og:description\" content=\"Le nouveau CD des Vierges ! Treize nouveaux enregistrements, treize coups de canif dans le contrat ! Treize chansons parmi lesquelles quelques d\u00e9mos des\" \/>\n<meta property=\"og:url\" content=\"https:\/\/rockufo.fr\/en\/product\/par-ici-la-sortie\/\" \/>\n<meta property=\"og:site_name\" content=\"Rock&#039;n&#039;roll UFO\" \/>\n<meta property=\"article:publisher\" content=\"https:\/\/www.facebook.com\/rocknrollufo\" \/>\n<meta property=\"article:modified_time\" content=\"2026-01-14T21:34:45+00:00\" \/>\n<meta property=\"og:image\" content=\"https:\/\/rockufo.fr\/wp-content\/uploads\/2021\/12\/VIERGES-pochette.jpg\" \/>\n\t<meta property=\"og:image:width\" content=\"1641\" \/>\n\t<meta property=\"og:image:height\" content=\"1476\" \/>\n\t<meta property=\"og:image:type\" content=\"image\/jpeg\" \/>\n<meta name=\"twitter:card\" content=\"summary_large_image\" \/>\n<script type=\"application\/ld+json\" class=\"yoast-schema-graph\">{\"@context\":\"https:\\\/\\\/schema.org\",\"@graph\":[{\"@type\":\"WebPage\",\"@id\":\"https:\\\/\\\/rockufo.fr\\\/product\\\/par-ici-la-sortie\\\/\",\"url\":\"https:\\\/\\\/rockufo.fr\\\/product\\\/par-ici-la-sortie\\\/\",\"name\":\"Les Vierges - Par ici la sortie - Rock&#039;n&#039;roll UFO\",\"isPartOf\":{\"@id\":\"https:\\\/\\\/rockufo.fr\\\/#website\"},\"primaryImageOfPage\":{\"@id\":\"https:\\\/\\\/rockufo.fr\\\/product\\\/par-ici-la-sortie\\\/#primaryimage\"},\"image\":{\"@id\":\"https:\\\/\\\/rockufo.fr\\\/product\\\/par-ici-la-sortie\\\/#primaryimage\"},\"thumbnailUrl\":\"https:\\\/\\\/rockufo.fr\\\/wp-content\\\/uploads\\\/2021\\\/12\\\/VIERGES-pochette.jpg\",\"datePublished\":\"2021-12-13T10:20:38+00:00\",\"dateModified\":\"2026-01-14T21:34:45+00:00\",\"description\":\"Le nouveau CD des Vierges ! Treize nouveaux enregistrements, treize coups de canif dans le contrat ! Treize chansons parmi lesquelles quelques d\u00e9mos des\",\"breadcrumb\":{\"@id\":\"https:\\\/\\\/rockufo.fr\\\/product\\\/par-ici-la-sortie\\\/#breadcrumb\"},\"inLanguage\":\"en-GB\",\"potentialAction\":[{\"@type\":\"ReadAction\",\"target\":[\"https:\\\/\\\/rockufo.fr\\\/product\\\/par-ici-la-sortie\\\/\"]}]},{\"@type\":\"ImageObject\",\"inLanguage\":\"en-GB\",\"@id\":\"https:\\\/\\\/rockufo.fr\\\/product\\\/par-ici-la-sortie\\\/#primaryimage\",\"url\":\"https:\\\/\\\/rockufo.fr\\\/wp-content\\\/uploads\\\/2021\\\/12\\\/VIERGES-pochette.jpg\",\"contentUrl\":\"https:\\\/\\\/rockufo.fr\\\/wp-content\\\/uploads\\\/2021\\\/12\\\/VIERGES-pochette.jpg\",\"width\":1641,\"height\":1476},{\"@type\":\"BreadcrumbList\",\"@id\":\"https:\\\/\\\/rockufo.fr\\\/product\\\/par-ici-la-sortie\\\/#breadcrumb\",\"itemListElement\":[{\"@type\":\"ListItem\",\"position\":1,\"name\":\"Accueil\",\"item\":\"https:\\\/\\\/rockufo.fr\\\/\"},{\"@type\":\"ListItem\",\"position\":2,\"name\":\"Nos r\u00e9f\u00e9rences\",\"item\":\"https:\\\/\\\/rockufo.fr\\\/\"},{\"@type\":\"ListItem\",\"position\":3,\"name\":\"Par ici la sortie\"}]},{\"@type\":\"WebSite\",\"@id\":\"https:\\\/\\\/rockufo.fr\\\/#website\",\"url\":\"https:\\\/\\\/rockufo.fr\\\/\",\"name\":\"Rock'n'roll UFO\",\"description\":\"Distro punk\\\/rock de l&#039;espace.\",\"publisher\":{\"@id\":\"https:\\\/\\\/rockufo.fr\\\/#organization\"},\"alternateName\":\"Rock UFO\",\"potentialAction\":[{\"@type\":\"SearchAction\",\"target\":{\"@type\":\"EntryPoint\",\"urlTemplate\":\"https:\\\/\\\/rockufo.fr\\\/?s={search_term_string}\"},\"query-input\":{\"@type\":\"PropertyValueSpecification\",\"valueRequired\":true,\"valueName\":\"search_term_string\"}}],\"inLanguage\":\"en-GB\"},{\"@type\":\"Organization\",\"@id\":\"https:\\\/\\\/rockufo.fr\\\/#organization\",\"name\":\"Rock'n'roll UFO\",\"alternateName\":\"Rock UFO\",\"url\":\"https:\\\/\\\/rockufo.fr\\\/\",\"logo\":{\"@type\":\"ImageObject\",\"inLanguage\":\"en-GB\",\"@id\":\"https:\\\/\\\/rockufo.fr\\\/#\\\/schema\\\/logo\\\/image\\\/\",\"url\":\"https:\\\/\\\/rockufo.fr\\\/wp-content\\\/uploads\\\/2022\\\/01\\\/logo_pdf.png\",\"contentUrl\":\"https:\\\/\\\/rockufo.fr\\\/wp-content\\\/uploads\\\/2022\\\/01\\\/logo_pdf.png\",\"width\":250,\"height\":250,\"caption\":\"Rock'n'roll UFO\"},\"image\":{\"@id\":\"https:\\\/\\\/rockufo.fr\\\/#\\\/schema\\\/logo\\\/image\\\/\"},\"sameAs\":[\"https:\\\/\\\/www.facebook.com\\\/rocknrollufo\",\"https:\\\/\\\/www.instagram.com\\\/rocknrollufo\"]}]}<\/script>\n<!-- \/ Yoast SEO plugin. -->","yoast_head_json":{"title":"Les Vierges - Par ici la sortie - Rock&#039;n&#039;roll UFO","description":"Le nouveau CD des Vierges ! Treize nouveaux enregistrements, treize coups de canif dans le contrat ! Treize chansons parmi lesquelles quelques d\u00e9mos des","robots":{"index":"index","follow":"follow","max-snippet":"max-snippet:-1","max-image-preview":"max-image-preview:large","max-video-preview":"max-video-preview:-1"},"canonical":"https:\/\/rockufo.fr\/en\/product\/par-ici-la-sortie\/","og_locale":"en_GB","og_type":"article","og_title":"Les Vierges - Par ici la sortie - Rock&#039;n&#039;roll UFO","og_description":"Le nouveau CD des Vierges ! Treize nouveaux enregistrements, treize coups de canif dans le contrat ! Treize chansons parmi lesquelles quelques d\u00e9mos des","og_url":"https:\/\/rockufo.fr\/en\/product\/par-ici-la-sortie\/","og_site_name":"Rock&#039;n&#039;roll UFO","article_publisher":"https:\/\/www.facebook.com\/rocknrollufo","article_modified_time":"2026-01-14T21:34:45+00:00","og_image":[{"width":1641,"height":1476,"url":"https:\/\/rockufo.fr\/wp-content\/uploads\/2021\/12\/VIERGES-pochette.jpg","type":"image\/jpeg"}],"twitter_card":"summary_large_image","schema":{"@context":"https:\/\/schema.org","@graph":[{"@type":"WebPage","@id":"https:\/\/rockufo.fr\/product\/par-ici-la-sortie\/","url":"https:\/\/rockufo.fr\/product\/par-ici-la-sortie\/","name":"Les Vierges - Par ici la sortie - Rock&#039;n&#039;roll UFO","isPartOf":{"@id":"https:\/\/rockufo.fr\/#website"},"primaryImageOfPage":{"@id":"https:\/\/rockufo.fr\/product\/par-ici-la-sortie\/#primaryimage"},"image":{"@id":"https:\/\/rockufo.fr\/product\/par-ici-la-sortie\/#primaryimage"},"thumbnailUrl":"https:\/\/rockufo.fr\/wp-content\/uploads\/2021\/12\/VIERGES-pochette.jpg","datePublished":"2021-12-13T10:20:38+00:00","dateModified":"2026-01-14T21:34:45+00:00","description":"Le nouveau CD des Vierges ! Treize nouveaux enregistrements, treize coups de canif dans le contrat ! Treize chansons parmi lesquelles quelques d\u00e9mos des","breadcrumb":{"@id":"https:\/\/rockufo.fr\/product\/par-ici-la-sortie\/#breadcrumb"},"inLanguage":"en-GB","potentialAction":[{"@type":"ReadAction","target":["https:\/\/rockufo.fr\/product\/par-ici-la-sortie\/"]}]},{"@type":"ImageObject","inLanguage":"en-GB","@id":"https:\/\/rockufo.fr\/product\/par-ici-la-sortie\/#primaryimage","url":"https:\/\/rockufo.fr\/wp-content\/uploads\/2021\/12\/VIERGES-pochette.jpg","contentUrl":"https:\/\/rockufo.fr\/wp-content\/uploads\/2021\/12\/VIERGES-pochette.jpg","width":1641,"height":1476},{"@type":"BreadcrumbList","@id":"https:\/\/rockufo.fr\/product\/par-ici-la-sortie\/#breadcrumb","itemListElement":[{"@type":"ListItem","position":1,"name":"Accueil","item":"https:\/\/rockufo.fr\/"},{"@type":"ListItem","position":2,"name":"Nos r\u00e9f\u00e9rences","item":"https:\/\/rockufo.fr\/"},{"@type":"ListItem","position":3,"name":"Par ici la sortie"}]},{"@type":"WebSite","@id":"https:\/\/rockufo.fr\/#website","url":"https:\/\/rockufo.fr\/","name":"Rock'n'roll UFO","description":"Distro punk\/rock de l&#039;espace.","publisher":{"@id":"https:\/\/rockufo.fr\/#organization"},"alternateName":"Rock UFO","potentialAction":[{"@type":"SearchAction","target":{"@type":"EntryPoint","urlTemplate":"https:\/\/rockufo.fr\/?s={search_term_string}"},"query-input":{"@type":"PropertyValueSpecification","valueRequired":true,"valueName":"search_term_string"}}],"inLanguage":"en-GB"},{"@type":"Organization","@id":"https:\/\/rockufo.fr\/#organization","name":"Rock'n'roll UFO","alternateName":"Rock UFO","url":"https:\/\/rockufo.fr\/","logo":{"@type":"ImageObject","inLanguage":"en-GB","@id":"https:\/\/rockufo.fr\/#\/schema\/logo\/image\/","url":"https:\/\/rockufo.fr\/wp-content\/uploads\/2022\/01\/logo_pdf.png","contentUrl":"https:\/\/rockufo.fr\/wp-content\/uploads\/2022\/01\/logo_pdf.png","width":250,"height":250,"caption":"Rock'n'roll UFO"},"image":{"@id":"https:\/\/rockufo.fr\/#\/schema\/logo\/image\/"},"sameAs":["https:\/\/www.facebook.com\/rocknrollufo","https:\/\/www.instagram.com\/rocknrollufo"]}]}},"_links":{"self":[{"href":"https:\/\/rockufo.fr\/en\/wp-json\/wp\/v2\/product\/839","targetHints":{"allow":["GET"]}}],"collection":[{"href":"https:\/\/rockufo.fr\/en\/wp-json\/wp\/v2\/product"}],"about":[{"href":"https:\/\/rockufo.fr\/en\/wp-json\/wp\/v2\/types\/product"}],"wp:featuredmedia":[{"embeddable":true,"href":"https:\/\/rockufo.fr\/en\/wp-json\/wp\/v2\/media\/840"}],"wp:attachment":[{"href":"https:\/\/rockufo.fr\/en\/wp-json\/wp\/v2\/media?parent=839"}],"wp:term":[{"taxonomy":"product_brand","embeddable":true,"href":"https:\/\/rockufo.fr\/en\/wp-json\/wp\/v2\/product_brand?post=839"},{"taxonomy":"product_cat","embeddable":true,"href":"https:\/\/rockufo.fr\/en\/wp-json\/wp\/v2\/product_cat?post=839"},{"taxonomy":"product_tag","embeddable":true,"href":"https:\/\/rockufo.fr\/en\/wp-json\/wp\/v2\/product_tag?post=839"}],"curies":[{"name":"wp","href":"https:\/\/api.w.org\/{rel}","templated":true}]}}