{"id":827,"date":"2021-09-21T14:58:22","date_gmt":"2021-09-21T13:58:22","guid":{"rendered":"http:\/\/rockufo.fr\/?post_type=product&#038;p=827"},"modified":"2026-01-21T09:41:51","modified_gmt":"2026-01-21T08:41:51","slug":"live-at-the-omadis","status":"publish","type":"product","link":"https:\/\/rockufo.fr\/en\/product\/live-at-the-omadis\/","title":{"rendered":"Live at the Omadis"},"content":{"rendered":"<p>Comme les Ramones nous l&rsquo;ont appris, apr\u00e8s 3 albums studio, il faut faire un live.<br \/>\nVoici donc notre album \u00ab\u00a0Live at the Omadis\u00a0\u00bb, enregistr\u00e9 en public le 4 octobre 2019 dans le bar le plus cool du XVIII\u00e8 arrondissement de Paris, dans une salle remplie de fans en d\u00e9lire (environ 30 personnes (faut dire aussi que l&rsquo;Omadis c&rsquo;est petit)).<br \/>\n22 tubes interplan\u00e9taires, soit plus d&rsquo;une heure de youpi-punk endiabl\u00e9 !<br \/>\n&nbsp;<br \/>\nMp3 download included.<br \/>\n&nbsp;<br \/>\nDisponible en <a href=\"https:\/\/rockufo.fr\/en\/product\/coffret-4-cd-quadricolor\/\">coffret 4 CD + \u00e9tui<\/a> pour 20\u20ac.<\/p>","protected":false},"excerpt":{"rendered":"<p>Comme les Ramones nous l&rsquo;ont appris, apr\u00e8s 3 albums studio, il faut faire un live. Voici donc notre album \u00ab\u00a0Live at the Omadis\u00a0\u00bb, enregistr\u00e9 en public le 4 octobre 2019 dans le bar le plus cool du XVIII\u00e8 arrondissement de Paris, dans une salle remplie de fans en d\u00e9lire (environ 30 personnes (faut dire aussi [&hellip;]<\/p>\n","protected":false},"featured_media":607,"template":"","meta":{"_acf_changed":false},"product_brand":[],"product_cat":[76],"product_tag":[99],"class_list":{"0":"post-827","1":"product","2":"type-product","3":"status-publish","4":"has-post-thumbnail","6":"product_cat-cd","7":"product_tag-cd","8":"product_shipping_class-cd","10":"first","11":"instock","12":"downloadable","13":"taxable","14":"shipping-taxable","15":"purchasable","16":"product-type-simple"},"acf":[],"yoast_head":"<!-- This site is optimized with the Yoast SEO plugin v27.4 - https:\/\/yoast.com\/product\/yoast-seo-wordpress\/ -->\n<title>effello &amp; les extraterrestres - Live at the Omadis - Rock&#039;n&#039;roll UFO<\/title>\n<meta name=\"description\" content=\"Comme les Ramones nous l&#039;ont appris, apr\u00e8s 3 albums studio, il faut faire un live. Voici donc notre album &quot;Live at the Omadis&quot;, enregistr\u00e9 en public le 4\" \/>\n<meta name=\"robots\" content=\"index, follow, max-snippet:-1, max-image-preview:large, max-video-preview:-1\" \/>\n<link rel=\"canonical\" href=\"https:\/\/rockufo.fr\/en\/product\/live-at-the-omadis\/\" \/>\n<meta property=\"og:locale\" content=\"en_GB\" \/>\n<meta property=\"og:type\" content=\"article\" \/>\n<meta property=\"og:title\" content=\"effello &amp; les extraterrestres - Live at the Omadis - Rock&#039;n&#039;roll UFO\" \/>\n<meta property=\"og:description\" content=\"Comme les Ramones nous l&#039;ont appris, apr\u00e8s 3 albums studio, il faut faire un live. Voici donc notre album &quot;Live at the Omadis&quot;, enregistr\u00e9 en public le 4\" \/>\n<meta property=\"og:url\" content=\"https:\/\/rockufo.fr\/en\/product\/live-at-the-omadis\/\" \/>\n<meta property=\"og:site_name\" content=\"Rock&#039;n&#039;roll UFO\" \/>\n<meta property=\"article:publisher\" content=\"https:\/\/www.facebook.com\/rocknrollufo\" \/>\n<meta property=\"article:modified_time\" content=\"2026-01-21T08:41:51+00:00\" \/>\n<meta property=\"og:image\" content=\"https:\/\/rockufo.fr\/wp-content\/uploads\/2020\/01\/livret__04-scaled.jpg\" \/>\n\t<meta property=\"og:image:width\" content=\"2560\" \/>\n\t<meta property=\"og:image:height\" content=\"2541\" \/>\n\t<meta property=\"og:image:type\" content=\"image\/jpeg\" \/>\n<meta name=\"twitter:card\" content=\"summary_large_image\" \/>\n<script type=\"application\/ld+json\" class=\"yoast-schema-graph\">{\"@context\":\"https:\\\/\\\/schema.org\",\"@graph\":[{\"@type\":\"WebPage\",\"@id\":\"https:\\\/\\\/rockufo.fr\\\/product\\\/live-at-the-omadis\\\/\",\"url\":\"https:\\\/\\\/rockufo.fr\\\/product\\\/live-at-the-omadis\\\/\",\"name\":\"effello & les extraterrestres - Live at the Omadis - Rock&#039;n&#039;roll UFO\",\"isPartOf\":{\"@id\":\"https:\\\/\\\/rockufo.fr\\\/#website\"},\"primaryImageOfPage\":{\"@id\":\"https:\\\/\\\/rockufo.fr\\\/product\\\/live-at-the-omadis\\\/#primaryimage\"},\"image\":{\"@id\":\"https:\\\/\\\/rockufo.fr\\\/product\\\/live-at-the-omadis\\\/#primaryimage\"},\"thumbnailUrl\":\"https:\\\/\\\/rockufo.fr\\\/wp-content\\\/uploads\\\/2020\\\/01\\\/livret__04-scaled.jpg\",\"datePublished\":\"2021-09-21T13:58:22+00:00\",\"dateModified\":\"2026-01-21T08:41:51+00:00\",\"description\":\"Comme les Ramones nous l'ont appris, apr\u00e8s 3 albums studio, il faut faire un live. Voici donc notre album \\\"Live at the Omadis\\\", enregistr\u00e9 en public le 4\",\"breadcrumb\":{\"@id\":\"https:\\\/\\\/rockufo.fr\\\/product\\\/live-at-the-omadis\\\/#breadcrumb\"},\"inLanguage\":\"en-GB\",\"potentialAction\":[{\"@type\":\"ReadAction\",\"target\":[\"https:\\\/\\\/rockufo.fr\\\/product\\\/live-at-the-omadis\\\/\"]}]},{\"@type\":\"ImageObject\",\"inLanguage\":\"en-GB\",\"@id\":\"https:\\\/\\\/rockufo.fr\\\/product\\\/live-at-the-omadis\\\/#primaryimage\",\"url\":\"https:\\\/\\\/rockufo.fr\\\/wp-content\\\/uploads\\\/2020\\\/01\\\/livret__04-scaled.jpg\",\"contentUrl\":\"https:\\\/\\\/rockufo.fr\\\/wp-content\\\/uploads\\\/2020\\\/01\\\/livret__04-scaled.jpg\",\"width\":2560,\"height\":2541},{\"@type\":\"BreadcrumbList\",\"@id\":\"https:\\\/\\\/rockufo.fr\\\/product\\\/live-at-the-omadis\\\/#breadcrumb\",\"itemListElement\":[{\"@type\":\"ListItem\",\"position\":1,\"name\":\"Accueil\",\"item\":\"https:\\\/\\\/rockufo.fr\\\/\"},{\"@type\":\"ListItem\",\"position\":2,\"name\":\"Nos r\u00e9f\u00e9rences\",\"item\":\"https:\\\/\\\/rockufo.fr\\\/\"},{\"@type\":\"ListItem\",\"position\":3,\"name\":\"Live at the Omadis\"}]},{\"@type\":\"WebSite\",\"@id\":\"https:\\\/\\\/rockufo.fr\\\/#website\",\"url\":\"https:\\\/\\\/rockufo.fr\\\/\",\"name\":\"Rock'n'roll UFO\",\"description\":\"Distro punk\\\/rock de l&#039;espace.\",\"publisher\":{\"@id\":\"https:\\\/\\\/rockufo.fr\\\/#organization\"},\"alternateName\":\"Rock UFO\",\"potentialAction\":[{\"@type\":\"SearchAction\",\"target\":{\"@type\":\"EntryPoint\",\"urlTemplate\":\"https:\\\/\\\/rockufo.fr\\\/?s={search_term_string}\"},\"query-input\":{\"@type\":\"PropertyValueSpecification\",\"valueRequired\":true,\"valueName\":\"search_term_string\"}}],\"inLanguage\":\"en-GB\"},{\"@type\":\"Organization\",\"@id\":\"https:\\\/\\\/rockufo.fr\\\/#organization\",\"name\":\"Rock'n'roll UFO\",\"alternateName\":\"Rock UFO\",\"url\":\"https:\\\/\\\/rockufo.fr\\\/\",\"logo\":{\"@type\":\"ImageObject\",\"inLanguage\":\"en-GB\",\"@id\":\"https:\\\/\\\/rockufo.fr\\\/#\\\/schema\\\/logo\\\/image\\\/\",\"url\":\"https:\\\/\\\/rockufo.fr\\\/wp-content\\\/uploads\\\/2022\\\/01\\\/logo_pdf.png\",\"contentUrl\":\"https:\\\/\\\/rockufo.fr\\\/wp-content\\\/uploads\\\/2022\\\/01\\\/logo_pdf.png\",\"width\":250,\"height\":250,\"caption\":\"Rock'n'roll UFO\"},\"image\":{\"@id\":\"https:\\\/\\\/rockufo.fr\\\/#\\\/schema\\\/logo\\\/image\\\/\"},\"sameAs\":[\"https:\\\/\\\/www.facebook.com\\\/rocknrollufo\",\"https:\\\/\\\/www.instagram.com\\\/rocknrollufo\"]}]}<\/script>\n<!-- \/ Yoast SEO plugin. -->","yoast_head_json":{"title":"effello & les extraterrestres - Live at the Omadis - Rock&#039;n&#039;roll UFO","description":"Comme les Ramones nous l'ont appris, apr\u00e8s 3 albums studio, il faut faire un live. Voici donc notre album \"Live at the Omadis\", enregistr\u00e9 en public le 4","robots":{"index":"index","follow":"follow","max-snippet":"max-snippet:-1","max-image-preview":"max-image-preview:large","max-video-preview":"max-video-preview:-1"},"canonical":"https:\/\/rockufo.fr\/en\/product\/live-at-the-omadis\/","og_locale":"en_GB","og_type":"article","og_title":"effello & les extraterrestres - Live at the Omadis - Rock&#039;n&#039;roll UFO","og_description":"Comme les Ramones nous l'ont appris, apr\u00e8s 3 albums studio, il faut faire un live. Voici donc notre album \"Live at the Omadis\", enregistr\u00e9 en public le 4","og_url":"https:\/\/rockufo.fr\/en\/product\/live-at-the-omadis\/","og_site_name":"Rock&#039;n&#039;roll UFO","article_publisher":"https:\/\/www.facebook.com\/rocknrollufo","article_modified_time":"2026-01-21T08:41:51+00:00","og_image":[{"width":2560,"height":2541,"url":"https:\/\/rockufo.fr\/wp-content\/uploads\/2020\/01\/livret__04-scaled.jpg","type":"image\/jpeg"}],"twitter_card":"summary_large_image","schema":{"@context":"https:\/\/schema.org","@graph":[{"@type":"WebPage","@id":"https:\/\/rockufo.fr\/product\/live-at-the-omadis\/","url":"https:\/\/rockufo.fr\/product\/live-at-the-omadis\/","name":"effello & les extraterrestres - Live at the Omadis - Rock&#039;n&#039;roll UFO","isPartOf":{"@id":"https:\/\/rockufo.fr\/#website"},"primaryImageOfPage":{"@id":"https:\/\/rockufo.fr\/product\/live-at-the-omadis\/#primaryimage"},"image":{"@id":"https:\/\/rockufo.fr\/product\/live-at-the-omadis\/#primaryimage"},"thumbnailUrl":"https:\/\/rockufo.fr\/wp-content\/uploads\/2020\/01\/livret__04-scaled.jpg","datePublished":"2021-09-21T13:58:22+00:00","dateModified":"2026-01-21T08:41:51+00:00","description":"Comme les Ramones nous l'ont appris, apr\u00e8s 3 albums studio, il faut faire un live. Voici donc notre album \"Live at the Omadis\", enregistr\u00e9 en public le 4","breadcrumb":{"@id":"https:\/\/rockufo.fr\/product\/live-at-the-omadis\/#breadcrumb"},"inLanguage":"en-GB","potentialAction":[{"@type":"ReadAction","target":["https:\/\/rockufo.fr\/product\/live-at-the-omadis\/"]}]},{"@type":"ImageObject","inLanguage":"en-GB","@id":"https:\/\/rockufo.fr\/product\/live-at-the-omadis\/#primaryimage","url":"https:\/\/rockufo.fr\/wp-content\/uploads\/2020\/01\/livret__04-scaled.jpg","contentUrl":"https:\/\/rockufo.fr\/wp-content\/uploads\/2020\/01\/livret__04-scaled.jpg","width":2560,"height":2541},{"@type":"BreadcrumbList","@id":"https:\/\/rockufo.fr\/product\/live-at-the-omadis\/#breadcrumb","itemListElement":[{"@type":"ListItem","position":1,"name":"Accueil","item":"https:\/\/rockufo.fr\/"},{"@type":"ListItem","position":2,"name":"Nos r\u00e9f\u00e9rences","item":"https:\/\/rockufo.fr\/"},{"@type":"ListItem","position":3,"name":"Live at the Omadis"}]},{"@type":"WebSite","@id":"https:\/\/rockufo.fr\/#website","url":"https:\/\/rockufo.fr\/","name":"Rock'n'roll UFO","description":"Distro punk\/rock de l&#039;espace.","publisher":{"@id":"https:\/\/rockufo.fr\/#organization"},"alternateName":"Rock UFO","potentialAction":[{"@type":"SearchAction","target":{"@type":"EntryPoint","urlTemplate":"https:\/\/rockufo.fr\/?s={search_term_string}"},"query-input":{"@type":"PropertyValueSpecification","valueRequired":true,"valueName":"search_term_string"}}],"inLanguage":"en-GB"},{"@type":"Organization","@id":"https:\/\/rockufo.fr\/#organization","name":"Rock'n'roll UFO","alternateName":"Rock UFO","url":"https:\/\/rockufo.fr\/","logo":{"@type":"ImageObject","inLanguage":"en-GB","@id":"https:\/\/rockufo.fr\/#\/schema\/logo\/image\/","url":"https:\/\/rockufo.fr\/wp-content\/uploads\/2022\/01\/logo_pdf.png","contentUrl":"https:\/\/rockufo.fr\/wp-content\/uploads\/2022\/01\/logo_pdf.png","width":250,"height":250,"caption":"Rock'n'roll UFO"},"image":{"@id":"https:\/\/rockufo.fr\/#\/schema\/logo\/image\/"},"sameAs":["https:\/\/www.facebook.com\/rocknrollufo","https:\/\/www.instagram.com\/rocknrollufo"]}]}},"_links":{"self":[{"href":"https:\/\/rockufo.fr\/en\/wp-json\/wp\/v2\/product\/827","targetHints":{"allow":["GET"]}}],"collection":[{"href":"https:\/\/rockufo.fr\/en\/wp-json\/wp\/v2\/product"}],"about":[{"href":"https:\/\/rockufo.fr\/en\/wp-json\/wp\/v2\/types\/product"}],"wp:featuredmedia":[{"embeddable":true,"href":"https:\/\/rockufo.fr\/en\/wp-json\/wp\/v2\/media\/607"}],"wp:attachment":[{"href":"https:\/\/rockufo.fr\/en\/wp-json\/wp\/v2\/media?parent=827"}],"wp:term":[{"taxonomy":"product_brand","embeddable":true,"href":"https:\/\/rockufo.fr\/en\/wp-json\/wp\/v2\/product_brand?post=827"},{"taxonomy":"product_cat","embeddable":true,"href":"https:\/\/rockufo.fr\/en\/wp-json\/wp\/v2\/product_cat?post=827"},{"taxonomy":"product_tag","embeddable":true,"href":"https:\/\/rockufo.fr\/en\/wp-json\/wp\/v2\/product_tag?post=827"}],"curies":[{"name":"wp","href":"https:\/\/api.w.org\/{rel}","templated":true}]}}