{"id":824,"date":"2021-09-21T14:50:41","date_gmt":"2021-09-21T13:50:41","guid":{"rendered":"http:\/\/rockufo.fr\/?post_type=product&#038;p=824"},"modified":"2024-06-24T17:11:59","modified_gmt":"2024-06-24T16:11:59","slug":"session","status":"publish","type":"product","link":"https:\/\/rockufo.fr\/en\/product\/session\/","title":{"rendered":"Session"},"content":{"rendered":"<p>Le tout premier EP des Diggers \u00ab\u00a0session\u00a0\u00bb entre surf et Rock&rsquo;n&rsquo;roll, entre Tatouage et chansons d&rsquo;amour.<br \/>\nLes Diggers d\u00e9voilent pour vous 5 Titres. Un punk rock d\u00e9jant\u00e9 assaisonn\u00e9 \u00e0 la sauce surf Rock qui ne vous laissera pas indiff\u00e9rents.<\/p>\n<p>Dispo en pack avec leur album <a href=\"https:\/\/rockufo.fr\/en\/product\/toxic-uv\/\">Toxic UV<\/a><\/p>","protected":false},"excerpt":{"rendered":"<p>Le tout premier EP des Diggers \u00ab\u00a0session\u00a0\u00bb entre surf et Rock&rsquo;n&rsquo;roll, entre Tatouage et chansons d&rsquo;amour. Les Diggers d\u00e9voilent pour vous 5 Titres. Un punk rock d\u00e9jant\u00e9 assaisonn\u00e9 \u00e0 la sauce surf Rock qui ne vous laissera pas indiff\u00e9rents. Dispo en pack avec leur album Toxic UV<\/p>","protected":false},"featured_media":713,"template":"","meta":{"_acf_changed":false},"product_brand":[],"product_cat":[76],"product_tag":[99],"class_list":{"0":"post-824","1":"product","2":"type-product","3":"status-publish","4":"has-post-thumbnail","6":"product_cat-cd","7":"product_tag-cd","9":"first","10":"instock","11":"taxable","12":"shipping-taxable","13":"purchasable","14":"product-type-variable"},"acf":[],"yoast_head":"<!-- This site is optimized with the Yoast SEO plugin v27.4 - https:\/\/yoast.com\/product\/yoast-seo-wordpress\/ -->\n<title>Les Diggers - Session - Rock&#039;n&#039;roll UFO<\/title>\n<meta name=\"description\" content=\"Le tout premier EP des Diggers &quot;session&quot; entre surf et Rock&#039;n&#039;roll, entre Tatouage et chansons d&#039;amour. Les Diggers d\u00e9voilent pour vous 5 Titres. Un punk\" \/>\n<meta name=\"robots\" content=\"index, follow, max-snippet:-1, max-image-preview:large, max-video-preview:-1\" \/>\n<link rel=\"canonical\" href=\"https:\/\/rockufo.fr\/en\/product\/session\/\" \/>\n<meta property=\"og:locale\" content=\"en_GB\" \/>\n<meta property=\"og:type\" content=\"article\" \/>\n<meta property=\"og:title\" content=\"Les Diggers - Session - Rock&#039;n&#039;roll UFO\" \/>\n<meta property=\"og:description\" content=\"Le tout premier EP des Diggers &quot;session&quot; entre surf et Rock&#039;n&#039;roll, entre Tatouage et chansons d&#039;amour. Les Diggers d\u00e9voilent pour vous 5 Titres. Un punk\" \/>\n<meta property=\"og:url\" content=\"https:\/\/rockufo.fr\/en\/product\/session\/\" \/>\n<meta property=\"og:site_name\" content=\"Rock&#039;n&#039;roll UFO\" \/>\n<meta property=\"article:publisher\" content=\"https:\/\/www.facebook.com\/rocknrollufo\" \/>\n<meta property=\"article:modified_time\" content=\"2024-06-24T16:11:59+00:00\" \/>\n<meta property=\"og:image\" content=\"https:\/\/rockufo.fr\/wp-content\/uploads\/2021\/03\/les-diggers.jpg\" \/>\n\t<meta property=\"og:image:width\" content=\"900\" \/>\n\t<meta property=\"og:image:height\" content=\"895\" \/>\n\t<meta property=\"og:image:type\" content=\"image\/jpeg\" \/>\n<meta name=\"twitter:card\" content=\"summary_large_image\" \/>\n<script type=\"application\/ld+json\" class=\"yoast-schema-graph\">{\"@context\":\"https:\\\/\\\/schema.org\",\"@graph\":[{\"@type\":\"WebPage\",\"@id\":\"https:\\\/\\\/rockufo.fr\\\/product\\\/session\\\/\",\"url\":\"https:\\\/\\\/rockufo.fr\\\/product\\\/session\\\/\",\"name\":\"Les Diggers - Session - Rock&#039;n&#039;roll UFO\",\"isPartOf\":{\"@id\":\"https:\\\/\\\/rockufo.fr\\\/#website\"},\"primaryImageOfPage\":{\"@id\":\"https:\\\/\\\/rockufo.fr\\\/product\\\/session\\\/#primaryimage\"},\"image\":{\"@id\":\"https:\\\/\\\/rockufo.fr\\\/product\\\/session\\\/#primaryimage\"},\"thumbnailUrl\":\"https:\\\/\\\/rockufo.fr\\\/wp-content\\\/uploads\\\/2021\\\/03\\\/les-diggers.jpg\",\"datePublished\":\"2021-09-21T13:50:41+00:00\",\"dateModified\":\"2024-06-24T16:11:59+00:00\",\"description\":\"Le tout premier EP des Diggers \\\"session\\\" entre surf et Rock'n'roll, entre Tatouage et chansons d'amour. Les Diggers d\u00e9voilent pour vous 5 Titres. Un punk\",\"breadcrumb\":{\"@id\":\"https:\\\/\\\/rockufo.fr\\\/product\\\/session\\\/#breadcrumb\"},\"inLanguage\":\"en-GB\",\"potentialAction\":[{\"@type\":\"ReadAction\",\"target\":[\"https:\\\/\\\/rockufo.fr\\\/product\\\/session\\\/\"]}]},{\"@type\":\"ImageObject\",\"inLanguage\":\"en-GB\",\"@id\":\"https:\\\/\\\/rockufo.fr\\\/product\\\/session\\\/#primaryimage\",\"url\":\"https:\\\/\\\/rockufo.fr\\\/wp-content\\\/uploads\\\/2021\\\/03\\\/les-diggers.jpg\",\"contentUrl\":\"https:\\\/\\\/rockufo.fr\\\/wp-content\\\/uploads\\\/2021\\\/03\\\/les-diggers.jpg\",\"width\":900,\"height\":895},{\"@type\":\"BreadcrumbList\",\"@id\":\"https:\\\/\\\/rockufo.fr\\\/product\\\/session\\\/#breadcrumb\",\"itemListElement\":[{\"@type\":\"ListItem\",\"position\":1,\"name\":\"Accueil\",\"item\":\"https:\\\/\\\/rockufo.fr\\\/\"},{\"@type\":\"ListItem\",\"position\":2,\"name\":\"Nos r\u00e9f\u00e9rences\",\"item\":\"https:\\\/\\\/rockufo.fr\\\/\"},{\"@type\":\"ListItem\",\"position\":3,\"name\":\"Session\"}]},{\"@type\":\"WebSite\",\"@id\":\"https:\\\/\\\/rockufo.fr\\\/#website\",\"url\":\"https:\\\/\\\/rockufo.fr\\\/\",\"name\":\"Rock'n'roll UFO\",\"description\":\"Distro punk\\\/rock de l&#039;espace.\",\"publisher\":{\"@id\":\"https:\\\/\\\/rockufo.fr\\\/#organization\"},\"alternateName\":\"Rock UFO\",\"potentialAction\":[{\"@type\":\"SearchAction\",\"target\":{\"@type\":\"EntryPoint\",\"urlTemplate\":\"https:\\\/\\\/rockufo.fr\\\/?s={search_term_string}\"},\"query-input\":{\"@type\":\"PropertyValueSpecification\",\"valueRequired\":true,\"valueName\":\"search_term_string\"}}],\"inLanguage\":\"en-GB\"},{\"@type\":\"Organization\",\"@id\":\"https:\\\/\\\/rockufo.fr\\\/#organization\",\"name\":\"Rock'n'roll UFO\",\"alternateName\":\"Rock UFO\",\"url\":\"https:\\\/\\\/rockufo.fr\\\/\",\"logo\":{\"@type\":\"ImageObject\",\"inLanguage\":\"en-GB\",\"@id\":\"https:\\\/\\\/rockufo.fr\\\/#\\\/schema\\\/logo\\\/image\\\/\",\"url\":\"https:\\\/\\\/rockufo.fr\\\/wp-content\\\/uploads\\\/2022\\\/01\\\/logo_pdf.png\",\"contentUrl\":\"https:\\\/\\\/rockufo.fr\\\/wp-content\\\/uploads\\\/2022\\\/01\\\/logo_pdf.png\",\"width\":250,\"height\":250,\"caption\":\"Rock'n'roll UFO\"},\"image\":{\"@id\":\"https:\\\/\\\/rockufo.fr\\\/#\\\/schema\\\/logo\\\/image\\\/\"},\"sameAs\":[\"https:\\\/\\\/www.facebook.com\\\/rocknrollufo\",\"https:\\\/\\\/www.instagram.com\\\/rocknrollufo\"]}]}<\/script>\n<!-- \/ Yoast SEO plugin. -->","yoast_head_json":{"title":"Les Diggers - Session - Rock&#039;n&#039;roll UFO","description":"Le tout premier EP des Diggers \"session\" entre surf et Rock'n'roll, entre Tatouage et chansons d'amour. Les Diggers d\u00e9voilent pour vous 5 Titres. Un punk","robots":{"index":"index","follow":"follow","max-snippet":"max-snippet:-1","max-image-preview":"max-image-preview:large","max-video-preview":"max-video-preview:-1"},"canonical":"https:\/\/rockufo.fr\/en\/product\/session\/","og_locale":"en_GB","og_type":"article","og_title":"Les Diggers - Session - Rock&#039;n&#039;roll UFO","og_description":"Le tout premier EP des Diggers \"session\" entre surf et Rock'n'roll, entre Tatouage et chansons d'amour. Les Diggers d\u00e9voilent pour vous 5 Titres. Un punk","og_url":"https:\/\/rockufo.fr\/en\/product\/session\/","og_site_name":"Rock&#039;n&#039;roll UFO","article_publisher":"https:\/\/www.facebook.com\/rocknrollufo","article_modified_time":"2024-06-24T16:11:59+00:00","og_image":[{"width":900,"height":895,"url":"https:\/\/rockufo.fr\/wp-content\/uploads\/2021\/03\/les-diggers.jpg","type":"image\/jpeg"}],"twitter_card":"summary_large_image","schema":{"@context":"https:\/\/schema.org","@graph":[{"@type":"WebPage","@id":"https:\/\/rockufo.fr\/product\/session\/","url":"https:\/\/rockufo.fr\/product\/session\/","name":"Les Diggers - Session - Rock&#039;n&#039;roll UFO","isPartOf":{"@id":"https:\/\/rockufo.fr\/#website"},"primaryImageOfPage":{"@id":"https:\/\/rockufo.fr\/product\/session\/#primaryimage"},"image":{"@id":"https:\/\/rockufo.fr\/product\/session\/#primaryimage"},"thumbnailUrl":"https:\/\/rockufo.fr\/wp-content\/uploads\/2021\/03\/les-diggers.jpg","datePublished":"2021-09-21T13:50:41+00:00","dateModified":"2024-06-24T16:11:59+00:00","description":"Le tout premier EP des Diggers \"session\" entre surf et Rock'n'roll, entre Tatouage et chansons d'amour. Les Diggers d\u00e9voilent pour vous 5 Titres. Un punk","breadcrumb":{"@id":"https:\/\/rockufo.fr\/product\/session\/#breadcrumb"},"inLanguage":"en-GB","potentialAction":[{"@type":"ReadAction","target":["https:\/\/rockufo.fr\/product\/session\/"]}]},{"@type":"ImageObject","inLanguage":"en-GB","@id":"https:\/\/rockufo.fr\/product\/session\/#primaryimage","url":"https:\/\/rockufo.fr\/wp-content\/uploads\/2021\/03\/les-diggers.jpg","contentUrl":"https:\/\/rockufo.fr\/wp-content\/uploads\/2021\/03\/les-diggers.jpg","width":900,"height":895},{"@type":"BreadcrumbList","@id":"https:\/\/rockufo.fr\/product\/session\/#breadcrumb","itemListElement":[{"@type":"ListItem","position":1,"name":"Accueil","item":"https:\/\/rockufo.fr\/"},{"@type":"ListItem","position":2,"name":"Nos r\u00e9f\u00e9rences","item":"https:\/\/rockufo.fr\/"},{"@type":"ListItem","position":3,"name":"Session"}]},{"@type":"WebSite","@id":"https:\/\/rockufo.fr\/#website","url":"https:\/\/rockufo.fr\/","name":"Rock'n'roll UFO","description":"Distro punk\/rock de l&#039;espace.","publisher":{"@id":"https:\/\/rockufo.fr\/#organization"},"alternateName":"Rock UFO","potentialAction":[{"@type":"SearchAction","target":{"@type":"EntryPoint","urlTemplate":"https:\/\/rockufo.fr\/?s={search_term_string}"},"query-input":{"@type":"PropertyValueSpecification","valueRequired":true,"valueName":"search_term_string"}}],"inLanguage":"en-GB"},{"@type":"Organization","@id":"https:\/\/rockufo.fr\/#organization","name":"Rock'n'roll UFO","alternateName":"Rock UFO","url":"https:\/\/rockufo.fr\/","logo":{"@type":"ImageObject","inLanguage":"en-GB","@id":"https:\/\/rockufo.fr\/#\/schema\/logo\/image\/","url":"https:\/\/rockufo.fr\/wp-content\/uploads\/2022\/01\/logo_pdf.png","contentUrl":"https:\/\/rockufo.fr\/wp-content\/uploads\/2022\/01\/logo_pdf.png","width":250,"height":250,"caption":"Rock'n'roll UFO"},"image":{"@id":"https:\/\/rockufo.fr\/#\/schema\/logo\/image\/"},"sameAs":["https:\/\/www.facebook.com\/rocknrollufo","https:\/\/www.instagram.com\/rocknrollufo"]}]}},"_links":{"self":[{"href":"https:\/\/rockufo.fr\/en\/wp-json\/wp\/v2\/product\/824","targetHints":{"allow":["GET"]}}],"collection":[{"href":"https:\/\/rockufo.fr\/en\/wp-json\/wp\/v2\/product"}],"about":[{"href":"https:\/\/rockufo.fr\/en\/wp-json\/wp\/v2\/types\/product"}],"wp:featuredmedia":[{"embeddable":true,"href":"https:\/\/rockufo.fr\/en\/wp-json\/wp\/v2\/media\/713"}],"wp:attachment":[{"href":"https:\/\/rockufo.fr\/en\/wp-json\/wp\/v2\/media?parent=824"}],"wp:term":[{"taxonomy":"product_brand","embeddable":true,"href":"https:\/\/rockufo.fr\/en\/wp-json\/wp\/v2\/product_brand?post=824"},{"taxonomy":"product_cat","embeddable":true,"href":"https:\/\/rockufo.fr\/en\/wp-json\/wp\/v2\/product_cat?post=824"},{"taxonomy":"product_tag","embeddable":true,"href":"https:\/\/rockufo.fr\/en\/wp-json\/wp\/v2\/product_tag?post=824"}],"curies":[{"name":"wp","href":"https:\/\/api.w.org\/{rel}","templated":true}]}}