{"id":801,"date":"2021-09-17T10:53:23","date_gmt":"2021-09-17T09:53:23","guid":{"rendered":"http:\/\/rockufo.fr\/?post_type=product&#038;p=801"},"modified":"2026-02-18T09:31:45","modified_gmt":"2026-02-18T08:31:45","slug":"coffret-4-cd-quadricolor","status":"publish","type":"product","link":"https:\/\/rockufo.fr\/en\/product\/coffret-4-cd-quadricolor\/","title":{"rendered":"Coffret 4 CD Quadricolor"},"content":{"rendered":"<p>Les 4 albums d&rsquo;effello &amp; les extraterrestres pr\u00e9sent\u00e9s dans un \u00e9tui cartonn\u00e9, pour afficher ta collection avec \u00e9l\u00e9gance.<br \/>\n65 morceaux. T\u00e9l\u00e9chargement des albums en mp3 inclus.<\/p>\n<p>Possibilit\u00e9 de commander l&rsquo;\u00e9tui seul, pour ceux qui ont d\u00e9j\u00e0 tous nos albums (vous \u00eates gentils \u2665), ou pour ceux qui aiment le carton mais pas nos albums.<\/p>","protected":false},"excerpt":{"rendered":"<p>Les 4 albums d&rsquo;effello &amp; les extraterrestres pr\u00e9sent\u00e9s dans un \u00e9tui cartonn\u00e9, pour afficher ta collection avec \u00e9l\u00e9gance. 65 morceaux. T\u00e9l\u00e9chargement des albums en mp3 inclus. Possibilit\u00e9 de commander l&rsquo;\u00e9tui seul, pour ceux qui ont d\u00e9j\u00e0 tous nos albums (vous \u00eates gentils \u2665), ou pour ceux qui aiment le carton mais pas nos albums.<\/p>","protected":false},"featured_media":770,"template":"","meta":{"_acf_changed":false},"product_brand":[],"product_cat":[76,77],"product_tag":[105],"class_list":{"0":"post-801","1":"product","2":"type-product","3":"status-publish","4":"has-post-thumbnail","6":"product_cat-cd","7":"product_cat-promos","8":"product_tag-4-cd","10":"first","11":"instock","12":"taxable","13":"shipping-taxable","14":"purchasable","15":"product-type-variable"},"acf":[],"yoast_head":"<!-- This site is optimized with the Yoast SEO plugin v27.4 - https:\/\/yoast.com\/product\/yoast-seo-wordpress\/ -->\n<title>effello &amp; les extraterrestres - Coffret 4 CD Quadricolor - Rock&#039;n&#039;roll UFO<\/title>\n<meta name=\"description\" content=\"Les 4 albums d&#039;effello &amp; les extraterrestres pr\u00e9sent\u00e9s dans un \u00e9tui cartonn\u00e9, pour afficher ta collection avec \u00e9l\u00e9gance. 65 morceaux. T\u00e9l\u00e9chargement\" \/>\n<meta name=\"robots\" content=\"index, follow, max-snippet:-1, max-image-preview:large, max-video-preview:-1\" \/>\n<link rel=\"canonical\" href=\"https:\/\/rockufo.fr\/en\/product\/coffret-4-cd-quadricolor\/\" \/>\n<meta property=\"og:locale\" content=\"en_GB\" \/>\n<meta property=\"og:type\" content=\"article\" \/>\n<meta property=\"og:title\" content=\"effello &amp; les extraterrestres - Coffret 4 CD Quadricolor - Rock&#039;n&#039;roll UFO\" \/>\n<meta property=\"og:description\" content=\"Les 4 albums d&#039;effello &amp; les extraterrestres pr\u00e9sent\u00e9s dans un \u00e9tui cartonn\u00e9, pour afficher ta collection avec \u00e9l\u00e9gance. 65 morceaux. T\u00e9l\u00e9chargement\" \/>\n<meta property=\"og:url\" content=\"https:\/\/rockufo.fr\/en\/product\/coffret-4-cd-quadricolor\/\" \/>\n<meta property=\"og:site_name\" content=\"Rock&#039;n&#039;roll UFO\" \/>\n<meta property=\"article:publisher\" content=\"https:\/\/www.facebook.com\/rocknrollufo\" \/>\n<meta property=\"article:modified_time\" content=\"2026-02-18T08:31:45+00:00\" \/>\n<meta property=\"og:image\" content=\"https:\/\/rockufo.fr\/wp-content\/uploads\/2021\/06\/devant.jpg\" \/>\n\t<meta property=\"og:image:width\" content=\"1492\" \/>\n\t<meta property=\"og:image:height\" content=\"1492\" \/>\n\t<meta property=\"og:image:type\" content=\"image\/jpeg\" \/>\n<meta name=\"twitter:card\" content=\"summary_large_image\" \/>\n<script type=\"application\/ld+json\" class=\"yoast-schema-graph\">{\"@context\":\"https:\\\/\\\/schema.org\",\"@graph\":[{\"@type\":\"WebPage\",\"@id\":\"https:\\\/\\\/rockufo.fr\\\/product\\\/coffret-4-cd-quadricolor\\\/\",\"url\":\"https:\\\/\\\/rockufo.fr\\\/product\\\/coffret-4-cd-quadricolor\\\/\",\"name\":\"effello & les extraterrestres - Coffret 4 CD Quadricolor - Rock&#039;n&#039;roll UFO\",\"isPartOf\":{\"@id\":\"https:\\\/\\\/rockufo.fr\\\/#website\"},\"primaryImageOfPage\":{\"@id\":\"https:\\\/\\\/rockufo.fr\\\/product\\\/coffret-4-cd-quadricolor\\\/#primaryimage\"},\"image\":{\"@id\":\"https:\\\/\\\/rockufo.fr\\\/product\\\/coffret-4-cd-quadricolor\\\/#primaryimage\"},\"thumbnailUrl\":\"https:\\\/\\\/rockufo.fr\\\/wp-content\\\/uploads\\\/2021\\\/06\\\/devant.jpg\",\"datePublished\":\"2021-09-17T09:53:23+00:00\",\"dateModified\":\"2026-02-18T08:31:45+00:00\",\"description\":\"Les 4 albums d'effello &amp; les extraterrestres pr\u00e9sent\u00e9s dans un \u00e9tui cartonn\u00e9, pour afficher ta collection avec \u00e9l\u00e9gance. 65 morceaux. T\u00e9l\u00e9chargement\",\"breadcrumb\":{\"@id\":\"https:\\\/\\\/rockufo.fr\\\/product\\\/coffret-4-cd-quadricolor\\\/#breadcrumb\"},\"inLanguage\":\"en-GB\",\"potentialAction\":[{\"@type\":\"ReadAction\",\"target\":[\"https:\\\/\\\/rockufo.fr\\\/product\\\/coffret-4-cd-quadricolor\\\/\"]}]},{\"@type\":\"ImageObject\",\"inLanguage\":\"en-GB\",\"@id\":\"https:\\\/\\\/rockufo.fr\\\/product\\\/coffret-4-cd-quadricolor\\\/#primaryimage\",\"url\":\"https:\\\/\\\/rockufo.fr\\\/wp-content\\\/uploads\\\/2021\\\/06\\\/devant.jpg\",\"contentUrl\":\"https:\\\/\\\/rockufo.fr\\\/wp-content\\\/uploads\\\/2021\\\/06\\\/devant.jpg\",\"width\":1492,\"height\":1492},{\"@type\":\"BreadcrumbList\",\"@id\":\"https:\\\/\\\/rockufo.fr\\\/product\\\/coffret-4-cd-quadricolor\\\/#breadcrumb\",\"itemListElement\":[{\"@type\":\"ListItem\",\"position\":1,\"name\":\"Accueil\",\"item\":\"https:\\\/\\\/rockufo.fr\\\/\"},{\"@type\":\"ListItem\",\"position\":2,\"name\":\"Nos r\u00e9f\u00e9rences\",\"item\":\"https:\\\/\\\/rockufo.fr\\\/\"},{\"@type\":\"ListItem\",\"position\":3,\"name\":\"Coffret 4 CD Quadricolor\"}]},{\"@type\":\"WebSite\",\"@id\":\"https:\\\/\\\/rockufo.fr\\\/#website\",\"url\":\"https:\\\/\\\/rockufo.fr\\\/\",\"name\":\"Rock'n'roll UFO\",\"description\":\"Distro punk\\\/rock de l&#039;espace.\",\"publisher\":{\"@id\":\"https:\\\/\\\/rockufo.fr\\\/#organization\"},\"alternateName\":\"Rock UFO\",\"potentialAction\":[{\"@type\":\"SearchAction\",\"target\":{\"@type\":\"EntryPoint\",\"urlTemplate\":\"https:\\\/\\\/rockufo.fr\\\/?s={search_term_string}\"},\"query-input\":{\"@type\":\"PropertyValueSpecification\",\"valueRequired\":true,\"valueName\":\"search_term_string\"}}],\"inLanguage\":\"en-GB\"},{\"@type\":\"Organization\",\"@id\":\"https:\\\/\\\/rockufo.fr\\\/#organization\",\"name\":\"Rock'n'roll UFO\",\"alternateName\":\"Rock UFO\",\"url\":\"https:\\\/\\\/rockufo.fr\\\/\",\"logo\":{\"@type\":\"ImageObject\",\"inLanguage\":\"en-GB\",\"@id\":\"https:\\\/\\\/rockufo.fr\\\/#\\\/schema\\\/logo\\\/image\\\/\",\"url\":\"https:\\\/\\\/rockufo.fr\\\/wp-content\\\/uploads\\\/2022\\\/01\\\/logo_pdf.png\",\"contentUrl\":\"https:\\\/\\\/rockufo.fr\\\/wp-content\\\/uploads\\\/2022\\\/01\\\/logo_pdf.png\",\"width\":250,\"height\":250,\"caption\":\"Rock'n'roll UFO\"},\"image\":{\"@id\":\"https:\\\/\\\/rockufo.fr\\\/#\\\/schema\\\/logo\\\/image\\\/\"},\"sameAs\":[\"https:\\\/\\\/www.facebook.com\\\/rocknrollufo\",\"https:\\\/\\\/www.instagram.com\\\/rocknrollufo\"]}]}<\/script>\n<!-- \/ Yoast SEO plugin. -->","yoast_head_json":{"title":"effello & les extraterrestres - Coffret 4 CD Quadricolor - Rock&#039;n&#039;roll UFO","description":"Les 4 albums d'effello &amp; les extraterrestres pr\u00e9sent\u00e9s dans un \u00e9tui cartonn\u00e9, pour afficher ta collection avec \u00e9l\u00e9gance. 65 morceaux. T\u00e9l\u00e9chargement","robots":{"index":"index","follow":"follow","max-snippet":"max-snippet:-1","max-image-preview":"max-image-preview:large","max-video-preview":"max-video-preview:-1"},"canonical":"https:\/\/rockufo.fr\/en\/product\/coffret-4-cd-quadricolor\/","og_locale":"en_GB","og_type":"article","og_title":"effello & les extraterrestres - Coffret 4 CD Quadricolor - Rock&#039;n&#039;roll UFO","og_description":"Les 4 albums d'effello &amp; les extraterrestres pr\u00e9sent\u00e9s dans un \u00e9tui cartonn\u00e9, pour afficher ta collection avec \u00e9l\u00e9gance. 65 morceaux. T\u00e9l\u00e9chargement","og_url":"https:\/\/rockufo.fr\/en\/product\/coffret-4-cd-quadricolor\/","og_site_name":"Rock&#039;n&#039;roll UFO","article_publisher":"https:\/\/www.facebook.com\/rocknrollufo","article_modified_time":"2026-02-18T08:31:45+00:00","og_image":[{"width":1492,"height":1492,"url":"https:\/\/rockufo.fr\/wp-content\/uploads\/2021\/06\/devant.jpg","type":"image\/jpeg"}],"twitter_card":"summary_large_image","schema":{"@context":"https:\/\/schema.org","@graph":[{"@type":"WebPage","@id":"https:\/\/rockufo.fr\/product\/coffret-4-cd-quadricolor\/","url":"https:\/\/rockufo.fr\/product\/coffret-4-cd-quadricolor\/","name":"effello & les extraterrestres - Coffret 4 CD Quadricolor - Rock&#039;n&#039;roll UFO","isPartOf":{"@id":"https:\/\/rockufo.fr\/#website"},"primaryImageOfPage":{"@id":"https:\/\/rockufo.fr\/product\/coffret-4-cd-quadricolor\/#primaryimage"},"image":{"@id":"https:\/\/rockufo.fr\/product\/coffret-4-cd-quadricolor\/#primaryimage"},"thumbnailUrl":"https:\/\/rockufo.fr\/wp-content\/uploads\/2021\/06\/devant.jpg","datePublished":"2021-09-17T09:53:23+00:00","dateModified":"2026-02-18T08:31:45+00:00","description":"Les 4 albums d'effello &amp; les extraterrestres pr\u00e9sent\u00e9s dans un \u00e9tui cartonn\u00e9, pour afficher ta collection avec \u00e9l\u00e9gance. 65 morceaux. T\u00e9l\u00e9chargement","breadcrumb":{"@id":"https:\/\/rockufo.fr\/product\/coffret-4-cd-quadricolor\/#breadcrumb"},"inLanguage":"en-GB","potentialAction":[{"@type":"ReadAction","target":["https:\/\/rockufo.fr\/product\/coffret-4-cd-quadricolor\/"]}]},{"@type":"ImageObject","inLanguage":"en-GB","@id":"https:\/\/rockufo.fr\/product\/coffret-4-cd-quadricolor\/#primaryimage","url":"https:\/\/rockufo.fr\/wp-content\/uploads\/2021\/06\/devant.jpg","contentUrl":"https:\/\/rockufo.fr\/wp-content\/uploads\/2021\/06\/devant.jpg","width":1492,"height":1492},{"@type":"BreadcrumbList","@id":"https:\/\/rockufo.fr\/product\/coffret-4-cd-quadricolor\/#breadcrumb","itemListElement":[{"@type":"ListItem","position":1,"name":"Accueil","item":"https:\/\/rockufo.fr\/"},{"@type":"ListItem","position":2,"name":"Nos r\u00e9f\u00e9rences","item":"https:\/\/rockufo.fr\/"},{"@type":"ListItem","position":3,"name":"Coffret 4 CD Quadricolor"}]},{"@type":"WebSite","@id":"https:\/\/rockufo.fr\/#website","url":"https:\/\/rockufo.fr\/","name":"Rock'n'roll UFO","description":"Distro punk\/rock de l&#039;espace.","publisher":{"@id":"https:\/\/rockufo.fr\/#organization"},"alternateName":"Rock UFO","potentialAction":[{"@type":"SearchAction","target":{"@type":"EntryPoint","urlTemplate":"https:\/\/rockufo.fr\/?s={search_term_string}"},"query-input":{"@type":"PropertyValueSpecification","valueRequired":true,"valueName":"search_term_string"}}],"inLanguage":"en-GB"},{"@type":"Organization","@id":"https:\/\/rockufo.fr\/#organization","name":"Rock'n'roll UFO","alternateName":"Rock UFO","url":"https:\/\/rockufo.fr\/","logo":{"@type":"ImageObject","inLanguage":"en-GB","@id":"https:\/\/rockufo.fr\/#\/schema\/logo\/image\/","url":"https:\/\/rockufo.fr\/wp-content\/uploads\/2022\/01\/logo_pdf.png","contentUrl":"https:\/\/rockufo.fr\/wp-content\/uploads\/2022\/01\/logo_pdf.png","width":250,"height":250,"caption":"Rock'n'roll UFO"},"image":{"@id":"https:\/\/rockufo.fr\/#\/schema\/logo\/image\/"},"sameAs":["https:\/\/www.facebook.com\/rocknrollufo","https:\/\/www.instagram.com\/rocknrollufo"]}]}},"_links":{"self":[{"href":"https:\/\/rockufo.fr\/en\/wp-json\/wp\/v2\/product\/801","targetHints":{"allow":["GET"]}}],"collection":[{"href":"https:\/\/rockufo.fr\/en\/wp-json\/wp\/v2\/product"}],"about":[{"href":"https:\/\/rockufo.fr\/en\/wp-json\/wp\/v2\/types\/product"}],"wp:featuredmedia":[{"embeddable":true,"href":"https:\/\/rockufo.fr\/en\/wp-json\/wp\/v2\/media\/770"}],"wp:attachment":[{"href":"https:\/\/rockufo.fr\/en\/wp-json\/wp\/v2\/media?parent=801"}],"wp:term":[{"taxonomy":"product_brand","embeddable":true,"href":"https:\/\/rockufo.fr\/en\/wp-json\/wp\/v2\/product_brand?post=801"},{"taxonomy":"product_cat","embeddable":true,"href":"https:\/\/rockufo.fr\/en\/wp-json\/wp\/v2\/product_cat?post=801"},{"taxonomy":"product_tag","embeddable":true,"href":"https:\/\/rockufo.fr\/en\/wp-json\/wp\/v2\/product_tag?post=801"}],"curies":[{"name":"wp","href":"https:\/\/api.w.org\/{rel}","templated":true}]}}