{"id":3242,"date":"2026-03-29T16:08:02","date_gmt":"2026-03-29T15:08:02","guid":{"rendered":"https:\/\/rockufo.fr\/?post_type=product&#038;p=3242"},"modified":"2026-04-14T09:59:22","modified_gmt":"2026-04-14T08:59:22","slug":"forbidden-studio-1988","status":"publish","type":"product","link":"https:\/\/rockufo.fr\/en\/product\/forbidden-studio-1988\/","title":{"rendered":"Forbidden Studio 1988"},"content":{"rendered":"<p>Enregistr\u00e9 live en r\u00e9p\u00e8te \u00e0 Forbidden Studio le 24 d\u00e9cembre 1988.<br \/>\nVinyle rouge.<br \/>\nInclus un fanzine 16 pages avec interviews et illustrations d&rsquo;\u00e9poques + 1 Sticker<\/p>","protected":false},"excerpt":{"rendered":"<p>Enregistr\u00e9 live en r\u00e9p\u00e8te \u00e0 Forbidden Studio le 24 d\u00e9cembre 1988. Vinyle rouge. Inclus un fanzine 16 pages avec interviews et illustrations d&rsquo;\u00e9poques + 1 Sticker<\/p>","protected":false},"featured_media":3243,"template":"","meta":{"_acf_changed":false},"product_brand":[],"product_cat":[81],"product_tag":[98],"class_list":{"0":"post-3242","1":"product","2":"type-product","3":"status-publish","4":"has-post-thumbnail","6":"product_cat-vinyles","7":"product_tag-vinyle-12","8":"product_shipping_class-vinyle","10":"first","11":"outofstock","12":"taxable","13":"shipping-taxable","14":"purchasable","15":"product-type-simple"},"acf":[],"yoast_head":"<!-- This site is optimized with the Yoast SEO plugin v27.4 - https:\/\/yoast.com\/product\/yoast-seo-wordpress\/ -->\n<title>Les Wampas - Forbidden Studio 1988 - Rock&#039;n&#039;roll UFO<\/title>\n<meta name=\"description\" content=\"Enregistr\u00e9 live en r\u00e9p\u00e8te \u00e0 Forbidden Studio le 24 d\u00e9cembre 1988. Vinyle rouge. Inclus un fanzine 16 pages avec interviews et illustrations d&#039;\u00e9poques + 1\" \/>\n<meta name=\"robots\" content=\"index, follow, max-snippet:-1, max-image-preview:large, max-video-preview:-1\" \/>\n<link rel=\"canonical\" href=\"https:\/\/rockufo.fr\/en\/product\/forbidden-studio-1988\/\" \/>\n<meta property=\"og:locale\" content=\"en_GB\" \/>\n<meta property=\"og:type\" content=\"article\" \/>\n<meta property=\"og:title\" content=\"Les Wampas - Forbidden Studio 1988 - Rock&#039;n&#039;roll UFO\" \/>\n<meta property=\"og:description\" content=\"Enregistr\u00e9 live en r\u00e9p\u00e8te \u00e0 Forbidden Studio le 24 d\u00e9cembre 1988. Vinyle rouge. Inclus un fanzine 16 pages avec interviews et illustrations d&#039;\u00e9poques + 1\" \/>\n<meta property=\"og:url\" content=\"https:\/\/rockufo.fr\/en\/product\/forbidden-studio-1988\/\" \/>\n<meta property=\"og:site_name\" content=\"Rock&#039;n&#039;roll UFO\" \/>\n<meta property=\"article:publisher\" content=\"https:\/\/www.facebook.com\/rocknrollufo\" \/>\n<meta property=\"article:modified_time\" content=\"2026-04-14T08:59:22+00:00\" \/>\n<meta property=\"og:image\" content=\"https:\/\/rockufo.fr\/wp-content\/uploads\/2026\/03\/a4088754401_10.jpg\" \/>\n\t<meta property=\"og:image:width\" content=\"1191\" \/>\n\t<meta property=\"og:image:height\" content=\"1200\" \/>\n\t<meta property=\"og:image:type\" content=\"image\/jpeg\" \/>\n<meta name=\"twitter:card\" content=\"summary_large_image\" \/>\n<script type=\"application\/ld+json\" class=\"yoast-schema-graph\">{\"@context\":\"https:\\\/\\\/schema.org\",\"@graph\":[{\"@type\":\"WebPage\",\"@id\":\"https:\\\/\\\/rockufo.fr\\\/product\\\/forbidden-studio-1988\\\/\",\"url\":\"https:\\\/\\\/rockufo.fr\\\/product\\\/forbidden-studio-1988\\\/\",\"name\":\"Les Wampas - Forbidden Studio 1988 - Rock&#039;n&#039;roll UFO\",\"isPartOf\":{\"@id\":\"https:\\\/\\\/rockufo.fr\\\/#website\"},\"primaryImageOfPage\":{\"@id\":\"https:\\\/\\\/rockufo.fr\\\/product\\\/forbidden-studio-1988\\\/#primaryimage\"},\"image\":{\"@id\":\"https:\\\/\\\/rockufo.fr\\\/product\\\/forbidden-studio-1988\\\/#primaryimage\"},\"thumbnailUrl\":\"https:\\\/\\\/rockufo.fr\\\/wp-content\\\/uploads\\\/2026\\\/03\\\/a4088754401_10.jpg\",\"datePublished\":\"2026-03-29T15:08:02+00:00\",\"dateModified\":\"2026-04-14T08:59:22+00:00\",\"description\":\"Enregistr\u00e9 live en r\u00e9p\u00e8te \u00e0 Forbidden Studio le 24 d\u00e9cembre 1988. Vinyle rouge. Inclus un fanzine 16 pages avec interviews et illustrations d'\u00e9poques + 1\",\"breadcrumb\":{\"@id\":\"https:\\\/\\\/rockufo.fr\\\/product\\\/forbidden-studio-1988\\\/#breadcrumb\"},\"inLanguage\":\"en-GB\",\"potentialAction\":[{\"@type\":\"ReadAction\",\"target\":[\"https:\\\/\\\/rockufo.fr\\\/product\\\/forbidden-studio-1988\\\/\"]}]},{\"@type\":\"ImageObject\",\"inLanguage\":\"en-GB\",\"@id\":\"https:\\\/\\\/rockufo.fr\\\/product\\\/forbidden-studio-1988\\\/#primaryimage\",\"url\":\"https:\\\/\\\/rockufo.fr\\\/wp-content\\\/uploads\\\/2026\\\/03\\\/a4088754401_10.jpg\",\"contentUrl\":\"https:\\\/\\\/rockufo.fr\\\/wp-content\\\/uploads\\\/2026\\\/03\\\/a4088754401_10.jpg\",\"width\":1191,\"height\":1200},{\"@type\":\"BreadcrumbList\",\"@id\":\"https:\\\/\\\/rockufo.fr\\\/product\\\/forbidden-studio-1988\\\/#breadcrumb\",\"itemListElement\":[{\"@type\":\"ListItem\",\"position\":1,\"name\":\"Accueil\",\"item\":\"https:\\\/\\\/rockufo.fr\\\/\"},{\"@type\":\"ListItem\",\"position\":2,\"name\":\"Nos r\u00e9f\u00e9rences\",\"item\":\"https:\\\/\\\/rockufo.fr\\\/\"},{\"@type\":\"ListItem\",\"position\":3,\"name\":\"Forbidden Studio 1988\"}]},{\"@type\":\"WebSite\",\"@id\":\"https:\\\/\\\/rockufo.fr\\\/#website\",\"url\":\"https:\\\/\\\/rockufo.fr\\\/\",\"name\":\"Rock'n'roll UFO\",\"description\":\"Distro punk\\\/rock de l&#039;espace.\",\"publisher\":{\"@id\":\"https:\\\/\\\/rockufo.fr\\\/#organization\"},\"alternateName\":\"Rock UFO\",\"potentialAction\":[{\"@type\":\"SearchAction\",\"target\":{\"@type\":\"EntryPoint\",\"urlTemplate\":\"https:\\\/\\\/rockufo.fr\\\/?s={search_term_string}\"},\"query-input\":{\"@type\":\"PropertyValueSpecification\",\"valueRequired\":true,\"valueName\":\"search_term_string\"}}],\"inLanguage\":\"en-GB\"},{\"@type\":\"Organization\",\"@id\":\"https:\\\/\\\/rockufo.fr\\\/#organization\",\"name\":\"Rock'n'roll UFO\",\"alternateName\":\"Rock UFO\",\"url\":\"https:\\\/\\\/rockufo.fr\\\/\",\"logo\":{\"@type\":\"ImageObject\",\"inLanguage\":\"en-GB\",\"@id\":\"https:\\\/\\\/rockufo.fr\\\/#\\\/schema\\\/logo\\\/image\\\/\",\"url\":\"https:\\\/\\\/rockufo.fr\\\/wp-content\\\/uploads\\\/2022\\\/01\\\/logo_pdf.png\",\"contentUrl\":\"https:\\\/\\\/rockufo.fr\\\/wp-content\\\/uploads\\\/2022\\\/01\\\/logo_pdf.png\",\"width\":250,\"height\":250,\"caption\":\"Rock'n'roll UFO\"},\"image\":{\"@id\":\"https:\\\/\\\/rockufo.fr\\\/#\\\/schema\\\/logo\\\/image\\\/\"},\"sameAs\":[\"https:\\\/\\\/www.facebook.com\\\/rocknrollufo\",\"https:\\\/\\\/www.instagram.com\\\/rocknrollufo\"]}]}<\/script>\n<!-- \/ Yoast SEO plugin. -->","yoast_head_json":{"title":"Les Wampas - Forbidden Studio 1988 - Rock&#039;n&#039;roll UFO","description":"Enregistr\u00e9 live en r\u00e9p\u00e8te \u00e0 Forbidden Studio le 24 d\u00e9cembre 1988. Vinyle rouge. Inclus un fanzine 16 pages avec interviews et illustrations d'\u00e9poques + 1","robots":{"index":"index","follow":"follow","max-snippet":"max-snippet:-1","max-image-preview":"max-image-preview:large","max-video-preview":"max-video-preview:-1"},"canonical":"https:\/\/rockufo.fr\/en\/product\/forbidden-studio-1988\/","og_locale":"en_GB","og_type":"article","og_title":"Les Wampas - Forbidden Studio 1988 - Rock&#039;n&#039;roll UFO","og_description":"Enregistr\u00e9 live en r\u00e9p\u00e8te \u00e0 Forbidden Studio le 24 d\u00e9cembre 1988. Vinyle rouge. Inclus un fanzine 16 pages avec interviews et illustrations d'\u00e9poques + 1","og_url":"https:\/\/rockufo.fr\/en\/product\/forbidden-studio-1988\/","og_site_name":"Rock&#039;n&#039;roll UFO","article_publisher":"https:\/\/www.facebook.com\/rocknrollufo","article_modified_time":"2026-04-14T08:59:22+00:00","og_image":[{"width":1191,"height":1200,"url":"https:\/\/rockufo.fr\/wp-content\/uploads\/2026\/03\/a4088754401_10.jpg","type":"image\/jpeg"}],"twitter_card":"summary_large_image","schema":{"@context":"https:\/\/schema.org","@graph":[{"@type":"WebPage","@id":"https:\/\/rockufo.fr\/product\/forbidden-studio-1988\/","url":"https:\/\/rockufo.fr\/product\/forbidden-studio-1988\/","name":"Les Wampas - Forbidden Studio 1988 - Rock&#039;n&#039;roll UFO","isPartOf":{"@id":"https:\/\/rockufo.fr\/#website"},"primaryImageOfPage":{"@id":"https:\/\/rockufo.fr\/product\/forbidden-studio-1988\/#primaryimage"},"image":{"@id":"https:\/\/rockufo.fr\/product\/forbidden-studio-1988\/#primaryimage"},"thumbnailUrl":"https:\/\/rockufo.fr\/wp-content\/uploads\/2026\/03\/a4088754401_10.jpg","datePublished":"2026-03-29T15:08:02+00:00","dateModified":"2026-04-14T08:59:22+00:00","description":"Enregistr\u00e9 live en r\u00e9p\u00e8te \u00e0 Forbidden Studio le 24 d\u00e9cembre 1988. Vinyle rouge. Inclus un fanzine 16 pages avec interviews et illustrations d'\u00e9poques + 1","breadcrumb":{"@id":"https:\/\/rockufo.fr\/product\/forbidden-studio-1988\/#breadcrumb"},"inLanguage":"en-GB","potentialAction":[{"@type":"ReadAction","target":["https:\/\/rockufo.fr\/product\/forbidden-studio-1988\/"]}]},{"@type":"ImageObject","inLanguage":"en-GB","@id":"https:\/\/rockufo.fr\/product\/forbidden-studio-1988\/#primaryimage","url":"https:\/\/rockufo.fr\/wp-content\/uploads\/2026\/03\/a4088754401_10.jpg","contentUrl":"https:\/\/rockufo.fr\/wp-content\/uploads\/2026\/03\/a4088754401_10.jpg","width":1191,"height":1200},{"@type":"BreadcrumbList","@id":"https:\/\/rockufo.fr\/product\/forbidden-studio-1988\/#breadcrumb","itemListElement":[{"@type":"ListItem","position":1,"name":"Accueil","item":"https:\/\/rockufo.fr\/"},{"@type":"ListItem","position":2,"name":"Nos r\u00e9f\u00e9rences","item":"https:\/\/rockufo.fr\/"},{"@type":"ListItem","position":3,"name":"Forbidden Studio 1988"}]},{"@type":"WebSite","@id":"https:\/\/rockufo.fr\/#website","url":"https:\/\/rockufo.fr\/","name":"Rock'n'roll UFO","description":"Distro punk\/rock de l&#039;espace.","publisher":{"@id":"https:\/\/rockufo.fr\/#organization"},"alternateName":"Rock UFO","potentialAction":[{"@type":"SearchAction","target":{"@type":"EntryPoint","urlTemplate":"https:\/\/rockufo.fr\/?s={search_term_string}"},"query-input":{"@type":"PropertyValueSpecification","valueRequired":true,"valueName":"search_term_string"}}],"inLanguage":"en-GB"},{"@type":"Organization","@id":"https:\/\/rockufo.fr\/#organization","name":"Rock'n'roll UFO","alternateName":"Rock UFO","url":"https:\/\/rockufo.fr\/","logo":{"@type":"ImageObject","inLanguage":"en-GB","@id":"https:\/\/rockufo.fr\/#\/schema\/logo\/image\/","url":"https:\/\/rockufo.fr\/wp-content\/uploads\/2022\/01\/logo_pdf.png","contentUrl":"https:\/\/rockufo.fr\/wp-content\/uploads\/2022\/01\/logo_pdf.png","width":250,"height":250,"caption":"Rock'n'roll UFO"},"image":{"@id":"https:\/\/rockufo.fr\/#\/schema\/logo\/image\/"},"sameAs":["https:\/\/www.facebook.com\/rocknrollufo","https:\/\/www.instagram.com\/rocknrollufo"]}]}},"_links":{"self":[{"href":"https:\/\/rockufo.fr\/en\/wp-json\/wp\/v2\/product\/3242","targetHints":{"allow":["GET"]}}],"collection":[{"href":"https:\/\/rockufo.fr\/en\/wp-json\/wp\/v2\/product"}],"about":[{"href":"https:\/\/rockufo.fr\/en\/wp-json\/wp\/v2\/types\/product"}],"wp:featuredmedia":[{"embeddable":true,"href":"https:\/\/rockufo.fr\/en\/wp-json\/wp\/v2\/media\/3243"}],"wp:attachment":[{"href":"https:\/\/rockufo.fr\/en\/wp-json\/wp\/v2\/media?parent=3242"}],"wp:term":[{"taxonomy":"product_brand","embeddable":true,"href":"https:\/\/rockufo.fr\/en\/wp-json\/wp\/v2\/product_brand?post=3242"},{"taxonomy":"product_cat","embeddable":true,"href":"https:\/\/rockufo.fr\/en\/wp-json\/wp\/v2\/product_cat?post=3242"},{"taxonomy":"product_tag","embeddable":true,"href":"https:\/\/rockufo.fr\/en\/wp-json\/wp\/v2\/product_tag?post=3242"}],"curies":[{"name":"wp","href":"https:\/\/api.w.org\/{rel}","templated":true}]}}