{"id":3212,"date":"2026-01-14T22:35:03","date_gmt":"2026-01-14T21:35:03","guid":{"rendered":"https:\/\/rockufo.fr\/?post_type=product&#038;p=3212"},"modified":"2026-01-14T22:50:26","modified_gmt":"2026-01-14T21:50:26","slug":"les-vierges-vs-fakir-tremolo-2","status":"publish","type":"product","link":"https:\/\/rockufo.fr\/en\/product\/les-vierges-vs-fakir-tremolo-2\/","title":{"rendered":"Les Vierges vs. Fakir Tremolo"},"content":{"rendered":"<p>45 tours 7&Prime; \u00e0 lire en vitesse 33 tours comprenant :<br \/>\n&#8211; 3 titre de <a href=\"https:\/\/rockufo.fr\/en\/product\/par-ici-la-sortie\/\">Par ici la sortie<\/a> (<em>T&rsquo;oublier, Ramblin&rsquo; rose, On me recherche<\/em>)<br \/>\n&#8211; 1 in\u00e9dit : <em>C&rsquo;est pas assez<\/em>, morceau compos\u00e9 d\u00e8s 1984<br \/>\n&nbsp;<br \/>\nLivr\u00e9 sous une \u00e9l\u00e9gante pochette (presque) noire et accompagn\u00e9 d&rsquo;une s\u00e9rigraphie originale de <strong>Pascal Comelade<\/strong>.<br \/>\n&nbsp;<br \/>\nEDITION COLLECTOR ??? Les ronds centraux sont invers\u00e9s. Suite \u00e0 une erreur de la Virga team, pour \u00e9couter la face A mettez la face B, et vice versa !<\/p>","protected":false},"excerpt":{"rendered":"<p>45 tours 7&Prime; \u00e0 lire en vitesse 33 tours comprenant : &#8211; 3 titre de Par ici la sortie (T&rsquo;oublier, Ramblin&rsquo; rose, On me recherche) &#8211; 1 in\u00e9dit : C&rsquo;est pas assez, morceau compos\u00e9 d\u00e8s 1984 &nbsp; Livr\u00e9 sous une \u00e9l\u00e9gante pochette (presque) noire et accompagn\u00e9 d&rsquo;une s\u00e9rigraphie originale de Pascal Comelade. &nbsp; EDITION COLLECTOR [&hellip;]<\/p>\n","protected":false},"featured_media":1111,"template":"","meta":{"_acf_changed":false},"product_brand":[],"product_cat":[81],"product_tag":[104],"class_list":{"0":"post-3212","1":"product","2":"type-product","3":"status-publish","4":"has-post-thumbnail","6":"product_cat-vinyles","7":"product_tag-vinyle-7","8":"product_shipping_class-45-tours","10":"first","11":"instock","12":"taxable","13":"shipping-taxable","14":"purchasable","15":"product-type-simple"},"acf":[],"yoast_head":"<!-- This site is optimized with the Yoast SEO plugin v27.4 - https:\/\/yoast.com\/product\/yoast-seo-wordpress\/ -->\n<title>Les Vierges - Les Vierges vs. Fakir Tremolo - Rock&#039;n&#039;roll UFO<\/title>\n<meta name=\"description\" content=\"45 tours 7&quot; \u00e0 lire en vitesse 33 tours comprenant : - 3 titre de Par ici la sortie (T&#039;oublier, Ramblin&#039; rose, On me recherche) - 1 in\u00e9dit : C&#039;est pas\" \/>\n<meta name=\"robots\" content=\"index, follow, max-snippet:-1, max-image-preview:large, max-video-preview:-1\" \/>\n<link rel=\"canonical\" href=\"https:\/\/rockufo.fr\/en\/product\/les-vierges-vs-fakir-tremolo-2\/\" \/>\n<meta property=\"og:locale\" content=\"en_GB\" \/>\n<meta property=\"og:type\" content=\"article\" \/>\n<meta property=\"og:title\" content=\"Les Vierges - Les Vierges vs. Fakir Tremolo - Rock&#039;n&#039;roll UFO\" \/>\n<meta property=\"og:description\" content=\"45 tours 7&quot; \u00e0 lire en vitesse 33 tours comprenant : - 3 titre de Par ici la sortie (T&#039;oublier, Ramblin&#039; rose, On me recherche) - 1 in\u00e9dit : C&#039;est pas\" \/>\n<meta property=\"og:url\" content=\"https:\/\/rockufo.fr\/en\/product\/les-vierges-vs-fakir-tremolo-2\/\" \/>\n<meta property=\"og:site_name\" content=\"Rock&#039;n&#039;roll UFO\" \/>\n<meta property=\"article:publisher\" content=\"https:\/\/www.facebook.com\/rocknrollufo\" \/>\n<meta property=\"article:modified_time\" content=\"2026-01-14T21:50:26+00:00\" \/>\n<meta property=\"og:image\" content=\"https:\/\/rockufo.fr\/wp-content\/uploads\/2022\/04\/fak_2.jpg\" \/>\n\t<meta property=\"og:image:width\" content=\"1200\" \/>\n\t<meta property=\"og:image:height\" content=\"1200\" \/>\n\t<meta property=\"og:image:type\" content=\"image\/jpeg\" \/>\n<meta name=\"twitter:card\" content=\"summary_large_image\" \/>\n<script type=\"application\/ld+json\" class=\"yoast-schema-graph\">{\"@context\":\"https:\\\/\\\/schema.org\",\"@graph\":[{\"@type\":\"WebPage\",\"@id\":\"https:\\\/\\\/rockufo.fr\\\/product\\\/les-vierges-vs-fakir-tremolo-2\\\/\",\"url\":\"https:\\\/\\\/rockufo.fr\\\/product\\\/les-vierges-vs-fakir-tremolo-2\\\/\",\"name\":\"Les Vierges - Les Vierges vs. Fakir Tremolo - Rock&#039;n&#039;roll UFO\",\"isPartOf\":{\"@id\":\"https:\\\/\\\/rockufo.fr\\\/#website\"},\"primaryImageOfPage\":{\"@id\":\"https:\\\/\\\/rockufo.fr\\\/product\\\/les-vierges-vs-fakir-tremolo-2\\\/#primaryimage\"},\"image\":{\"@id\":\"https:\\\/\\\/rockufo.fr\\\/product\\\/les-vierges-vs-fakir-tremolo-2\\\/#primaryimage\"},\"thumbnailUrl\":\"https:\\\/\\\/rockufo.fr\\\/wp-content\\\/uploads\\\/2022\\\/04\\\/fak_2.jpg\",\"datePublished\":\"2026-01-14T21:35:03+00:00\",\"dateModified\":\"2026-01-14T21:50:26+00:00\",\"description\":\"45 tours 7\\\" \u00e0 lire en vitesse 33 tours comprenant : - 3 titre de Par ici la sortie (T'oublier, Ramblin' rose, On me recherche) - 1 in\u00e9dit : C'est pas\",\"breadcrumb\":{\"@id\":\"https:\\\/\\\/rockufo.fr\\\/product\\\/les-vierges-vs-fakir-tremolo-2\\\/#breadcrumb\"},\"inLanguage\":\"en-GB\",\"potentialAction\":[{\"@type\":\"ReadAction\",\"target\":[\"https:\\\/\\\/rockufo.fr\\\/product\\\/les-vierges-vs-fakir-tremolo-2\\\/\"]}]},{\"@type\":\"ImageObject\",\"inLanguage\":\"en-GB\",\"@id\":\"https:\\\/\\\/rockufo.fr\\\/product\\\/les-vierges-vs-fakir-tremolo-2\\\/#primaryimage\",\"url\":\"https:\\\/\\\/rockufo.fr\\\/wp-content\\\/uploads\\\/2022\\\/04\\\/fak_2.jpg\",\"contentUrl\":\"https:\\\/\\\/rockufo.fr\\\/wp-content\\\/uploads\\\/2022\\\/04\\\/fak_2.jpg\",\"width\":1200,\"height\":1200},{\"@type\":\"BreadcrumbList\",\"@id\":\"https:\\\/\\\/rockufo.fr\\\/product\\\/les-vierges-vs-fakir-tremolo-2\\\/#breadcrumb\",\"itemListElement\":[{\"@type\":\"ListItem\",\"position\":1,\"name\":\"Accueil\",\"item\":\"https:\\\/\\\/rockufo.fr\\\/\"},{\"@type\":\"ListItem\",\"position\":2,\"name\":\"Nos r\u00e9f\u00e9rences\",\"item\":\"https:\\\/\\\/rockufo.fr\\\/\"},{\"@type\":\"ListItem\",\"position\":3,\"name\":\"Les Vierges vs. Fakir Tremolo\"}]},{\"@type\":\"WebSite\",\"@id\":\"https:\\\/\\\/rockufo.fr\\\/#website\",\"url\":\"https:\\\/\\\/rockufo.fr\\\/\",\"name\":\"Rock'n'roll UFO\",\"description\":\"Distro punk\\\/rock de l&#039;espace.\",\"publisher\":{\"@id\":\"https:\\\/\\\/rockufo.fr\\\/#organization\"},\"alternateName\":\"Rock UFO\",\"potentialAction\":[{\"@type\":\"SearchAction\",\"target\":{\"@type\":\"EntryPoint\",\"urlTemplate\":\"https:\\\/\\\/rockufo.fr\\\/?s={search_term_string}\"},\"query-input\":{\"@type\":\"PropertyValueSpecification\",\"valueRequired\":true,\"valueName\":\"search_term_string\"}}],\"inLanguage\":\"en-GB\"},{\"@type\":\"Organization\",\"@id\":\"https:\\\/\\\/rockufo.fr\\\/#organization\",\"name\":\"Rock'n'roll UFO\",\"alternateName\":\"Rock UFO\",\"url\":\"https:\\\/\\\/rockufo.fr\\\/\",\"logo\":{\"@type\":\"ImageObject\",\"inLanguage\":\"en-GB\",\"@id\":\"https:\\\/\\\/rockufo.fr\\\/#\\\/schema\\\/logo\\\/image\\\/\",\"url\":\"https:\\\/\\\/rockufo.fr\\\/wp-content\\\/uploads\\\/2022\\\/01\\\/logo_pdf.png\",\"contentUrl\":\"https:\\\/\\\/rockufo.fr\\\/wp-content\\\/uploads\\\/2022\\\/01\\\/logo_pdf.png\",\"width\":250,\"height\":250,\"caption\":\"Rock'n'roll UFO\"},\"image\":{\"@id\":\"https:\\\/\\\/rockufo.fr\\\/#\\\/schema\\\/logo\\\/image\\\/\"},\"sameAs\":[\"https:\\\/\\\/www.facebook.com\\\/rocknrollufo\",\"https:\\\/\\\/www.instagram.com\\\/rocknrollufo\"]}]}<\/script>\n<!-- \/ Yoast SEO plugin. -->","yoast_head_json":{"title":"Les Vierges - Les Vierges vs. Fakir Tremolo - Rock&#039;n&#039;roll UFO","description":"45 tours 7\" \u00e0 lire en vitesse 33 tours comprenant : - 3 titre de Par ici la sortie (T'oublier, Ramblin' rose, On me recherche) - 1 in\u00e9dit : C'est pas","robots":{"index":"index","follow":"follow","max-snippet":"max-snippet:-1","max-image-preview":"max-image-preview:large","max-video-preview":"max-video-preview:-1"},"canonical":"https:\/\/rockufo.fr\/en\/product\/les-vierges-vs-fakir-tremolo-2\/","og_locale":"en_GB","og_type":"article","og_title":"Les Vierges - Les Vierges vs. Fakir Tremolo - Rock&#039;n&#039;roll UFO","og_description":"45 tours 7\" \u00e0 lire en vitesse 33 tours comprenant : - 3 titre de Par ici la sortie (T'oublier, Ramblin' rose, On me recherche) - 1 in\u00e9dit : C'est pas","og_url":"https:\/\/rockufo.fr\/en\/product\/les-vierges-vs-fakir-tremolo-2\/","og_site_name":"Rock&#039;n&#039;roll UFO","article_publisher":"https:\/\/www.facebook.com\/rocknrollufo","article_modified_time":"2026-01-14T21:50:26+00:00","og_image":[{"width":1200,"height":1200,"url":"https:\/\/rockufo.fr\/wp-content\/uploads\/2022\/04\/fak_2.jpg","type":"image\/jpeg"}],"twitter_card":"summary_large_image","schema":{"@context":"https:\/\/schema.org","@graph":[{"@type":"WebPage","@id":"https:\/\/rockufo.fr\/product\/les-vierges-vs-fakir-tremolo-2\/","url":"https:\/\/rockufo.fr\/product\/les-vierges-vs-fakir-tremolo-2\/","name":"Les Vierges - Les Vierges vs. Fakir Tremolo - Rock&#039;n&#039;roll UFO","isPartOf":{"@id":"https:\/\/rockufo.fr\/#website"},"primaryImageOfPage":{"@id":"https:\/\/rockufo.fr\/product\/les-vierges-vs-fakir-tremolo-2\/#primaryimage"},"image":{"@id":"https:\/\/rockufo.fr\/product\/les-vierges-vs-fakir-tremolo-2\/#primaryimage"},"thumbnailUrl":"https:\/\/rockufo.fr\/wp-content\/uploads\/2022\/04\/fak_2.jpg","datePublished":"2026-01-14T21:35:03+00:00","dateModified":"2026-01-14T21:50:26+00:00","description":"45 tours 7\" \u00e0 lire en vitesse 33 tours comprenant : - 3 titre de Par ici la sortie (T'oublier, Ramblin' rose, On me recherche) - 1 in\u00e9dit : C'est pas","breadcrumb":{"@id":"https:\/\/rockufo.fr\/product\/les-vierges-vs-fakir-tremolo-2\/#breadcrumb"},"inLanguage":"en-GB","potentialAction":[{"@type":"ReadAction","target":["https:\/\/rockufo.fr\/product\/les-vierges-vs-fakir-tremolo-2\/"]}]},{"@type":"ImageObject","inLanguage":"en-GB","@id":"https:\/\/rockufo.fr\/product\/les-vierges-vs-fakir-tremolo-2\/#primaryimage","url":"https:\/\/rockufo.fr\/wp-content\/uploads\/2022\/04\/fak_2.jpg","contentUrl":"https:\/\/rockufo.fr\/wp-content\/uploads\/2022\/04\/fak_2.jpg","width":1200,"height":1200},{"@type":"BreadcrumbList","@id":"https:\/\/rockufo.fr\/product\/les-vierges-vs-fakir-tremolo-2\/#breadcrumb","itemListElement":[{"@type":"ListItem","position":1,"name":"Accueil","item":"https:\/\/rockufo.fr\/"},{"@type":"ListItem","position":2,"name":"Nos r\u00e9f\u00e9rences","item":"https:\/\/rockufo.fr\/"},{"@type":"ListItem","position":3,"name":"Les Vierges vs. Fakir Tremolo"}]},{"@type":"WebSite","@id":"https:\/\/rockufo.fr\/#website","url":"https:\/\/rockufo.fr\/","name":"Rock'n'roll UFO","description":"Distro punk\/rock de l&#039;espace.","publisher":{"@id":"https:\/\/rockufo.fr\/#organization"},"alternateName":"Rock UFO","potentialAction":[{"@type":"SearchAction","target":{"@type":"EntryPoint","urlTemplate":"https:\/\/rockufo.fr\/?s={search_term_string}"},"query-input":{"@type":"PropertyValueSpecification","valueRequired":true,"valueName":"search_term_string"}}],"inLanguage":"en-GB"},{"@type":"Organization","@id":"https:\/\/rockufo.fr\/#organization","name":"Rock'n'roll UFO","alternateName":"Rock UFO","url":"https:\/\/rockufo.fr\/","logo":{"@type":"ImageObject","inLanguage":"en-GB","@id":"https:\/\/rockufo.fr\/#\/schema\/logo\/image\/","url":"https:\/\/rockufo.fr\/wp-content\/uploads\/2022\/01\/logo_pdf.png","contentUrl":"https:\/\/rockufo.fr\/wp-content\/uploads\/2022\/01\/logo_pdf.png","width":250,"height":250,"caption":"Rock'n'roll UFO"},"image":{"@id":"https:\/\/rockufo.fr\/#\/schema\/logo\/image\/"},"sameAs":["https:\/\/www.facebook.com\/rocknrollufo","https:\/\/www.instagram.com\/rocknrollufo"]}]}},"_links":{"self":[{"href":"https:\/\/rockufo.fr\/en\/wp-json\/wp\/v2\/product\/3212","targetHints":{"allow":["GET"]}}],"collection":[{"href":"https:\/\/rockufo.fr\/en\/wp-json\/wp\/v2\/product"}],"about":[{"href":"https:\/\/rockufo.fr\/en\/wp-json\/wp\/v2\/types\/product"}],"wp:featuredmedia":[{"embeddable":true,"href":"https:\/\/rockufo.fr\/en\/wp-json\/wp\/v2\/media\/1111"}],"wp:attachment":[{"href":"https:\/\/rockufo.fr\/en\/wp-json\/wp\/v2\/media?parent=3212"}],"wp:term":[{"taxonomy":"product_brand","embeddable":true,"href":"https:\/\/rockufo.fr\/en\/wp-json\/wp\/v2\/product_brand?post=3212"},{"taxonomy":"product_cat","embeddable":true,"href":"https:\/\/rockufo.fr\/en\/wp-json\/wp\/v2\/product_cat?post=3212"},{"taxonomy":"product_tag","embeddable":true,"href":"https:\/\/rockufo.fr\/en\/wp-json\/wp\/v2\/product_tag?post=3212"}],"curies":[{"name":"wp","href":"https:\/\/api.w.org\/{rel}","templated":true}]}}