{"id":3196,"date":"2026-01-13T18:53:43","date_gmt":"2026-01-13T17:53:43","guid":{"rendered":"https:\/\/rockufo.fr\/?post_type=product&#038;p=3196"},"modified":"2026-03-31T18:03:50","modified_gmt":"2026-03-31T17:03:50","slug":"badges-endive-amere","status":"publish","type":"product","link":"https:\/\/rockufo.fr\/en\/product\/badges-endive-amere\/","title":{"rendered":"Badges endive am\u00e8re"},"content":{"rendered":"<p>Lot de 2 badges avec un dessin d&rsquo;endive et un jeu de mots de qualit\u00e9.<br \/>\nFinition mate, diam\u00e8tre : 32mm<\/p>","protected":false},"excerpt":{"rendered":"<p>Lot de 2 badges avec un dessin d&rsquo;endive et un jeu de mots de qualit\u00e9. Finition mate, diam\u00e8tre : 32mm<\/p>","protected":false},"featured_media":3200,"template":"","meta":{"_acf_changed":false},"product_brand":[],"product_cat":[83],"product_tag":[],"class_list":{"0":"post-3196","1":"product","2":"type-product","3":"status-publish","4":"has-post-thumbnail","6":"product_cat-autres-trucs","7":"product_shipping_class-cd","9":"first","10":"instock","11":"taxable","12":"shipping-taxable","13":"purchasable","14":"product-type-simple"},"acf":[],"yoast_head":"<!-- This site is optimized with the Yoast SEO plugin v27.3 - https:\/\/yoast.com\/product\/yoast-seo-wordpress\/ -->\n<title>effello &amp; les extraterrestres - Badges endive am\u00e8re - Rock&#039;n&#039;roll UFO<\/title>\n<meta name=\"description\" content=\"Lot de 2 badges avec un dessin d&#039;endive et un jeu de mots de qualit\u00e9. Finition mate, diam\u00e8tre : 32mm\" \/>\n<meta name=\"robots\" content=\"index, follow, max-snippet:-1, max-image-preview:large, max-video-preview:-1\" \/>\n<link rel=\"canonical\" href=\"https:\/\/rockufo.fr\/en\/product\/badges-endive-amere\/\" \/>\n<meta property=\"og:locale\" content=\"en_GB\" \/>\n<meta property=\"og:type\" content=\"article\" \/>\n<meta property=\"og:title\" content=\"effello &amp; les extraterrestres - Badges endive am\u00e8re - Rock&#039;n&#039;roll UFO\" \/>\n<meta property=\"og:description\" content=\"Lot de 2 badges avec un dessin d&#039;endive et un jeu de mots de qualit\u00e9. Finition mate, diam\u00e8tre : 32mm\" \/>\n<meta property=\"og:url\" content=\"https:\/\/rockufo.fr\/en\/product\/badges-endive-amere\/\" \/>\n<meta property=\"og:site_name\" content=\"Rock&#039;n&#039;roll UFO\" \/>\n<meta property=\"article:publisher\" content=\"https:\/\/www.facebook.com\/rocknrollufo\" \/>\n<meta property=\"article:modified_time\" content=\"2026-03-31T17:03:50+00:00\" \/>\n<meta property=\"og:image\" content=\"https:\/\/rockufo.fr\/wp-content\/uploads\/2026\/01\/badges_amer.jpg\" \/>\n\t<meta property=\"og:image:width\" content=\"1200\" \/>\n\t<meta property=\"og:image:height\" content=\"1200\" \/>\n\t<meta property=\"og:image:type\" content=\"image\/jpeg\" \/>\n<meta name=\"twitter:card\" content=\"summary_large_image\" \/>\n<script type=\"application\/ld+json\" class=\"yoast-schema-graph\">{\"@context\":\"https:\\\/\\\/schema.org\",\"@graph\":[{\"@type\":\"WebPage\",\"@id\":\"https:\\\/\\\/rockufo.fr\\\/product\\\/badges-endive-amere\\\/\",\"url\":\"https:\\\/\\\/rockufo.fr\\\/product\\\/badges-endive-amere\\\/\",\"name\":\"effello & les extraterrestres - Badges endive am\u00e8re - Rock&#039;n&#039;roll UFO\",\"isPartOf\":{\"@id\":\"https:\\\/\\\/rockufo.fr\\\/#website\"},\"primaryImageOfPage\":{\"@id\":\"https:\\\/\\\/rockufo.fr\\\/product\\\/badges-endive-amere\\\/#primaryimage\"},\"image\":{\"@id\":\"https:\\\/\\\/rockufo.fr\\\/product\\\/badges-endive-amere\\\/#primaryimage\"},\"thumbnailUrl\":\"https:\\\/\\\/rockufo.fr\\\/wp-content\\\/uploads\\\/2026\\\/01\\\/badges_amer.jpg\",\"datePublished\":\"2026-01-13T17:53:43+00:00\",\"dateModified\":\"2026-03-31T17:03:50+00:00\",\"description\":\"Lot de 2 badges avec un dessin d'endive et un jeu de mots de qualit\u00e9. Finition mate, diam\u00e8tre : 32mm\",\"breadcrumb\":{\"@id\":\"https:\\\/\\\/rockufo.fr\\\/product\\\/badges-endive-amere\\\/#breadcrumb\"},\"inLanguage\":\"en-GB\",\"potentialAction\":[{\"@type\":\"ReadAction\",\"target\":[\"https:\\\/\\\/rockufo.fr\\\/product\\\/badges-endive-amere\\\/\"]}]},{\"@type\":\"ImageObject\",\"inLanguage\":\"en-GB\",\"@id\":\"https:\\\/\\\/rockufo.fr\\\/product\\\/badges-endive-amere\\\/#primaryimage\",\"url\":\"https:\\\/\\\/rockufo.fr\\\/wp-content\\\/uploads\\\/2026\\\/01\\\/badges_amer.jpg\",\"contentUrl\":\"https:\\\/\\\/rockufo.fr\\\/wp-content\\\/uploads\\\/2026\\\/01\\\/badges_amer.jpg\",\"width\":1200,\"height\":1200},{\"@type\":\"BreadcrumbList\",\"@id\":\"https:\\\/\\\/rockufo.fr\\\/product\\\/badges-endive-amere\\\/#breadcrumb\",\"itemListElement\":[{\"@type\":\"ListItem\",\"position\":1,\"name\":\"Accueil\",\"item\":\"https:\\\/\\\/rockufo.fr\\\/\"},{\"@type\":\"ListItem\",\"position\":2,\"name\":\"Nos r\u00e9f\u00e9rences\",\"item\":\"https:\\\/\\\/rockufo.fr\\\/\"},{\"@type\":\"ListItem\",\"position\":3,\"name\":\"Badges endive am\u00e8re\"}]},{\"@type\":\"WebSite\",\"@id\":\"https:\\\/\\\/rockufo.fr\\\/#website\",\"url\":\"https:\\\/\\\/rockufo.fr\\\/\",\"name\":\"Rock'n'roll UFO\",\"description\":\"Distro punk\\\/rock de l&#039;espace.\",\"publisher\":{\"@id\":\"https:\\\/\\\/rockufo.fr\\\/#organization\"},\"alternateName\":\"Rock UFO\",\"potentialAction\":[{\"@type\":\"SearchAction\",\"target\":{\"@type\":\"EntryPoint\",\"urlTemplate\":\"https:\\\/\\\/rockufo.fr\\\/?s={search_term_string}\"},\"query-input\":{\"@type\":\"PropertyValueSpecification\",\"valueRequired\":true,\"valueName\":\"search_term_string\"}}],\"inLanguage\":\"en-GB\"},{\"@type\":\"Organization\",\"@id\":\"https:\\\/\\\/rockufo.fr\\\/#organization\",\"name\":\"Rock'n'roll UFO\",\"alternateName\":\"Rock UFO\",\"url\":\"https:\\\/\\\/rockufo.fr\\\/\",\"logo\":{\"@type\":\"ImageObject\",\"inLanguage\":\"en-GB\",\"@id\":\"https:\\\/\\\/rockufo.fr\\\/#\\\/schema\\\/logo\\\/image\\\/\",\"url\":\"https:\\\/\\\/rockufo.fr\\\/wp-content\\\/uploads\\\/2022\\\/01\\\/logo_pdf.png\",\"contentUrl\":\"https:\\\/\\\/rockufo.fr\\\/wp-content\\\/uploads\\\/2022\\\/01\\\/logo_pdf.png\",\"width\":250,\"height\":250,\"caption\":\"Rock'n'roll UFO\"},\"image\":{\"@id\":\"https:\\\/\\\/rockufo.fr\\\/#\\\/schema\\\/logo\\\/image\\\/\"},\"sameAs\":[\"https:\\\/\\\/www.facebook.com\\\/rocknrollufo\",\"https:\\\/\\\/www.instagram.com\\\/rocknrollufo\"]}]}<\/script>\n<!-- \/ Yoast SEO plugin. -->","yoast_head_json":{"title":"effello & les extraterrestres - Badges endive am\u00e8re - Rock&#039;n&#039;roll UFO","description":"Lot de 2 badges avec un dessin d'endive et un jeu de mots de qualit\u00e9. Finition mate, diam\u00e8tre : 32mm","robots":{"index":"index","follow":"follow","max-snippet":"max-snippet:-1","max-image-preview":"max-image-preview:large","max-video-preview":"max-video-preview:-1"},"canonical":"https:\/\/rockufo.fr\/en\/product\/badges-endive-amere\/","og_locale":"en_GB","og_type":"article","og_title":"effello & les extraterrestres - Badges endive am\u00e8re - Rock&#039;n&#039;roll UFO","og_description":"Lot de 2 badges avec un dessin d'endive et un jeu de mots de qualit\u00e9. Finition mate, diam\u00e8tre : 32mm","og_url":"https:\/\/rockufo.fr\/en\/product\/badges-endive-amere\/","og_site_name":"Rock&#039;n&#039;roll UFO","article_publisher":"https:\/\/www.facebook.com\/rocknrollufo","article_modified_time":"2026-03-31T17:03:50+00:00","og_image":[{"width":1200,"height":1200,"url":"https:\/\/rockufo.fr\/wp-content\/uploads\/2026\/01\/badges_amer.jpg","type":"image\/jpeg"}],"twitter_card":"summary_large_image","schema":{"@context":"https:\/\/schema.org","@graph":[{"@type":"WebPage","@id":"https:\/\/rockufo.fr\/product\/badges-endive-amere\/","url":"https:\/\/rockufo.fr\/product\/badges-endive-amere\/","name":"effello & les extraterrestres - Badges endive am\u00e8re - Rock&#039;n&#039;roll UFO","isPartOf":{"@id":"https:\/\/rockufo.fr\/#website"},"primaryImageOfPage":{"@id":"https:\/\/rockufo.fr\/product\/badges-endive-amere\/#primaryimage"},"image":{"@id":"https:\/\/rockufo.fr\/product\/badges-endive-amere\/#primaryimage"},"thumbnailUrl":"https:\/\/rockufo.fr\/wp-content\/uploads\/2026\/01\/badges_amer.jpg","datePublished":"2026-01-13T17:53:43+00:00","dateModified":"2026-03-31T17:03:50+00:00","description":"Lot de 2 badges avec un dessin d'endive et un jeu de mots de qualit\u00e9. Finition mate, diam\u00e8tre : 32mm","breadcrumb":{"@id":"https:\/\/rockufo.fr\/product\/badges-endive-amere\/#breadcrumb"},"inLanguage":"en-GB","potentialAction":[{"@type":"ReadAction","target":["https:\/\/rockufo.fr\/product\/badges-endive-amere\/"]}]},{"@type":"ImageObject","inLanguage":"en-GB","@id":"https:\/\/rockufo.fr\/product\/badges-endive-amere\/#primaryimage","url":"https:\/\/rockufo.fr\/wp-content\/uploads\/2026\/01\/badges_amer.jpg","contentUrl":"https:\/\/rockufo.fr\/wp-content\/uploads\/2026\/01\/badges_amer.jpg","width":1200,"height":1200},{"@type":"BreadcrumbList","@id":"https:\/\/rockufo.fr\/product\/badges-endive-amere\/#breadcrumb","itemListElement":[{"@type":"ListItem","position":1,"name":"Accueil","item":"https:\/\/rockufo.fr\/"},{"@type":"ListItem","position":2,"name":"Nos r\u00e9f\u00e9rences","item":"https:\/\/rockufo.fr\/"},{"@type":"ListItem","position":3,"name":"Badges endive am\u00e8re"}]},{"@type":"WebSite","@id":"https:\/\/rockufo.fr\/#website","url":"https:\/\/rockufo.fr\/","name":"Rock'n'roll UFO","description":"Distro punk\/rock de l&#039;espace.","publisher":{"@id":"https:\/\/rockufo.fr\/#organization"},"alternateName":"Rock UFO","potentialAction":[{"@type":"SearchAction","target":{"@type":"EntryPoint","urlTemplate":"https:\/\/rockufo.fr\/?s={search_term_string}"},"query-input":{"@type":"PropertyValueSpecification","valueRequired":true,"valueName":"search_term_string"}}],"inLanguage":"en-GB"},{"@type":"Organization","@id":"https:\/\/rockufo.fr\/#organization","name":"Rock'n'roll UFO","alternateName":"Rock UFO","url":"https:\/\/rockufo.fr\/","logo":{"@type":"ImageObject","inLanguage":"en-GB","@id":"https:\/\/rockufo.fr\/#\/schema\/logo\/image\/","url":"https:\/\/rockufo.fr\/wp-content\/uploads\/2022\/01\/logo_pdf.png","contentUrl":"https:\/\/rockufo.fr\/wp-content\/uploads\/2022\/01\/logo_pdf.png","width":250,"height":250,"caption":"Rock'n'roll UFO"},"image":{"@id":"https:\/\/rockufo.fr\/#\/schema\/logo\/image\/"},"sameAs":["https:\/\/www.facebook.com\/rocknrollufo","https:\/\/www.instagram.com\/rocknrollufo"]}]}},"_links":{"self":[{"href":"https:\/\/rockufo.fr\/en\/wp-json\/wp\/v2\/product\/3196","targetHints":{"allow":["GET"]}}],"collection":[{"href":"https:\/\/rockufo.fr\/en\/wp-json\/wp\/v2\/product"}],"about":[{"href":"https:\/\/rockufo.fr\/en\/wp-json\/wp\/v2\/types\/product"}],"wp:featuredmedia":[{"embeddable":true,"href":"https:\/\/rockufo.fr\/en\/wp-json\/wp\/v2\/media\/3200"}],"wp:attachment":[{"href":"https:\/\/rockufo.fr\/en\/wp-json\/wp\/v2\/media?parent=3196"}],"wp:term":[{"taxonomy":"product_brand","embeddable":true,"href":"https:\/\/rockufo.fr\/en\/wp-json\/wp\/v2\/product_brand?post=3196"},{"taxonomy":"product_cat","embeddable":true,"href":"https:\/\/rockufo.fr\/en\/wp-json\/wp\/v2\/product_cat?post=3196"},{"taxonomy":"product_tag","embeddable":true,"href":"https:\/\/rockufo.fr\/en\/wp-json\/wp\/v2\/product_tag?post=3196"}],"curies":[{"name":"wp","href":"https:\/\/api.w.org\/{rel}","templated":true}]}}