{"id":2859,"date":"2025-04-02T17:38:18","date_gmt":"2025-04-02T16:38:18","guid":{"rendered":"https:\/\/rockufo.fr\/?post_type=product&#038;p=2859"},"modified":"2025-05-17T14:14:42","modified_gmt":"2025-05-17T13:14:42","slug":"pourquoi","status":"publish","type":"product","link":"https:\/\/rockufo.fr\/en\/product\/pourquoi\/","title":{"rendered":"Pourquoi ?"},"content":{"rendered":"<p>2\u00e8me album de Perch\u00e9, r\u00e9solument plus punk-rock.<\/p>\n<p>Guitares de Bruno Lopez. Illustration de Pat Pujol. Enregistr\u00e9, mix\u00e9 et masteris\u00e9 par Axel Quignon. Graphisme de Liliane Meynard.<\/p>\n<p>Mp3 download included.<\/p>","protected":false},"excerpt":{"rendered":"<p>2\u00e8me album de Perch\u00e9, r\u00e9solument plus punk-rock. Guitares de Bruno Lopez. Illustration de Pat Pujol. Enregistr\u00e9, mix\u00e9 et masteris\u00e9 par Axel Quignon. Graphisme de Liliane Meynard. T\u00e9l\u00e9chargement de l&rsquo;album en mp3 inclus.<\/p>","protected":false},"featured_media":2860,"template":"","meta":{"_acf_changed":false},"product_brand":[],"product_cat":[76],"product_tag":[108],"class_list":{"0":"post-2859","1":"product","2":"type-product","3":"status-publish","4":"has-post-thumbnail","6":"product_cat-cd","7":"product_tag-cd-mp3","8":"product_shipping_class-cd","10":"first","11":"instock","12":"downloadable","13":"taxable","14":"shipping-taxable","15":"purchasable","16":"product-type-simple"},"acf":[],"yoast_head":"<!-- This site is optimized with the Yoast SEO plugin v27.4 - https:\/\/yoast.com\/product\/yoast-seo-wordpress\/ -->\n<title>Perch\u00e9 - Pourquoi ? - Rock&#039;n&#039;roll UFO<\/title>\n<meta name=\"description\" content=\"2\u00e8me album de Perch\u00e9, r\u00e9solument plus punk-rock. Guitares de Bruno Lopez. Illustration de Pat Pujol. Enregistr\u00e9, mix\u00e9 et masteris\u00e9 par Axel Quignon.\" \/>\n<meta name=\"robots\" content=\"index, follow, max-snippet:-1, max-image-preview:large, max-video-preview:-1\" \/>\n<link rel=\"canonical\" href=\"https:\/\/rockufo.fr\/en\/product\/pourquoi\/\" \/>\n<meta property=\"og:locale\" content=\"en_GB\" \/>\n<meta property=\"og:type\" content=\"article\" \/>\n<meta property=\"og:title\" content=\"Perch\u00e9 - Pourquoi ? - Rock&#039;n&#039;roll UFO\" \/>\n<meta property=\"og:description\" content=\"2\u00e8me album de Perch\u00e9, r\u00e9solument plus punk-rock. Guitares de Bruno Lopez. Illustration de Pat Pujol. Enregistr\u00e9, mix\u00e9 et masteris\u00e9 par Axel Quignon.\" \/>\n<meta property=\"og:url\" content=\"https:\/\/rockufo.fr\/en\/product\/pourquoi\/\" \/>\n<meta property=\"og:site_name\" content=\"Rock&#039;n&#039;roll UFO\" \/>\n<meta property=\"article:publisher\" content=\"https:\/\/www.facebook.com\/rocknrollufo\" \/>\n<meta property=\"article:modified_time\" content=\"2025-05-17T13:14:42+00:00\" \/>\n<meta property=\"og:image\" content=\"https:\/\/rockufo.fr\/wp-content\/uploads\/2025\/04\/a3867053664_10.jpg\" \/>\n\t<meta property=\"og:image:width\" content=\"1072\" \/>\n\t<meta property=\"og:image:height\" content=\"1072\" \/>\n\t<meta property=\"og:image:type\" content=\"image\/jpeg\" \/>\n<meta name=\"twitter:card\" content=\"summary_large_image\" \/>\n<script type=\"application\/ld+json\" class=\"yoast-schema-graph\">{\"@context\":\"https:\\\/\\\/schema.org\",\"@graph\":[{\"@type\":\"WebPage\",\"@id\":\"https:\\\/\\\/rockufo.fr\\\/product\\\/pourquoi\\\/\",\"url\":\"https:\\\/\\\/rockufo.fr\\\/product\\\/pourquoi\\\/\",\"name\":\"Perch\u00e9 - Pourquoi ? - Rock&#039;n&#039;roll UFO\",\"isPartOf\":{\"@id\":\"https:\\\/\\\/rockufo.fr\\\/#website\"},\"primaryImageOfPage\":{\"@id\":\"https:\\\/\\\/rockufo.fr\\\/product\\\/pourquoi\\\/#primaryimage\"},\"image\":{\"@id\":\"https:\\\/\\\/rockufo.fr\\\/product\\\/pourquoi\\\/#primaryimage\"},\"thumbnailUrl\":\"https:\\\/\\\/rockufo.fr\\\/wp-content\\\/uploads\\\/2025\\\/04\\\/a3867053664_10.jpg\",\"datePublished\":\"2025-04-02T16:38:18+00:00\",\"dateModified\":\"2025-05-17T13:14:42+00:00\",\"description\":\"2\u00e8me album de Perch\u00e9, r\u00e9solument plus punk-rock. Guitares de Bruno Lopez. Illustration de Pat Pujol. Enregistr\u00e9, mix\u00e9 et masteris\u00e9 par Axel Quignon.\",\"breadcrumb\":{\"@id\":\"https:\\\/\\\/rockufo.fr\\\/product\\\/pourquoi\\\/#breadcrumb\"},\"inLanguage\":\"en-GB\",\"potentialAction\":[{\"@type\":\"ReadAction\",\"target\":[\"https:\\\/\\\/rockufo.fr\\\/product\\\/pourquoi\\\/\"]}]},{\"@type\":\"ImageObject\",\"inLanguage\":\"en-GB\",\"@id\":\"https:\\\/\\\/rockufo.fr\\\/product\\\/pourquoi\\\/#primaryimage\",\"url\":\"https:\\\/\\\/rockufo.fr\\\/wp-content\\\/uploads\\\/2025\\\/04\\\/a3867053664_10.jpg\",\"contentUrl\":\"https:\\\/\\\/rockufo.fr\\\/wp-content\\\/uploads\\\/2025\\\/04\\\/a3867053664_10.jpg\",\"width\":1072,\"height\":1072},{\"@type\":\"BreadcrumbList\",\"@id\":\"https:\\\/\\\/rockufo.fr\\\/product\\\/pourquoi\\\/#breadcrumb\",\"itemListElement\":[{\"@type\":\"ListItem\",\"position\":1,\"name\":\"Accueil\",\"item\":\"https:\\\/\\\/rockufo.fr\\\/\"},{\"@type\":\"ListItem\",\"position\":2,\"name\":\"Nos r\u00e9f\u00e9rences\",\"item\":\"https:\\\/\\\/rockufo.fr\\\/\"},{\"@type\":\"ListItem\",\"position\":3,\"name\":\"Pourquoi ?\"}]},{\"@type\":\"WebSite\",\"@id\":\"https:\\\/\\\/rockufo.fr\\\/#website\",\"url\":\"https:\\\/\\\/rockufo.fr\\\/\",\"name\":\"Rock'n'roll UFO\",\"description\":\"Distro punk\\\/rock de l&#039;espace.\",\"publisher\":{\"@id\":\"https:\\\/\\\/rockufo.fr\\\/#organization\"},\"alternateName\":\"Rock UFO\",\"potentialAction\":[{\"@type\":\"SearchAction\",\"target\":{\"@type\":\"EntryPoint\",\"urlTemplate\":\"https:\\\/\\\/rockufo.fr\\\/?s={search_term_string}\"},\"query-input\":{\"@type\":\"PropertyValueSpecification\",\"valueRequired\":true,\"valueName\":\"search_term_string\"}}],\"inLanguage\":\"en-GB\"},{\"@type\":\"Organization\",\"@id\":\"https:\\\/\\\/rockufo.fr\\\/#organization\",\"name\":\"Rock'n'roll UFO\",\"alternateName\":\"Rock UFO\",\"url\":\"https:\\\/\\\/rockufo.fr\\\/\",\"logo\":{\"@type\":\"ImageObject\",\"inLanguage\":\"en-GB\",\"@id\":\"https:\\\/\\\/rockufo.fr\\\/#\\\/schema\\\/logo\\\/image\\\/\",\"url\":\"https:\\\/\\\/rockufo.fr\\\/wp-content\\\/uploads\\\/2022\\\/01\\\/logo_pdf.png\",\"contentUrl\":\"https:\\\/\\\/rockufo.fr\\\/wp-content\\\/uploads\\\/2022\\\/01\\\/logo_pdf.png\",\"width\":250,\"height\":250,\"caption\":\"Rock'n'roll UFO\"},\"image\":{\"@id\":\"https:\\\/\\\/rockufo.fr\\\/#\\\/schema\\\/logo\\\/image\\\/\"},\"sameAs\":[\"https:\\\/\\\/www.facebook.com\\\/rocknrollufo\",\"https:\\\/\\\/www.instagram.com\\\/rocknrollufo\"]}]}<\/script>\n<!-- \/ Yoast SEO plugin. -->","yoast_head_json":{"title":"Perch\u00e9 - Pourquoi ? - Rock&#039;n&#039;roll UFO","description":"2\u00e8me album de Perch\u00e9, r\u00e9solument plus punk-rock. Guitares de Bruno Lopez. Illustration de Pat Pujol. Enregistr\u00e9, mix\u00e9 et masteris\u00e9 par Axel Quignon.","robots":{"index":"index","follow":"follow","max-snippet":"max-snippet:-1","max-image-preview":"max-image-preview:large","max-video-preview":"max-video-preview:-1"},"canonical":"https:\/\/rockufo.fr\/en\/product\/pourquoi\/","og_locale":"en_GB","og_type":"article","og_title":"Perch\u00e9 - Pourquoi ? - Rock&#039;n&#039;roll UFO","og_description":"2\u00e8me album de Perch\u00e9, r\u00e9solument plus punk-rock. Guitares de Bruno Lopez. Illustration de Pat Pujol. Enregistr\u00e9, mix\u00e9 et masteris\u00e9 par Axel Quignon.","og_url":"https:\/\/rockufo.fr\/en\/product\/pourquoi\/","og_site_name":"Rock&#039;n&#039;roll UFO","article_publisher":"https:\/\/www.facebook.com\/rocknrollufo","article_modified_time":"2025-05-17T13:14:42+00:00","og_image":[{"width":1072,"height":1072,"url":"https:\/\/rockufo.fr\/wp-content\/uploads\/2025\/04\/a3867053664_10.jpg","type":"image\/jpeg"}],"twitter_card":"summary_large_image","schema":{"@context":"https:\/\/schema.org","@graph":[{"@type":"WebPage","@id":"https:\/\/rockufo.fr\/product\/pourquoi\/","url":"https:\/\/rockufo.fr\/product\/pourquoi\/","name":"Perch\u00e9 - Pourquoi ? - Rock&#039;n&#039;roll UFO","isPartOf":{"@id":"https:\/\/rockufo.fr\/#website"},"primaryImageOfPage":{"@id":"https:\/\/rockufo.fr\/product\/pourquoi\/#primaryimage"},"image":{"@id":"https:\/\/rockufo.fr\/product\/pourquoi\/#primaryimage"},"thumbnailUrl":"https:\/\/rockufo.fr\/wp-content\/uploads\/2025\/04\/a3867053664_10.jpg","datePublished":"2025-04-02T16:38:18+00:00","dateModified":"2025-05-17T13:14:42+00:00","description":"2\u00e8me album de Perch\u00e9, r\u00e9solument plus punk-rock. Guitares de Bruno Lopez. Illustration de Pat Pujol. Enregistr\u00e9, mix\u00e9 et masteris\u00e9 par Axel Quignon.","breadcrumb":{"@id":"https:\/\/rockufo.fr\/product\/pourquoi\/#breadcrumb"},"inLanguage":"en-GB","potentialAction":[{"@type":"ReadAction","target":["https:\/\/rockufo.fr\/product\/pourquoi\/"]}]},{"@type":"ImageObject","inLanguage":"en-GB","@id":"https:\/\/rockufo.fr\/product\/pourquoi\/#primaryimage","url":"https:\/\/rockufo.fr\/wp-content\/uploads\/2025\/04\/a3867053664_10.jpg","contentUrl":"https:\/\/rockufo.fr\/wp-content\/uploads\/2025\/04\/a3867053664_10.jpg","width":1072,"height":1072},{"@type":"BreadcrumbList","@id":"https:\/\/rockufo.fr\/product\/pourquoi\/#breadcrumb","itemListElement":[{"@type":"ListItem","position":1,"name":"Accueil","item":"https:\/\/rockufo.fr\/"},{"@type":"ListItem","position":2,"name":"Nos r\u00e9f\u00e9rences","item":"https:\/\/rockufo.fr\/"},{"@type":"ListItem","position":3,"name":"Pourquoi ?"}]},{"@type":"WebSite","@id":"https:\/\/rockufo.fr\/#website","url":"https:\/\/rockufo.fr\/","name":"Rock'n'roll UFO","description":"Distro punk\/rock de l&#039;espace.","publisher":{"@id":"https:\/\/rockufo.fr\/#organization"},"alternateName":"Rock UFO","potentialAction":[{"@type":"SearchAction","target":{"@type":"EntryPoint","urlTemplate":"https:\/\/rockufo.fr\/?s={search_term_string}"},"query-input":{"@type":"PropertyValueSpecification","valueRequired":true,"valueName":"search_term_string"}}],"inLanguage":"en-GB"},{"@type":"Organization","@id":"https:\/\/rockufo.fr\/#organization","name":"Rock'n'roll UFO","alternateName":"Rock UFO","url":"https:\/\/rockufo.fr\/","logo":{"@type":"ImageObject","inLanguage":"en-GB","@id":"https:\/\/rockufo.fr\/#\/schema\/logo\/image\/","url":"https:\/\/rockufo.fr\/wp-content\/uploads\/2022\/01\/logo_pdf.png","contentUrl":"https:\/\/rockufo.fr\/wp-content\/uploads\/2022\/01\/logo_pdf.png","width":250,"height":250,"caption":"Rock'n'roll UFO"},"image":{"@id":"https:\/\/rockufo.fr\/#\/schema\/logo\/image\/"},"sameAs":["https:\/\/www.facebook.com\/rocknrollufo","https:\/\/www.instagram.com\/rocknrollufo"]}]}},"_links":{"self":[{"href":"https:\/\/rockufo.fr\/en\/wp-json\/wp\/v2\/product\/2859","targetHints":{"allow":["GET"]}}],"collection":[{"href":"https:\/\/rockufo.fr\/en\/wp-json\/wp\/v2\/product"}],"about":[{"href":"https:\/\/rockufo.fr\/en\/wp-json\/wp\/v2\/types\/product"}],"wp:featuredmedia":[{"embeddable":true,"href":"https:\/\/rockufo.fr\/en\/wp-json\/wp\/v2\/media\/2860"}],"wp:attachment":[{"href":"https:\/\/rockufo.fr\/en\/wp-json\/wp\/v2\/media?parent=2859"}],"wp:term":[{"taxonomy":"product_brand","embeddable":true,"href":"https:\/\/rockufo.fr\/en\/wp-json\/wp\/v2\/product_brand?post=2859"},{"taxonomy":"product_cat","embeddable":true,"href":"https:\/\/rockufo.fr\/en\/wp-json\/wp\/v2\/product_cat?post=2859"},{"taxonomy":"product_tag","embeddable":true,"href":"https:\/\/rockufo.fr\/en\/wp-json\/wp\/v2\/product_tag?post=2859"}],"curies":[{"name":"wp","href":"https:\/\/api.w.org\/{rel}","templated":true}]}}