{"id":2216,"date":"2024-08-02T10:45:20","date_gmt":"2024-08-02T09:45:20","guid":{"rendered":"https:\/\/rockufo.fr\/?post_type=product&#038;p=2216"},"modified":"2025-11-02T19:23:47","modified_gmt":"2025-11-02T18:23:47","slug":"split-esprit-dequipe","status":"publish","type":"product","link":"https:\/\/rockufo.fr\/en\/product\/split-esprit-dequipe\/","title":{"rendered":"Split Esprit d&rsquo;\u00e9quipe"},"content":{"rendered":"<p>L&rsquo;esprit d&rsquo;\u00e9quipe est une\u00a0valeur selon laquelle les int\u00e9r\u00eats communs d&rsquo;une \u00e9quipe passent avant les int\u00e9r\u00eats personnels.<br \/>\nProfitant d&rsquo;une pause dans la tourn\u00e9e Wampas &#8211; o\u00f9 ils officient tous &#8211; Tony Truant &amp; Bongo Joe, effello et Koza K. se sont r\u00e9unis avec leurs groupes respectifs pour vous proposer ce split regroupant le fleuron du Rock&rsquo;n&rsquo;roll fran\u00e7ais.<br \/>\n3 groupes, 4 morceaux chacun, 1 album exceptionnel.<br \/>\n&nbsp;<br \/>\nMp3 download included.<\/p>","protected":false},"excerpt":{"rendered":"<p>L&rsquo;esprit d&rsquo;\u00e9quipe est une\u00a0valeur selon laquelle les int\u00e9r\u00eats communs d&rsquo;une \u00e9quipe passent avant les int\u00e9r\u00eats personnels. Profitant d&rsquo;une pause dans la tourn\u00e9e Wampas &#8211; o\u00f9 ils officient tous &#8211; Tony Truant &amp; Bongo Joe, effello et Koza K. se sont r\u00e9unis avec leurs groupes respectifs pour vous proposer ce split regroupant le fleuron du Rock&rsquo;n&rsquo;roll [&hellip;]<\/p>\n","protected":false},"featured_media":2223,"template":"","meta":{"_acf_changed":false},"product_brand":[],"product_cat":[81],"product_tag":[109],"class_list":{"0":"post-2216","1":"product","2":"type-product","3":"status-publish","4":"has-post-thumbnail","6":"product_cat-vinyles","7":"product_tag-vinyle-12-mp3","8":"product_shipping_class-vinyle","10":"first","11":"instock","12":"downloadable","13":"taxable","14":"shipping-taxable","15":"purchasable","16":"product-type-simple"},"acf":[],"yoast_head":"<!-- This site is optimized with the Yoast SEO plugin v27.4 - https:\/\/yoast.com\/product\/yoast-seo-wordpress\/ -->\n<title>Esprit d&#039;\u00e9quipe - Split Les Vierges + effello &amp; les ETs + Tony Truant &amp; Bongo Joe<\/title>\n<meta name=\"description\" content=\"L&#039;esprit d&#039;\u00e9quipe est une\u00a0valeur selon laquelle les int\u00e9r\u00eats communs d&#039;une \u00e9quipe passent avant les int\u00e9r\u00eats personnels. Profitant d&#039;une pause dans la\" \/>\n<meta name=\"robots\" content=\"index, follow, max-snippet:-1, max-image-preview:large, max-video-preview:-1\" \/>\n<link rel=\"canonical\" href=\"https:\/\/rockufo.fr\/en\/product\/split-esprit-dequipe\/\" \/>\n<meta property=\"og:locale\" content=\"en_GB\" \/>\n<meta property=\"og:type\" content=\"article\" \/>\n<meta property=\"og:title\" content=\"Esprit d&#039;\u00e9quipe - Split Les Vierges + effello &amp; les ETs + Tony Truant &amp; Bongo Joe\" \/>\n<meta property=\"og:description\" content=\"L&#039;esprit d&#039;\u00e9quipe est une\u00a0valeur selon laquelle les int\u00e9r\u00eats communs d&#039;une \u00e9quipe passent avant les int\u00e9r\u00eats personnels. Profitant d&#039;une pause dans la\" \/>\n<meta property=\"og:url\" content=\"https:\/\/rockufo.fr\/en\/product\/split-esprit-dequipe\/\" \/>\n<meta property=\"og:site_name\" content=\"Rock&#039;n&#039;roll UFO\" \/>\n<meta property=\"article:publisher\" content=\"https:\/\/www.facebook.com\/rocknrollufo\" \/>\n<meta property=\"article:modified_time\" content=\"2025-11-02T18:23:47+00:00\" \/>\n<meta property=\"og:image\" content=\"https:\/\/rockufo.fr\/wp-content\/uploads\/2024\/08\/POCHETTE-OK-VERTE_05.jpg\" \/>\n\t<meta property=\"og:image:width\" content=\"1127\" \/>\n\t<meta property=\"og:image:height\" content=\"1118\" \/>\n\t<meta property=\"og:image:type\" content=\"image\/jpeg\" \/>\n<meta name=\"twitter:card\" content=\"summary_large_image\" \/>\n<script type=\"application\/ld+json\" class=\"yoast-schema-graph\">{\"@context\":\"https:\\\/\\\/schema.org\",\"@graph\":[{\"@type\":\"WebPage\",\"@id\":\"https:\\\/\\\/rockufo.fr\\\/product\\\/split-esprit-dequipe\\\/\",\"url\":\"https:\\\/\\\/rockufo.fr\\\/product\\\/split-esprit-dequipe\\\/\",\"name\":\"Esprit d'\u00e9quipe - Split Les Vierges + effello & les ETs + Tony Truant & Bongo Joe\",\"isPartOf\":{\"@id\":\"https:\\\/\\\/rockufo.fr\\\/#website\"},\"primaryImageOfPage\":{\"@id\":\"https:\\\/\\\/rockufo.fr\\\/product\\\/split-esprit-dequipe\\\/#primaryimage\"},\"image\":{\"@id\":\"https:\\\/\\\/rockufo.fr\\\/product\\\/split-esprit-dequipe\\\/#primaryimage\"},\"thumbnailUrl\":\"https:\\\/\\\/rockufo.fr\\\/wp-content\\\/uploads\\\/2024\\\/08\\\/POCHETTE-OK-VERTE_05.jpg\",\"datePublished\":\"2024-08-02T09:45:20+00:00\",\"dateModified\":\"2025-11-02T18:23:47+00:00\",\"description\":\"L'esprit d'\u00e9quipe est une\u00a0valeur selon laquelle les int\u00e9r\u00eats communs d'une \u00e9quipe passent avant les int\u00e9r\u00eats personnels. Profitant d'une pause dans la\",\"breadcrumb\":{\"@id\":\"https:\\\/\\\/rockufo.fr\\\/product\\\/split-esprit-dequipe\\\/#breadcrumb\"},\"inLanguage\":\"en-GB\",\"potentialAction\":[{\"@type\":\"ReadAction\",\"target\":[\"https:\\\/\\\/rockufo.fr\\\/product\\\/split-esprit-dequipe\\\/\"]}]},{\"@type\":\"ImageObject\",\"inLanguage\":\"en-GB\",\"@id\":\"https:\\\/\\\/rockufo.fr\\\/product\\\/split-esprit-dequipe\\\/#primaryimage\",\"url\":\"https:\\\/\\\/rockufo.fr\\\/wp-content\\\/uploads\\\/2024\\\/08\\\/POCHETTE-OK-VERTE_05.jpg\",\"contentUrl\":\"https:\\\/\\\/rockufo.fr\\\/wp-content\\\/uploads\\\/2024\\\/08\\\/POCHETTE-OK-VERTE_05.jpg\",\"width\":1127,\"height\":1118,\"caption\":\"Pochette avant\"},{\"@type\":\"BreadcrumbList\",\"@id\":\"https:\\\/\\\/rockufo.fr\\\/product\\\/split-esprit-dequipe\\\/#breadcrumb\",\"itemListElement\":[{\"@type\":\"ListItem\",\"position\":1,\"name\":\"Accueil\",\"item\":\"https:\\\/\\\/rockufo.fr\\\/\"},{\"@type\":\"ListItem\",\"position\":2,\"name\":\"Nos r\u00e9f\u00e9rences\",\"item\":\"https:\\\/\\\/rockufo.fr\\\/\"},{\"@type\":\"ListItem\",\"position\":3,\"name\":\"Split Esprit d&rsquo;\u00e9quipe\"}]},{\"@type\":\"WebSite\",\"@id\":\"https:\\\/\\\/rockufo.fr\\\/#website\",\"url\":\"https:\\\/\\\/rockufo.fr\\\/\",\"name\":\"Rock'n'roll UFO\",\"description\":\"Distro punk\\\/rock de l&#039;espace.\",\"publisher\":{\"@id\":\"https:\\\/\\\/rockufo.fr\\\/#organization\"},\"alternateName\":\"Rock UFO\",\"potentialAction\":[{\"@type\":\"SearchAction\",\"target\":{\"@type\":\"EntryPoint\",\"urlTemplate\":\"https:\\\/\\\/rockufo.fr\\\/?s={search_term_string}\"},\"query-input\":{\"@type\":\"PropertyValueSpecification\",\"valueRequired\":true,\"valueName\":\"search_term_string\"}}],\"inLanguage\":\"en-GB\"},{\"@type\":\"Organization\",\"@id\":\"https:\\\/\\\/rockufo.fr\\\/#organization\",\"name\":\"Rock'n'roll UFO\",\"alternateName\":\"Rock UFO\",\"url\":\"https:\\\/\\\/rockufo.fr\\\/\",\"logo\":{\"@type\":\"ImageObject\",\"inLanguage\":\"en-GB\",\"@id\":\"https:\\\/\\\/rockufo.fr\\\/#\\\/schema\\\/logo\\\/image\\\/\",\"url\":\"https:\\\/\\\/rockufo.fr\\\/wp-content\\\/uploads\\\/2022\\\/01\\\/logo_pdf.png\",\"contentUrl\":\"https:\\\/\\\/rockufo.fr\\\/wp-content\\\/uploads\\\/2022\\\/01\\\/logo_pdf.png\",\"width\":250,\"height\":250,\"caption\":\"Rock'n'roll UFO\"},\"image\":{\"@id\":\"https:\\\/\\\/rockufo.fr\\\/#\\\/schema\\\/logo\\\/image\\\/\"},\"sameAs\":[\"https:\\\/\\\/www.facebook.com\\\/rocknrollufo\",\"https:\\\/\\\/www.instagram.com\\\/rocknrollufo\"]}]}<\/script>\n<!-- \/ Yoast SEO plugin. -->","yoast_head_json":{"title":"Esprit d'\u00e9quipe - Split Les Vierges + effello & les ETs + Tony Truant & Bongo Joe","description":"L'esprit d'\u00e9quipe est une\u00a0valeur selon laquelle les int\u00e9r\u00eats communs d'une \u00e9quipe passent avant les int\u00e9r\u00eats personnels. Profitant d'une pause dans la","robots":{"index":"index","follow":"follow","max-snippet":"max-snippet:-1","max-image-preview":"max-image-preview:large","max-video-preview":"max-video-preview:-1"},"canonical":"https:\/\/rockufo.fr\/en\/product\/split-esprit-dequipe\/","og_locale":"en_GB","og_type":"article","og_title":"Esprit d'\u00e9quipe - Split Les Vierges + effello & les ETs + Tony Truant & Bongo Joe","og_description":"L'esprit d'\u00e9quipe est une\u00a0valeur selon laquelle les int\u00e9r\u00eats communs d'une \u00e9quipe passent avant les int\u00e9r\u00eats personnels. Profitant d'une pause dans la","og_url":"https:\/\/rockufo.fr\/en\/product\/split-esprit-dequipe\/","og_site_name":"Rock&#039;n&#039;roll UFO","article_publisher":"https:\/\/www.facebook.com\/rocknrollufo","article_modified_time":"2025-11-02T18:23:47+00:00","og_image":[{"width":1127,"height":1118,"url":"https:\/\/rockufo.fr\/wp-content\/uploads\/2024\/08\/POCHETTE-OK-VERTE_05.jpg","type":"image\/jpeg"}],"twitter_card":"summary_large_image","schema":{"@context":"https:\/\/schema.org","@graph":[{"@type":"WebPage","@id":"https:\/\/rockufo.fr\/product\/split-esprit-dequipe\/","url":"https:\/\/rockufo.fr\/product\/split-esprit-dequipe\/","name":"Esprit d'\u00e9quipe - Split Les Vierges + effello & les ETs + Tony Truant & Bongo Joe","isPartOf":{"@id":"https:\/\/rockufo.fr\/#website"},"primaryImageOfPage":{"@id":"https:\/\/rockufo.fr\/product\/split-esprit-dequipe\/#primaryimage"},"image":{"@id":"https:\/\/rockufo.fr\/product\/split-esprit-dequipe\/#primaryimage"},"thumbnailUrl":"https:\/\/rockufo.fr\/wp-content\/uploads\/2024\/08\/POCHETTE-OK-VERTE_05.jpg","datePublished":"2024-08-02T09:45:20+00:00","dateModified":"2025-11-02T18:23:47+00:00","description":"L'esprit d'\u00e9quipe est une\u00a0valeur selon laquelle les int\u00e9r\u00eats communs d'une \u00e9quipe passent avant les int\u00e9r\u00eats personnels. Profitant d'une pause dans la","breadcrumb":{"@id":"https:\/\/rockufo.fr\/product\/split-esprit-dequipe\/#breadcrumb"},"inLanguage":"en-GB","potentialAction":[{"@type":"ReadAction","target":["https:\/\/rockufo.fr\/product\/split-esprit-dequipe\/"]}]},{"@type":"ImageObject","inLanguage":"en-GB","@id":"https:\/\/rockufo.fr\/product\/split-esprit-dequipe\/#primaryimage","url":"https:\/\/rockufo.fr\/wp-content\/uploads\/2024\/08\/POCHETTE-OK-VERTE_05.jpg","contentUrl":"https:\/\/rockufo.fr\/wp-content\/uploads\/2024\/08\/POCHETTE-OK-VERTE_05.jpg","width":1127,"height":1118,"caption":"Pochette avant"},{"@type":"BreadcrumbList","@id":"https:\/\/rockufo.fr\/product\/split-esprit-dequipe\/#breadcrumb","itemListElement":[{"@type":"ListItem","position":1,"name":"Accueil","item":"https:\/\/rockufo.fr\/"},{"@type":"ListItem","position":2,"name":"Nos r\u00e9f\u00e9rences","item":"https:\/\/rockufo.fr\/"},{"@type":"ListItem","position":3,"name":"Split Esprit d&rsquo;\u00e9quipe"}]},{"@type":"WebSite","@id":"https:\/\/rockufo.fr\/#website","url":"https:\/\/rockufo.fr\/","name":"Rock'n'roll UFO","description":"Distro punk\/rock de l&#039;espace.","publisher":{"@id":"https:\/\/rockufo.fr\/#organization"},"alternateName":"Rock UFO","potentialAction":[{"@type":"SearchAction","target":{"@type":"EntryPoint","urlTemplate":"https:\/\/rockufo.fr\/?s={search_term_string}"},"query-input":{"@type":"PropertyValueSpecification","valueRequired":true,"valueName":"search_term_string"}}],"inLanguage":"en-GB"},{"@type":"Organization","@id":"https:\/\/rockufo.fr\/#organization","name":"Rock'n'roll UFO","alternateName":"Rock UFO","url":"https:\/\/rockufo.fr\/","logo":{"@type":"ImageObject","inLanguage":"en-GB","@id":"https:\/\/rockufo.fr\/#\/schema\/logo\/image\/","url":"https:\/\/rockufo.fr\/wp-content\/uploads\/2022\/01\/logo_pdf.png","contentUrl":"https:\/\/rockufo.fr\/wp-content\/uploads\/2022\/01\/logo_pdf.png","width":250,"height":250,"caption":"Rock'n'roll UFO"},"image":{"@id":"https:\/\/rockufo.fr\/#\/schema\/logo\/image\/"},"sameAs":["https:\/\/www.facebook.com\/rocknrollufo","https:\/\/www.instagram.com\/rocknrollufo"]}]}},"_links":{"self":[{"href":"https:\/\/rockufo.fr\/en\/wp-json\/wp\/v2\/product\/2216","targetHints":{"allow":["GET"]}}],"collection":[{"href":"https:\/\/rockufo.fr\/en\/wp-json\/wp\/v2\/product"}],"about":[{"href":"https:\/\/rockufo.fr\/en\/wp-json\/wp\/v2\/types\/product"}],"wp:featuredmedia":[{"embeddable":true,"href":"https:\/\/rockufo.fr\/en\/wp-json\/wp\/v2\/media\/2223"}],"wp:attachment":[{"href":"https:\/\/rockufo.fr\/en\/wp-json\/wp\/v2\/media?parent=2216"}],"wp:term":[{"taxonomy":"product_brand","embeddable":true,"href":"https:\/\/rockufo.fr\/en\/wp-json\/wp\/v2\/product_brand?post=2216"},{"taxonomy":"product_cat","embeddable":true,"href":"https:\/\/rockufo.fr\/en\/wp-json\/wp\/v2\/product_cat?post=2216"},{"taxonomy":"product_tag","embeddable":true,"href":"https:\/\/rockufo.fr\/en\/wp-json\/wp\/v2\/product_tag?post=2216"}],"curies":[{"name":"wp","href":"https:\/\/api.w.org\/{rel}","templated":true}]}}