{"id":1660,"date":"2024-05-14T14:09:33","date_gmt":"2024-05-14T13:09:33","guid":{"rendered":"https:\/\/rockufo.fr\/?post_type=product&#038;p=1660"},"modified":"2026-02-01T12:38:00","modified_gmt":"2026-02-01T11:38:00","slug":"affiche-quelle-joie-tour-91","status":"publish","type":"product","link":"https:\/\/rockufo.fr\/en\/product\/affiche-quelle-joie-tour-91\/","title":{"rendered":"Affiche Quelle Joie Tour 91"},"content":{"rendered":"<p>Affiche de la tourn\u00e9e \u00ab\u00a0Quelle joie le Rock&rsquo;n&rsquo;roll\u00a0\u00bb des Wampas en 1991, en tr\u00e8s bon \u00e9tat, envoy\u00e9e roul\u00e9e.<\/p>","protected":false},"excerpt":{"rendered":"<p>Affiche de la tourn\u00e9e \u00ab\u00a0Quelle joie le Rock&rsquo;n&rsquo;roll\u00a0\u00bb des Wampas en 1991, en tr\u00e8s bon \u00e9tat, envoy\u00e9e roul\u00e9e.<\/p>","protected":false},"featured_media":1661,"template":"","meta":{"_acf_changed":false},"product_brand":[],"product_cat":[83],"product_tag":[],"class_list":{"0":"post-1660","1":"product","2":"type-product","3":"status-publish","4":"has-post-thumbnail","6":"product_cat-autres-trucs","7":"product_shipping_class-grande-affiche","9":"first","10":"instock","11":"taxable","12":"shipping-taxable","13":"purchasable","14":"product-type-simple"},"acf":[],"yoast_head":"<!-- This site is optimized with the Yoast SEO plugin v27.3 - https:\/\/yoast.com\/product\/yoast-seo-wordpress\/ -->\n<title>Les Wampas - Affiche Quelle Joie Tour 91 - Rock&#039;n&#039;roll UFO<\/title>\n<meta name=\"description\" content=\"Affiche de la tourn\u00e9e &quot;Quelle joie le Rock&#039;n&#039;roll&quot; des Wampas en 1991, en tr\u00e8s bon \u00e9tat, envoy\u00e9e roul\u00e9e.\" \/>\n<meta name=\"robots\" content=\"index, follow, max-snippet:-1, max-image-preview:large, max-video-preview:-1\" \/>\n<link rel=\"canonical\" href=\"https:\/\/rockufo.fr\/en\/product\/affiche-quelle-joie-tour-91\/\" \/>\n<meta property=\"og:locale\" content=\"en_GB\" \/>\n<meta property=\"og:type\" content=\"article\" \/>\n<meta property=\"og:title\" content=\"Les Wampas - Affiche Quelle Joie Tour 91 - Rock&#039;n&#039;roll UFO\" \/>\n<meta property=\"og:description\" content=\"Affiche de la tourn\u00e9e &quot;Quelle joie le Rock&#039;n&#039;roll&quot; des Wampas en 1991, en tr\u00e8s bon \u00e9tat, envoy\u00e9e roul\u00e9e.\" \/>\n<meta property=\"og:url\" content=\"https:\/\/rockufo.fr\/en\/product\/affiche-quelle-joie-tour-91\/\" \/>\n<meta property=\"og:site_name\" content=\"Rock&#039;n&#039;roll UFO\" \/>\n<meta property=\"article:publisher\" content=\"https:\/\/www.facebook.com\/rocknrollufo\" \/>\n<meta property=\"article:modified_time\" content=\"2026-02-01T11:38:00+00:00\" \/>\n<meta property=\"og:image\" content=\"https:\/\/rockufo.fr\/wp-content\/uploads\/2024\/05\/quellejoie-91.png\" \/>\n\t<meta property=\"og:image:width\" content=\"1200\" \/>\n\t<meta property=\"og:image:height\" content=\"1200\" \/>\n\t<meta property=\"og:image:type\" content=\"image\/png\" \/>\n<meta name=\"twitter:card\" content=\"summary_large_image\" \/>\n<script type=\"application\/ld+json\" class=\"yoast-schema-graph\">{\"@context\":\"https:\\\/\\\/schema.org\",\"@graph\":[{\"@type\":\"WebPage\",\"@id\":\"https:\\\/\\\/rockufo.fr\\\/product\\\/affiche-quelle-joie-tour-91\\\/\",\"url\":\"https:\\\/\\\/rockufo.fr\\\/product\\\/affiche-quelle-joie-tour-91\\\/\",\"name\":\"Les Wampas - Affiche Quelle Joie Tour 91 - Rock&#039;n&#039;roll UFO\",\"isPartOf\":{\"@id\":\"https:\\\/\\\/rockufo.fr\\\/#website\"},\"primaryImageOfPage\":{\"@id\":\"https:\\\/\\\/rockufo.fr\\\/product\\\/affiche-quelle-joie-tour-91\\\/#primaryimage\"},\"image\":{\"@id\":\"https:\\\/\\\/rockufo.fr\\\/product\\\/affiche-quelle-joie-tour-91\\\/#primaryimage\"},\"thumbnailUrl\":\"https:\\\/\\\/rockufo.fr\\\/wp-content\\\/uploads\\\/2024\\\/05\\\/quellejoie-91.png\",\"datePublished\":\"2024-05-14T13:09:33+00:00\",\"dateModified\":\"2026-02-01T11:38:00+00:00\",\"description\":\"Affiche de la tourn\u00e9e \\\"Quelle joie le Rock'n'roll\\\" des Wampas en 1991, en tr\u00e8s bon \u00e9tat, envoy\u00e9e roul\u00e9e.\",\"breadcrumb\":{\"@id\":\"https:\\\/\\\/rockufo.fr\\\/product\\\/affiche-quelle-joie-tour-91\\\/#breadcrumb\"},\"inLanguage\":\"en-GB\",\"potentialAction\":[{\"@type\":\"ReadAction\",\"target\":[\"https:\\\/\\\/rockufo.fr\\\/product\\\/affiche-quelle-joie-tour-91\\\/\"]}]},{\"@type\":\"ImageObject\",\"inLanguage\":\"en-GB\",\"@id\":\"https:\\\/\\\/rockufo.fr\\\/product\\\/affiche-quelle-joie-tour-91\\\/#primaryimage\",\"url\":\"https:\\\/\\\/rockufo.fr\\\/wp-content\\\/uploads\\\/2024\\\/05\\\/quellejoie-91.png\",\"contentUrl\":\"https:\\\/\\\/rockufo.fr\\\/wp-content\\\/uploads\\\/2024\\\/05\\\/quellejoie-91.png\",\"width\":1200,\"height\":1200},{\"@type\":\"BreadcrumbList\",\"@id\":\"https:\\\/\\\/rockufo.fr\\\/product\\\/affiche-quelle-joie-tour-91\\\/#breadcrumb\",\"itemListElement\":[{\"@type\":\"ListItem\",\"position\":1,\"name\":\"Accueil\",\"item\":\"https:\\\/\\\/rockufo.fr\\\/\"},{\"@type\":\"ListItem\",\"position\":2,\"name\":\"Nos r\u00e9f\u00e9rences\",\"item\":\"https:\\\/\\\/rockufo.fr\\\/\"},{\"@type\":\"ListItem\",\"position\":3,\"name\":\"Affiche Quelle Joie Tour 91\"}]},{\"@type\":\"WebSite\",\"@id\":\"https:\\\/\\\/rockufo.fr\\\/#website\",\"url\":\"https:\\\/\\\/rockufo.fr\\\/\",\"name\":\"Rock'n'roll UFO\",\"description\":\"Distro punk\\\/rock de l&#039;espace.\",\"publisher\":{\"@id\":\"https:\\\/\\\/rockufo.fr\\\/#organization\"},\"alternateName\":\"Rock UFO\",\"potentialAction\":[{\"@type\":\"SearchAction\",\"target\":{\"@type\":\"EntryPoint\",\"urlTemplate\":\"https:\\\/\\\/rockufo.fr\\\/?s={search_term_string}\"},\"query-input\":{\"@type\":\"PropertyValueSpecification\",\"valueRequired\":true,\"valueName\":\"search_term_string\"}}],\"inLanguage\":\"en-GB\"},{\"@type\":\"Organization\",\"@id\":\"https:\\\/\\\/rockufo.fr\\\/#organization\",\"name\":\"Rock'n'roll UFO\",\"alternateName\":\"Rock UFO\",\"url\":\"https:\\\/\\\/rockufo.fr\\\/\",\"logo\":{\"@type\":\"ImageObject\",\"inLanguage\":\"en-GB\",\"@id\":\"https:\\\/\\\/rockufo.fr\\\/#\\\/schema\\\/logo\\\/image\\\/\",\"url\":\"https:\\\/\\\/rockufo.fr\\\/wp-content\\\/uploads\\\/2022\\\/01\\\/logo_pdf.png\",\"contentUrl\":\"https:\\\/\\\/rockufo.fr\\\/wp-content\\\/uploads\\\/2022\\\/01\\\/logo_pdf.png\",\"width\":250,\"height\":250,\"caption\":\"Rock'n'roll UFO\"},\"image\":{\"@id\":\"https:\\\/\\\/rockufo.fr\\\/#\\\/schema\\\/logo\\\/image\\\/\"},\"sameAs\":[\"https:\\\/\\\/www.facebook.com\\\/rocknrollufo\",\"https:\\\/\\\/www.instagram.com\\\/rocknrollufo\"]}]}<\/script>\n<!-- \/ Yoast SEO plugin. -->","yoast_head_json":{"title":"Les Wampas - Affiche Quelle Joie Tour 91 - Rock&#039;n&#039;roll UFO","description":"Affiche de la tourn\u00e9e \"Quelle joie le Rock'n'roll\" des Wampas en 1991, en tr\u00e8s bon \u00e9tat, envoy\u00e9e roul\u00e9e.","robots":{"index":"index","follow":"follow","max-snippet":"max-snippet:-1","max-image-preview":"max-image-preview:large","max-video-preview":"max-video-preview:-1"},"canonical":"https:\/\/rockufo.fr\/en\/product\/affiche-quelle-joie-tour-91\/","og_locale":"en_GB","og_type":"article","og_title":"Les Wampas - Affiche Quelle Joie Tour 91 - Rock&#039;n&#039;roll UFO","og_description":"Affiche de la tourn\u00e9e \"Quelle joie le Rock'n'roll\" des Wampas en 1991, en tr\u00e8s bon \u00e9tat, envoy\u00e9e roul\u00e9e.","og_url":"https:\/\/rockufo.fr\/en\/product\/affiche-quelle-joie-tour-91\/","og_site_name":"Rock&#039;n&#039;roll UFO","article_publisher":"https:\/\/www.facebook.com\/rocknrollufo","article_modified_time":"2026-02-01T11:38:00+00:00","og_image":[{"width":1200,"height":1200,"url":"https:\/\/rockufo.fr\/wp-content\/uploads\/2024\/05\/quellejoie-91.png","type":"image\/png"}],"twitter_card":"summary_large_image","schema":{"@context":"https:\/\/schema.org","@graph":[{"@type":"WebPage","@id":"https:\/\/rockufo.fr\/product\/affiche-quelle-joie-tour-91\/","url":"https:\/\/rockufo.fr\/product\/affiche-quelle-joie-tour-91\/","name":"Les Wampas - Affiche Quelle Joie Tour 91 - Rock&#039;n&#039;roll UFO","isPartOf":{"@id":"https:\/\/rockufo.fr\/#website"},"primaryImageOfPage":{"@id":"https:\/\/rockufo.fr\/product\/affiche-quelle-joie-tour-91\/#primaryimage"},"image":{"@id":"https:\/\/rockufo.fr\/product\/affiche-quelle-joie-tour-91\/#primaryimage"},"thumbnailUrl":"https:\/\/rockufo.fr\/wp-content\/uploads\/2024\/05\/quellejoie-91.png","datePublished":"2024-05-14T13:09:33+00:00","dateModified":"2026-02-01T11:38:00+00:00","description":"Affiche de la tourn\u00e9e \"Quelle joie le Rock'n'roll\" des Wampas en 1991, en tr\u00e8s bon \u00e9tat, envoy\u00e9e roul\u00e9e.","breadcrumb":{"@id":"https:\/\/rockufo.fr\/product\/affiche-quelle-joie-tour-91\/#breadcrumb"},"inLanguage":"en-GB","potentialAction":[{"@type":"ReadAction","target":["https:\/\/rockufo.fr\/product\/affiche-quelle-joie-tour-91\/"]}]},{"@type":"ImageObject","inLanguage":"en-GB","@id":"https:\/\/rockufo.fr\/product\/affiche-quelle-joie-tour-91\/#primaryimage","url":"https:\/\/rockufo.fr\/wp-content\/uploads\/2024\/05\/quellejoie-91.png","contentUrl":"https:\/\/rockufo.fr\/wp-content\/uploads\/2024\/05\/quellejoie-91.png","width":1200,"height":1200},{"@type":"BreadcrumbList","@id":"https:\/\/rockufo.fr\/product\/affiche-quelle-joie-tour-91\/#breadcrumb","itemListElement":[{"@type":"ListItem","position":1,"name":"Accueil","item":"https:\/\/rockufo.fr\/"},{"@type":"ListItem","position":2,"name":"Nos r\u00e9f\u00e9rences","item":"https:\/\/rockufo.fr\/"},{"@type":"ListItem","position":3,"name":"Affiche Quelle Joie Tour 91"}]},{"@type":"WebSite","@id":"https:\/\/rockufo.fr\/#website","url":"https:\/\/rockufo.fr\/","name":"Rock'n'roll UFO","description":"Distro punk\/rock de l&#039;espace.","publisher":{"@id":"https:\/\/rockufo.fr\/#organization"},"alternateName":"Rock UFO","potentialAction":[{"@type":"SearchAction","target":{"@type":"EntryPoint","urlTemplate":"https:\/\/rockufo.fr\/?s={search_term_string}"},"query-input":{"@type":"PropertyValueSpecification","valueRequired":true,"valueName":"search_term_string"}}],"inLanguage":"en-GB"},{"@type":"Organization","@id":"https:\/\/rockufo.fr\/#organization","name":"Rock'n'roll UFO","alternateName":"Rock UFO","url":"https:\/\/rockufo.fr\/","logo":{"@type":"ImageObject","inLanguage":"en-GB","@id":"https:\/\/rockufo.fr\/#\/schema\/logo\/image\/","url":"https:\/\/rockufo.fr\/wp-content\/uploads\/2022\/01\/logo_pdf.png","contentUrl":"https:\/\/rockufo.fr\/wp-content\/uploads\/2022\/01\/logo_pdf.png","width":250,"height":250,"caption":"Rock'n'roll UFO"},"image":{"@id":"https:\/\/rockufo.fr\/#\/schema\/logo\/image\/"},"sameAs":["https:\/\/www.facebook.com\/rocknrollufo","https:\/\/www.instagram.com\/rocknrollufo"]}]}},"_links":{"self":[{"href":"https:\/\/rockufo.fr\/en\/wp-json\/wp\/v2\/product\/1660","targetHints":{"allow":["GET"]}}],"collection":[{"href":"https:\/\/rockufo.fr\/en\/wp-json\/wp\/v2\/product"}],"about":[{"href":"https:\/\/rockufo.fr\/en\/wp-json\/wp\/v2\/types\/product"}],"wp:featuredmedia":[{"embeddable":true,"href":"https:\/\/rockufo.fr\/en\/wp-json\/wp\/v2\/media\/1661"}],"wp:attachment":[{"href":"https:\/\/rockufo.fr\/en\/wp-json\/wp\/v2\/media?parent=1660"}],"wp:term":[{"taxonomy":"product_brand","embeddable":true,"href":"https:\/\/rockufo.fr\/en\/wp-json\/wp\/v2\/product_brand?post=1660"},{"taxonomy":"product_cat","embeddable":true,"href":"https:\/\/rockufo.fr\/en\/wp-json\/wp\/v2\/product_cat?post=1660"},{"taxonomy":"product_tag","embeddable":true,"href":"https:\/\/rockufo.fr\/en\/wp-json\/wp\/v2\/product_tag?post=1660"}],"curies":[{"name":"wp","href":"https:\/\/api.w.org\/{rel}","templated":true}]}}