{"id":1443,"date":"2023-09-02T11:30:32","date_gmt":"2023-09-02T10:30:32","guid":{"rendered":"https:\/\/rockufo.fr\/?post_type=product&#038;p=1443"},"modified":"2025-04-15T22:04:24","modified_gmt":"2025-04-15T21:04:24","slug":"la-haut","status":"publish","type":"product","link":"https:\/\/rockufo.fr\/en\/product\/la-haut\/","title":{"rendered":"L\u00e0-haut"},"content":{"rendered":"<p>Apr\u00e8s environ quarante ans \u00e0 s&rsquo;\u00e9gosiller sous divers pseudonymes (Franz Kultur, Edouard Nenez), Pierre Berger s&rsquo;exile loin du monde, dans la campagne Bourguignonne.<br \/>\nCependant son cerveau continue \u00e0 lui fournir des id\u00e9es, des textes et des m\u00e9lodies.<br \/>\nLass\u00e9 des jeux de mots, contrep\u00e8teries et autres calembours, il d\u00e9cide de se diriger vers une approche plus directe et devient \u00ab Perch\u00e9 \u00bb<br \/>\nC&rsquo;est donc seul devant son ordinateur qu&rsquo;il bricole cet opus, \u00e9paul\u00e9 \u00e0 la derni\u00e8re minute par Effello, le jeune et brillant mitrailleur des Wampas qui d\u00e9fouraille sur tout l&rsquo;album.<br \/>\nR\u00e9sultat de cette collaboration, ces 10 titres de robuste \u00e9lectro-rock dynamique qui refl\u00e8tent notre \u00e9poque, scrut\u00e9e et diss\u00e9qu\u00e9e depuis son promontoire par Perch\u00e9.<\/p>\n<p>Mp3 download included.<\/p>","protected":false},"excerpt":{"rendered":"<p>Apr\u00e8s environ quarante ans \u00e0 s&rsquo;\u00e9gosiller sous divers pseudonymes (Franz Kultur, Edouard Nenez), Pierre Berger s&rsquo;exile loin du monde, dans la campagne Bourguignonne. Cependant son cerveau continue \u00e0 lui fournir des id\u00e9es, des textes et des m\u00e9lodies. Lass\u00e9 des jeux de mots, contrep\u00e8teries et autres calembours, il d\u00e9cide de se diriger vers une approche plus [&hellip;]<\/p>\n","protected":false},"featured_media":1444,"template":"","meta":{"_acf_changed":false},"product_brand":[],"product_cat":[76],"product_tag":[99],"class_list":{"0":"post-1443","1":"product","2":"type-product","3":"status-publish","4":"has-post-thumbnail","6":"product_cat-cd","7":"product_tag-cd","8":"product_shipping_class-cd","10":"first","11":"instock","12":"downloadable","13":"taxable","14":"shipping-taxable","15":"purchasable","16":"product-type-simple"},"acf":[],"yoast_head":"<!-- This site is optimized with the Yoast SEO plugin v27.4 - https:\/\/yoast.com\/product\/yoast-seo-wordpress\/ -->\n<title>Perch\u00e9 - L\u00e0-haut - Rock&#039;n&#039;roll UFO<\/title>\n<meta name=\"description\" content=\"Apr\u00e8s environ quarante ans \u00e0 s&#039;\u00e9gosiller sous divers pseudonymes (Franz Kultur, Edouard Nenez), Pierre Berger s&#039;exile loin du monde, dans la campagne\" \/>\n<meta name=\"robots\" content=\"index, follow, max-snippet:-1, max-image-preview:large, max-video-preview:-1\" \/>\n<link rel=\"canonical\" href=\"https:\/\/rockufo.fr\/en\/product\/la-haut\/\" \/>\n<meta property=\"og:locale\" content=\"en_GB\" \/>\n<meta property=\"og:type\" content=\"article\" \/>\n<meta property=\"og:title\" content=\"Perch\u00e9 - L\u00e0-haut - Rock&#039;n&#039;roll UFO\" \/>\n<meta property=\"og:description\" content=\"Apr\u00e8s environ quarante ans \u00e0 s&#039;\u00e9gosiller sous divers pseudonymes (Franz Kultur, Edouard Nenez), Pierre Berger s&#039;exile loin du monde, dans la campagne\" \/>\n<meta property=\"og:url\" content=\"https:\/\/rockufo.fr\/en\/product\/la-haut\/\" \/>\n<meta property=\"og:site_name\" content=\"Rock&#039;n&#039;roll UFO\" \/>\n<meta property=\"article:publisher\" content=\"https:\/\/www.facebook.com\/rocknrollufo\" \/>\n<meta property=\"article:modified_time\" content=\"2025-04-15T21:04:24+00:00\" \/>\n<meta property=\"og:image\" content=\"https:\/\/rockufo.fr\/wp-content\/uploads\/2023\/09\/a2131757583_16.jpg\" \/>\n\t<meta property=\"og:image:width\" content=\"700\" \/>\n\t<meta property=\"og:image:height\" content=\"700\" \/>\n\t<meta property=\"og:image:type\" content=\"image\/jpeg\" \/>\n<meta name=\"twitter:card\" content=\"summary_large_image\" \/>\n<meta name=\"twitter:label1\" content=\"Estimated reading time\" \/>\n\t<meta name=\"twitter:data1\" content=\"1 minute\" \/>\n<script type=\"application\/ld+json\" class=\"yoast-schema-graph\">{\"@context\":\"https:\\\/\\\/schema.org\",\"@graph\":[{\"@type\":\"WebPage\",\"@id\":\"https:\\\/\\\/rockufo.fr\\\/product\\\/la-haut\\\/\",\"url\":\"https:\\\/\\\/rockufo.fr\\\/product\\\/la-haut\\\/\",\"name\":\"Perch\u00e9 - L\u00e0-haut - Rock&#039;n&#039;roll UFO\",\"isPartOf\":{\"@id\":\"https:\\\/\\\/rockufo.fr\\\/#website\"},\"primaryImageOfPage\":{\"@id\":\"https:\\\/\\\/rockufo.fr\\\/product\\\/la-haut\\\/#primaryimage\"},\"image\":{\"@id\":\"https:\\\/\\\/rockufo.fr\\\/product\\\/la-haut\\\/#primaryimage\"},\"thumbnailUrl\":\"https:\\\/\\\/rockufo.fr\\\/wp-content\\\/uploads\\\/2023\\\/09\\\/a2131757583_16.jpg\",\"datePublished\":\"2023-09-02T10:30:32+00:00\",\"dateModified\":\"2025-04-15T21:04:24+00:00\",\"description\":\"Apr\u00e8s environ quarante ans \u00e0 s'\u00e9gosiller sous divers pseudonymes (Franz Kultur, Edouard Nenez), Pierre Berger s'exile loin du monde, dans la campagne\",\"breadcrumb\":{\"@id\":\"https:\\\/\\\/rockufo.fr\\\/product\\\/la-haut\\\/#breadcrumb\"},\"inLanguage\":\"en-GB\",\"potentialAction\":[{\"@type\":\"ReadAction\",\"target\":[\"https:\\\/\\\/rockufo.fr\\\/product\\\/la-haut\\\/\"]}]},{\"@type\":\"ImageObject\",\"inLanguage\":\"en-GB\",\"@id\":\"https:\\\/\\\/rockufo.fr\\\/product\\\/la-haut\\\/#primaryimage\",\"url\":\"https:\\\/\\\/rockufo.fr\\\/wp-content\\\/uploads\\\/2023\\\/09\\\/a2131757583_16.jpg\",\"contentUrl\":\"https:\\\/\\\/rockufo.fr\\\/wp-content\\\/uploads\\\/2023\\\/09\\\/a2131757583_16.jpg\",\"width\":700,\"height\":700},{\"@type\":\"BreadcrumbList\",\"@id\":\"https:\\\/\\\/rockufo.fr\\\/product\\\/la-haut\\\/#breadcrumb\",\"itemListElement\":[{\"@type\":\"ListItem\",\"position\":1,\"name\":\"Accueil\",\"item\":\"https:\\\/\\\/rockufo.fr\\\/\"},{\"@type\":\"ListItem\",\"position\":2,\"name\":\"Nos r\u00e9f\u00e9rences\",\"item\":\"https:\\\/\\\/rockufo.fr\\\/\"},{\"@type\":\"ListItem\",\"position\":3,\"name\":\"L\u00e0-haut\"}]},{\"@type\":\"WebSite\",\"@id\":\"https:\\\/\\\/rockufo.fr\\\/#website\",\"url\":\"https:\\\/\\\/rockufo.fr\\\/\",\"name\":\"Rock'n'roll UFO\",\"description\":\"Distro punk\\\/rock de l&#039;espace.\",\"publisher\":{\"@id\":\"https:\\\/\\\/rockufo.fr\\\/#organization\"},\"alternateName\":\"Rock UFO\",\"potentialAction\":[{\"@type\":\"SearchAction\",\"target\":{\"@type\":\"EntryPoint\",\"urlTemplate\":\"https:\\\/\\\/rockufo.fr\\\/?s={search_term_string}\"},\"query-input\":{\"@type\":\"PropertyValueSpecification\",\"valueRequired\":true,\"valueName\":\"search_term_string\"}}],\"inLanguage\":\"en-GB\"},{\"@type\":\"Organization\",\"@id\":\"https:\\\/\\\/rockufo.fr\\\/#organization\",\"name\":\"Rock'n'roll UFO\",\"alternateName\":\"Rock UFO\",\"url\":\"https:\\\/\\\/rockufo.fr\\\/\",\"logo\":{\"@type\":\"ImageObject\",\"inLanguage\":\"en-GB\",\"@id\":\"https:\\\/\\\/rockufo.fr\\\/#\\\/schema\\\/logo\\\/image\\\/\",\"url\":\"https:\\\/\\\/rockufo.fr\\\/wp-content\\\/uploads\\\/2022\\\/01\\\/logo_pdf.png\",\"contentUrl\":\"https:\\\/\\\/rockufo.fr\\\/wp-content\\\/uploads\\\/2022\\\/01\\\/logo_pdf.png\",\"width\":250,\"height\":250,\"caption\":\"Rock'n'roll UFO\"},\"image\":{\"@id\":\"https:\\\/\\\/rockufo.fr\\\/#\\\/schema\\\/logo\\\/image\\\/\"},\"sameAs\":[\"https:\\\/\\\/www.facebook.com\\\/rocknrollufo\",\"https:\\\/\\\/www.instagram.com\\\/rocknrollufo\"]}]}<\/script>\n<!-- \/ Yoast SEO plugin. -->","yoast_head_json":{"title":"Perch\u00e9 - L\u00e0-haut - Rock&#039;n&#039;roll UFO","description":"Apr\u00e8s environ quarante ans \u00e0 s'\u00e9gosiller sous divers pseudonymes (Franz Kultur, Edouard Nenez), Pierre Berger s'exile loin du monde, dans la campagne","robots":{"index":"index","follow":"follow","max-snippet":"max-snippet:-1","max-image-preview":"max-image-preview:large","max-video-preview":"max-video-preview:-1"},"canonical":"https:\/\/rockufo.fr\/en\/product\/la-haut\/","og_locale":"en_GB","og_type":"article","og_title":"Perch\u00e9 - L\u00e0-haut - Rock&#039;n&#039;roll UFO","og_description":"Apr\u00e8s environ quarante ans \u00e0 s'\u00e9gosiller sous divers pseudonymes (Franz Kultur, Edouard Nenez), Pierre Berger s'exile loin du monde, dans la campagne","og_url":"https:\/\/rockufo.fr\/en\/product\/la-haut\/","og_site_name":"Rock&#039;n&#039;roll UFO","article_publisher":"https:\/\/www.facebook.com\/rocknrollufo","article_modified_time":"2025-04-15T21:04:24+00:00","og_image":[{"width":700,"height":700,"url":"https:\/\/rockufo.fr\/wp-content\/uploads\/2023\/09\/a2131757583_16.jpg","type":"image\/jpeg"}],"twitter_card":"summary_large_image","twitter_misc":{"Estimated reading time":"1 minute"},"schema":{"@context":"https:\/\/schema.org","@graph":[{"@type":"WebPage","@id":"https:\/\/rockufo.fr\/product\/la-haut\/","url":"https:\/\/rockufo.fr\/product\/la-haut\/","name":"Perch\u00e9 - L\u00e0-haut - Rock&#039;n&#039;roll UFO","isPartOf":{"@id":"https:\/\/rockufo.fr\/#website"},"primaryImageOfPage":{"@id":"https:\/\/rockufo.fr\/product\/la-haut\/#primaryimage"},"image":{"@id":"https:\/\/rockufo.fr\/product\/la-haut\/#primaryimage"},"thumbnailUrl":"https:\/\/rockufo.fr\/wp-content\/uploads\/2023\/09\/a2131757583_16.jpg","datePublished":"2023-09-02T10:30:32+00:00","dateModified":"2025-04-15T21:04:24+00:00","description":"Apr\u00e8s environ quarante ans \u00e0 s'\u00e9gosiller sous divers pseudonymes (Franz Kultur, Edouard Nenez), Pierre Berger s'exile loin du monde, dans la campagne","breadcrumb":{"@id":"https:\/\/rockufo.fr\/product\/la-haut\/#breadcrumb"},"inLanguage":"en-GB","potentialAction":[{"@type":"ReadAction","target":["https:\/\/rockufo.fr\/product\/la-haut\/"]}]},{"@type":"ImageObject","inLanguage":"en-GB","@id":"https:\/\/rockufo.fr\/product\/la-haut\/#primaryimage","url":"https:\/\/rockufo.fr\/wp-content\/uploads\/2023\/09\/a2131757583_16.jpg","contentUrl":"https:\/\/rockufo.fr\/wp-content\/uploads\/2023\/09\/a2131757583_16.jpg","width":700,"height":700},{"@type":"BreadcrumbList","@id":"https:\/\/rockufo.fr\/product\/la-haut\/#breadcrumb","itemListElement":[{"@type":"ListItem","position":1,"name":"Accueil","item":"https:\/\/rockufo.fr\/"},{"@type":"ListItem","position":2,"name":"Nos r\u00e9f\u00e9rences","item":"https:\/\/rockufo.fr\/"},{"@type":"ListItem","position":3,"name":"L\u00e0-haut"}]},{"@type":"WebSite","@id":"https:\/\/rockufo.fr\/#website","url":"https:\/\/rockufo.fr\/","name":"Rock'n'roll UFO","description":"Distro punk\/rock de l&#039;espace.","publisher":{"@id":"https:\/\/rockufo.fr\/#organization"},"alternateName":"Rock UFO","potentialAction":[{"@type":"SearchAction","target":{"@type":"EntryPoint","urlTemplate":"https:\/\/rockufo.fr\/?s={search_term_string}"},"query-input":{"@type":"PropertyValueSpecification","valueRequired":true,"valueName":"search_term_string"}}],"inLanguage":"en-GB"},{"@type":"Organization","@id":"https:\/\/rockufo.fr\/#organization","name":"Rock'n'roll UFO","alternateName":"Rock UFO","url":"https:\/\/rockufo.fr\/","logo":{"@type":"ImageObject","inLanguage":"en-GB","@id":"https:\/\/rockufo.fr\/#\/schema\/logo\/image\/","url":"https:\/\/rockufo.fr\/wp-content\/uploads\/2022\/01\/logo_pdf.png","contentUrl":"https:\/\/rockufo.fr\/wp-content\/uploads\/2022\/01\/logo_pdf.png","width":250,"height":250,"caption":"Rock'n'roll UFO"},"image":{"@id":"https:\/\/rockufo.fr\/#\/schema\/logo\/image\/"},"sameAs":["https:\/\/www.facebook.com\/rocknrollufo","https:\/\/www.instagram.com\/rocknrollufo"]}]}},"_links":{"self":[{"href":"https:\/\/rockufo.fr\/en\/wp-json\/wp\/v2\/product\/1443","targetHints":{"allow":["GET"]}}],"collection":[{"href":"https:\/\/rockufo.fr\/en\/wp-json\/wp\/v2\/product"}],"about":[{"href":"https:\/\/rockufo.fr\/en\/wp-json\/wp\/v2\/types\/product"}],"wp:featuredmedia":[{"embeddable":true,"href":"https:\/\/rockufo.fr\/en\/wp-json\/wp\/v2\/media\/1444"}],"wp:attachment":[{"href":"https:\/\/rockufo.fr\/en\/wp-json\/wp\/v2\/media?parent=1443"}],"wp:term":[{"taxonomy":"product_brand","embeddable":true,"href":"https:\/\/rockufo.fr\/en\/wp-json\/wp\/v2\/product_brand?post=1443"},{"taxonomy":"product_cat","embeddable":true,"href":"https:\/\/rockufo.fr\/en\/wp-json\/wp\/v2\/product_cat?post=1443"},{"taxonomy":"product_tag","embeddable":true,"href":"https:\/\/rockufo.fr\/en\/wp-json\/wp\/v2\/product_tag?post=1443"}],"curies":[{"name":"wp","href":"https:\/\/api.w.org\/{rel}","templated":true}]}}