{"id":1347,"date":"2023-03-05T16:03:12","date_gmt":"2023-03-05T15:03:12","guid":{"rendered":"https:\/\/rockufo.fr\/?post_type=product&#038;p=1347"},"modified":"2024-06-24T16:00:09","modified_gmt":"2024-06-24T15:00:09","slug":"vivant","status":"publish","type":"product","link":"https:\/\/rockufo.fr\/en\/product\/vivant\/","title":{"rendered":"Vivant"},"content":{"rendered":"<p>Un album \u00e9crit sous la pression d&rsquo;un univers tendu et en perdition&#8230; Mais heureusement l&rsquo;\u00e9claircie vient apr\u00e8s la pluie.<br \/>\n&nbsp;<br \/>\nMp3 download included.<br \/>\n&nbsp;<br \/>\nDes remises s&rsquo;appliquent automatiquement si vous commandez plusieurs albums diff\u00e9rents de Stygmate \u00e0 la fois.<\/p>","protected":false},"excerpt":{"rendered":"<p>Un album \u00e9crit sous la pression d&rsquo;un univers tendu et en perdition&#8230; Mais heureusement l&rsquo;\u00e9claircie vient apr\u00e8s la pluie. &nbsp; T\u00e9l\u00e9chargement de l&rsquo;album en mp3 inclus. &nbsp; Des remises s&rsquo;appliquent automatiquement si vous commandez plusieurs albums diff\u00e9rents de Stygmate \u00e0 la fois.<\/p>","protected":false},"featured_media":1348,"template":"","meta":{"_acf_changed":false},"product_brand":[],"product_cat":[76],"product_tag":[99],"class_list":{"0":"post-1347","1":"product","2":"type-product","3":"status-publish","4":"has-post-thumbnail","6":"product_cat-cd","7":"product_tag-cd","8":"product_shipping_class-cd","10":"first","11":"instock","12":"downloadable","13":"taxable","14":"shipping-taxable","15":"purchasable","16":"product-type-simple"},"acf":[],"yoast_head":"<!-- This site is optimized with the Yoast SEO plugin v27.4 - https:\/\/yoast.com\/product\/yoast-seo-wordpress\/ -->\n<title>Stygmate - Vivant - Rock&#039;n&#039;roll UFO<\/title>\n<meta name=\"description\" content=\"Un album \u00e9crit sous la pression d&#039;un univers tendu et en perdition... Mais heureusement l&#039;\u00e9claircie vient apr\u00e8s la pluie. &nbsp; T\u00e9l\u00e9chargement de l&#039;album\" \/>\n<meta name=\"robots\" content=\"index, follow, max-snippet:-1, max-image-preview:large, max-video-preview:-1\" \/>\n<link rel=\"canonical\" href=\"https:\/\/rockufo.fr\/en\/product\/vivant\/\" \/>\n<meta property=\"og:locale\" content=\"en_GB\" \/>\n<meta property=\"og:type\" content=\"article\" \/>\n<meta property=\"og:title\" content=\"Stygmate - Vivant - Rock&#039;n&#039;roll UFO\" \/>\n<meta property=\"og:description\" content=\"Un album \u00e9crit sous la pression d&#039;un univers tendu et en perdition... Mais heureusement l&#039;\u00e9claircie vient apr\u00e8s la pluie. &nbsp; T\u00e9l\u00e9chargement de l&#039;album\" \/>\n<meta property=\"og:url\" content=\"https:\/\/rockufo.fr\/en\/product\/vivant\/\" \/>\n<meta property=\"og:site_name\" content=\"Rock&#039;n&#039;roll UFO\" \/>\n<meta property=\"article:publisher\" content=\"https:\/\/www.facebook.com\/rocknrollufo\" \/>\n<meta property=\"article:modified_time\" content=\"2024-06-24T15:00:09+00:00\" \/>\n<meta property=\"og:image\" content=\"https:\/\/rockufo.fr\/wp-content\/uploads\/2023\/03\/vivant.jpg\" \/>\n\t<meta property=\"og:image:width\" content=\"1191\" \/>\n\t<meta property=\"og:image:height\" content=\"1200\" \/>\n\t<meta property=\"og:image:type\" content=\"image\/jpeg\" \/>\n<meta name=\"twitter:card\" content=\"summary_large_image\" \/>\n<script type=\"application\/ld+json\" class=\"yoast-schema-graph\">{\"@context\":\"https:\\\/\\\/schema.org\",\"@graph\":[{\"@type\":\"WebPage\",\"@id\":\"https:\\\/\\\/rockufo.fr\\\/product\\\/vivant\\\/\",\"url\":\"https:\\\/\\\/rockufo.fr\\\/product\\\/vivant\\\/\",\"name\":\"Stygmate - Vivant - Rock&#039;n&#039;roll UFO\",\"isPartOf\":{\"@id\":\"https:\\\/\\\/rockufo.fr\\\/#website\"},\"primaryImageOfPage\":{\"@id\":\"https:\\\/\\\/rockufo.fr\\\/product\\\/vivant\\\/#primaryimage\"},\"image\":{\"@id\":\"https:\\\/\\\/rockufo.fr\\\/product\\\/vivant\\\/#primaryimage\"},\"thumbnailUrl\":\"https:\\\/\\\/rockufo.fr\\\/wp-content\\\/uploads\\\/2023\\\/03\\\/vivant.jpg\",\"datePublished\":\"2023-03-05T15:03:12+00:00\",\"dateModified\":\"2024-06-24T15:00:09+00:00\",\"description\":\"Un album \u00e9crit sous la pression d'un univers tendu et en perdition... Mais heureusement l'\u00e9claircie vient apr\u00e8s la pluie. &nbsp; T\u00e9l\u00e9chargement de l'album\",\"breadcrumb\":{\"@id\":\"https:\\\/\\\/rockufo.fr\\\/product\\\/vivant\\\/#breadcrumb\"},\"inLanguage\":\"en-GB\",\"potentialAction\":[{\"@type\":\"ReadAction\",\"target\":[\"https:\\\/\\\/rockufo.fr\\\/product\\\/vivant\\\/\"]}]},{\"@type\":\"ImageObject\",\"inLanguage\":\"en-GB\",\"@id\":\"https:\\\/\\\/rockufo.fr\\\/product\\\/vivant\\\/#primaryimage\",\"url\":\"https:\\\/\\\/rockufo.fr\\\/wp-content\\\/uploads\\\/2023\\\/03\\\/vivant.jpg\",\"contentUrl\":\"https:\\\/\\\/rockufo.fr\\\/wp-content\\\/uploads\\\/2023\\\/03\\\/vivant.jpg\",\"width\":1191,\"height\":1200},{\"@type\":\"BreadcrumbList\",\"@id\":\"https:\\\/\\\/rockufo.fr\\\/product\\\/vivant\\\/#breadcrumb\",\"itemListElement\":[{\"@type\":\"ListItem\",\"position\":1,\"name\":\"Accueil\",\"item\":\"https:\\\/\\\/rockufo.fr\\\/\"},{\"@type\":\"ListItem\",\"position\":2,\"name\":\"Nos r\u00e9f\u00e9rences\",\"item\":\"https:\\\/\\\/rockufo.fr\\\/\"},{\"@type\":\"ListItem\",\"position\":3,\"name\":\"Vivant\"}]},{\"@type\":\"WebSite\",\"@id\":\"https:\\\/\\\/rockufo.fr\\\/#website\",\"url\":\"https:\\\/\\\/rockufo.fr\\\/\",\"name\":\"Rock'n'roll UFO\",\"description\":\"Distro punk\\\/rock de l&#039;espace.\",\"publisher\":{\"@id\":\"https:\\\/\\\/rockufo.fr\\\/#organization\"},\"alternateName\":\"Rock UFO\",\"potentialAction\":[{\"@type\":\"SearchAction\",\"target\":{\"@type\":\"EntryPoint\",\"urlTemplate\":\"https:\\\/\\\/rockufo.fr\\\/?s={search_term_string}\"},\"query-input\":{\"@type\":\"PropertyValueSpecification\",\"valueRequired\":true,\"valueName\":\"search_term_string\"}}],\"inLanguage\":\"en-GB\"},{\"@type\":\"Organization\",\"@id\":\"https:\\\/\\\/rockufo.fr\\\/#organization\",\"name\":\"Rock'n'roll UFO\",\"alternateName\":\"Rock UFO\",\"url\":\"https:\\\/\\\/rockufo.fr\\\/\",\"logo\":{\"@type\":\"ImageObject\",\"inLanguage\":\"en-GB\",\"@id\":\"https:\\\/\\\/rockufo.fr\\\/#\\\/schema\\\/logo\\\/image\\\/\",\"url\":\"https:\\\/\\\/rockufo.fr\\\/wp-content\\\/uploads\\\/2022\\\/01\\\/logo_pdf.png\",\"contentUrl\":\"https:\\\/\\\/rockufo.fr\\\/wp-content\\\/uploads\\\/2022\\\/01\\\/logo_pdf.png\",\"width\":250,\"height\":250,\"caption\":\"Rock'n'roll UFO\"},\"image\":{\"@id\":\"https:\\\/\\\/rockufo.fr\\\/#\\\/schema\\\/logo\\\/image\\\/\"},\"sameAs\":[\"https:\\\/\\\/www.facebook.com\\\/rocknrollufo\",\"https:\\\/\\\/www.instagram.com\\\/rocknrollufo\"]}]}<\/script>\n<!-- \/ Yoast SEO plugin. -->","yoast_head_json":{"title":"Stygmate - Vivant - Rock&#039;n&#039;roll UFO","description":"Un album \u00e9crit sous la pression d'un univers tendu et en perdition... Mais heureusement l'\u00e9claircie vient apr\u00e8s la pluie. &nbsp; T\u00e9l\u00e9chargement de l'album","robots":{"index":"index","follow":"follow","max-snippet":"max-snippet:-1","max-image-preview":"max-image-preview:large","max-video-preview":"max-video-preview:-1"},"canonical":"https:\/\/rockufo.fr\/en\/product\/vivant\/","og_locale":"en_GB","og_type":"article","og_title":"Stygmate - Vivant - Rock&#039;n&#039;roll UFO","og_description":"Un album \u00e9crit sous la pression d'un univers tendu et en perdition... Mais heureusement l'\u00e9claircie vient apr\u00e8s la pluie. &nbsp; T\u00e9l\u00e9chargement de l'album","og_url":"https:\/\/rockufo.fr\/en\/product\/vivant\/","og_site_name":"Rock&#039;n&#039;roll UFO","article_publisher":"https:\/\/www.facebook.com\/rocknrollufo","article_modified_time":"2024-06-24T15:00:09+00:00","og_image":[{"width":1191,"height":1200,"url":"https:\/\/rockufo.fr\/wp-content\/uploads\/2023\/03\/vivant.jpg","type":"image\/jpeg"}],"twitter_card":"summary_large_image","schema":{"@context":"https:\/\/schema.org","@graph":[{"@type":"WebPage","@id":"https:\/\/rockufo.fr\/product\/vivant\/","url":"https:\/\/rockufo.fr\/product\/vivant\/","name":"Stygmate - Vivant - Rock&#039;n&#039;roll UFO","isPartOf":{"@id":"https:\/\/rockufo.fr\/#website"},"primaryImageOfPage":{"@id":"https:\/\/rockufo.fr\/product\/vivant\/#primaryimage"},"image":{"@id":"https:\/\/rockufo.fr\/product\/vivant\/#primaryimage"},"thumbnailUrl":"https:\/\/rockufo.fr\/wp-content\/uploads\/2023\/03\/vivant.jpg","datePublished":"2023-03-05T15:03:12+00:00","dateModified":"2024-06-24T15:00:09+00:00","description":"Un album \u00e9crit sous la pression d'un univers tendu et en perdition... Mais heureusement l'\u00e9claircie vient apr\u00e8s la pluie. &nbsp; T\u00e9l\u00e9chargement de l'album","breadcrumb":{"@id":"https:\/\/rockufo.fr\/product\/vivant\/#breadcrumb"},"inLanguage":"en-GB","potentialAction":[{"@type":"ReadAction","target":["https:\/\/rockufo.fr\/product\/vivant\/"]}]},{"@type":"ImageObject","inLanguage":"en-GB","@id":"https:\/\/rockufo.fr\/product\/vivant\/#primaryimage","url":"https:\/\/rockufo.fr\/wp-content\/uploads\/2023\/03\/vivant.jpg","contentUrl":"https:\/\/rockufo.fr\/wp-content\/uploads\/2023\/03\/vivant.jpg","width":1191,"height":1200},{"@type":"BreadcrumbList","@id":"https:\/\/rockufo.fr\/product\/vivant\/#breadcrumb","itemListElement":[{"@type":"ListItem","position":1,"name":"Accueil","item":"https:\/\/rockufo.fr\/"},{"@type":"ListItem","position":2,"name":"Nos r\u00e9f\u00e9rences","item":"https:\/\/rockufo.fr\/"},{"@type":"ListItem","position":3,"name":"Vivant"}]},{"@type":"WebSite","@id":"https:\/\/rockufo.fr\/#website","url":"https:\/\/rockufo.fr\/","name":"Rock'n'roll UFO","description":"Distro punk\/rock de l&#039;espace.","publisher":{"@id":"https:\/\/rockufo.fr\/#organization"},"alternateName":"Rock UFO","potentialAction":[{"@type":"SearchAction","target":{"@type":"EntryPoint","urlTemplate":"https:\/\/rockufo.fr\/?s={search_term_string}"},"query-input":{"@type":"PropertyValueSpecification","valueRequired":true,"valueName":"search_term_string"}}],"inLanguage":"en-GB"},{"@type":"Organization","@id":"https:\/\/rockufo.fr\/#organization","name":"Rock'n'roll UFO","alternateName":"Rock UFO","url":"https:\/\/rockufo.fr\/","logo":{"@type":"ImageObject","inLanguage":"en-GB","@id":"https:\/\/rockufo.fr\/#\/schema\/logo\/image\/","url":"https:\/\/rockufo.fr\/wp-content\/uploads\/2022\/01\/logo_pdf.png","contentUrl":"https:\/\/rockufo.fr\/wp-content\/uploads\/2022\/01\/logo_pdf.png","width":250,"height":250,"caption":"Rock'n'roll UFO"},"image":{"@id":"https:\/\/rockufo.fr\/#\/schema\/logo\/image\/"},"sameAs":["https:\/\/www.facebook.com\/rocknrollufo","https:\/\/www.instagram.com\/rocknrollufo"]}]}},"_links":{"self":[{"href":"https:\/\/rockufo.fr\/en\/wp-json\/wp\/v2\/product\/1347","targetHints":{"allow":["GET"]}}],"collection":[{"href":"https:\/\/rockufo.fr\/en\/wp-json\/wp\/v2\/product"}],"about":[{"href":"https:\/\/rockufo.fr\/en\/wp-json\/wp\/v2\/types\/product"}],"wp:featuredmedia":[{"embeddable":true,"href":"https:\/\/rockufo.fr\/en\/wp-json\/wp\/v2\/media\/1348"}],"wp:attachment":[{"href":"https:\/\/rockufo.fr\/en\/wp-json\/wp\/v2\/media?parent=1347"}],"wp:term":[{"taxonomy":"product_brand","embeddable":true,"href":"https:\/\/rockufo.fr\/en\/wp-json\/wp\/v2\/product_brand?post=1347"},{"taxonomy":"product_cat","embeddable":true,"href":"https:\/\/rockufo.fr\/en\/wp-json\/wp\/v2\/product_cat?post=1347"},{"taxonomy":"product_tag","embeddable":true,"href":"https:\/\/rockufo.fr\/en\/wp-json\/wp\/v2\/product_tag?post=1347"}],"curies":[{"name":"wp","href":"https:\/\/api.w.org\/{rel}","templated":true}]}}