{"id":1022,"date":"2022-01-26T20:40:56","date_gmt":"2022-01-26T19:40:56","guid":{"rendered":"https:\/\/rockufo.fr\/?post_type=product&#038;p=1022"},"modified":"2026-03-11T22:06:33","modified_gmt":"2026-03-11T21:06:33","slug":"toxic-uv","status":"publish","type":"product","link":"https:\/\/rockufo.fr\/en\/product\/toxic-uv\/","title":{"rendered":"Toxic UV"},"content":{"rendered":"<p>Toxic UV, une vague de radioactivit\u00e9 fluo !!!<br \/>\nMoins d\u2019un an apr\u00e8s <a href=\"https:\/\/rockufo.fr\/en\/product\/session\/\">leur premier EP<\/a>, Les Diggers reviennent avec 12 Titres pour leur premier album.<br \/>\nPlages, Bikini, Surf, D\u00e9sert, Amour sont les 5 mots qui repr\u00e9sentent cet album.<br \/>\n\u00c9crit en une semaine, et enregistr\u00e9 en 3 jours avec un chanteur qui a le covid, et avec la collaboration sur un morceau de Didier Wampas qui enregistre ses voix sur son Iphone.<br \/>\nC\u2019est donc \u00e7a la recette du bonheur ? \u00c0 vous de le d\u00e9cider ?<\/p>\n<p>Dispo en pack avec leur <a href=\"https:\/\/rockufo.fr\/en\/product\/session\/\">EP Session<\/a><\/p>","protected":false},"excerpt":{"rendered":"<p>Toxic UV, une vague de radioactivit\u00e9 fluo !!! Moins d\u2019un an apr\u00e8s leur premier EP, Les Diggers reviennent avec 12 Titres pour leur premier album. Plages, Bikini, Surf, D\u00e9sert, Amour sont les 5 mots qui repr\u00e9sentent cet album. \u00c9crit en une semaine, et enregistr\u00e9 en 3 jours avec un chanteur qui a le covid, et [&hellip;]<\/p>\n","protected":false},"featured_media":1023,"template":"","meta":{"_acf_changed":false},"product_brand":[],"product_cat":[76],"product_tag":[99],"class_list":{"0":"post-1022","1":"product","2":"type-product","3":"status-publish","4":"has-post-thumbnail","6":"product_cat-cd","7":"product_tag-cd","9":"first","10":"instock","11":"taxable","12":"shipping-taxable","13":"purchasable","14":"product-type-variable"},"acf":[],"yoast_head":"<!-- This site is optimized with the Yoast SEO plugin v27.4 - https:\/\/yoast.com\/product\/yoast-seo-wordpress\/ -->\n<title>Les Diggers - Toxic UV - Rock&#039;n&#039;roll UFO<\/title>\n<meta name=\"description\" content=\"Toxic UV, une vague de radioactivit\u00e9 fluo !!! Moins d\u2019un an apr\u00e8s leur premier EP, Les Diggers reviennent avec 12 Titres pour leur premier album. Plages,\" \/>\n<meta name=\"robots\" content=\"index, follow, max-snippet:-1, max-image-preview:large, max-video-preview:-1\" \/>\n<link rel=\"canonical\" href=\"https:\/\/rockufo.fr\/en\/product\/toxic-uv\/\" \/>\n<meta property=\"og:locale\" content=\"en_GB\" \/>\n<meta property=\"og:type\" content=\"article\" \/>\n<meta property=\"og:title\" content=\"Les Diggers - Toxic UV - Rock&#039;n&#039;roll UFO\" \/>\n<meta property=\"og:description\" content=\"Toxic UV, une vague de radioactivit\u00e9 fluo !!! Moins d\u2019un an apr\u00e8s leur premier EP, Les Diggers reviennent avec 12 Titres pour leur premier album. Plages,\" \/>\n<meta property=\"og:url\" content=\"https:\/\/rockufo.fr\/en\/product\/toxic-uv\/\" \/>\n<meta property=\"og:site_name\" content=\"Rock&#039;n&#039;roll UFO\" \/>\n<meta property=\"article:publisher\" content=\"https:\/\/www.facebook.com\/rocknrollufo\" \/>\n<meta property=\"article:modified_time\" content=\"2026-03-11T21:06:33+00:00\" \/>\n<meta property=\"og:image\" content=\"https:\/\/rockufo.fr\/wp-content\/uploads\/2022\/01\/COUVLOL.jpg\" \/>\n\t<meta property=\"og:image:width\" content=\"1600\" \/>\n\t<meta property=\"og:image:height\" content=\"1600\" \/>\n\t<meta property=\"og:image:type\" content=\"image\/jpeg\" \/>\n<meta name=\"twitter:card\" content=\"summary_large_image\" \/>\n<script type=\"application\/ld+json\" class=\"yoast-schema-graph\">{\"@context\":\"https:\\\/\\\/schema.org\",\"@graph\":[{\"@type\":\"WebPage\",\"@id\":\"https:\\\/\\\/rockufo.fr\\\/product\\\/toxic-uv\\\/\",\"url\":\"https:\\\/\\\/rockufo.fr\\\/product\\\/toxic-uv\\\/\",\"name\":\"Les Diggers - Toxic UV - Rock&#039;n&#039;roll UFO\",\"isPartOf\":{\"@id\":\"https:\\\/\\\/rockufo.fr\\\/#website\"},\"primaryImageOfPage\":{\"@id\":\"https:\\\/\\\/rockufo.fr\\\/product\\\/toxic-uv\\\/#primaryimage\"},\"image\":{\"@id\":\"https:\\\/\\\/rockufo.fr\\\/product\\\/toxic-uv\\\/#primaryimage\"},\"thumbnailUrl\":\"https:\\\/\\\/rockufo.fr\\\/wp-content\\\/uploads\\\/2022\\\/01\\\/COUVLOL.jpg\",\"datePublished\":\"2022-01-26T19:40:56+00:00\",\"dateModified\":\"2026-03-11T21:06:33+00:00\",\"description\":\"Toxic UV, une vague de radioactivit\u00e9 fluo !!! Moins d\u2019un an apr\u00e8s leur premier EP, Les Diggers reviennent avec 12 Titres pour leur premier album. Plages,\",\"breadcrumb\":{\"@id\":\"https:\\\/\\\/rockufo.fr\\\/product\\\/toxic-uv\\\/#breadcrumb\"},\"inLanguage\":\"en-GB\",\"potentialAction\":[{\"@type\":\"ReadAction\",\"target\":[\"https:\\\/\\\/rockufo.fr\\\/product\\\/toxic-uv\\\/\"]}]},{\"@type\":\"ImageObject\",\"inLanguage\":\"en-GB\",\"@id\":\"https:\\\/\\\/rockufo.fr\\\/product\\\/toxic-uv\\\/#primaryimage\",\"url\":\"https:\\\/\\\/rockufo.fr\\\/wp-content\\\/uploads\\\/2022\\\/01\\\/COUVLOL.jpg\",\"contentUrl\":\"https:\\\/\\\/rockufo.fr\\\/wp-content\\\/uploads\\\/2022\\\/01\\\/COUVLOL.jpg\",\"width\":1600,\"height\":1600},{\"@type\":\"BreadcrumbList\",\"@id\":\"https:\\\/\\\/rockufo.fr\\\/product\\\/toxic-uv\\\/#breadcrumb\",\"itemListElement\":[{\"@type\":\"ListItem\",\"position\":1,\"name\":\"Accueil\",\"item\":\"https:\\\/\\\/rockufo.fr\\\/\"},{\"@type\":\"ListItem\",\"position\":2,\"name\":\"Nos r\u00e9f\u00e9rences\",\"item\":\"https:\\\/\\\/rockufo.fr\\\/\"},{\"@type\":\"ListItem\",\"position\":3,\"name\":\"Toxic UV\"}]},{\"@type\":\"WebSite\",\"@id\":\"https:\\\/\\\/rockufo.fr\\\/#website\",\"url\":\"https:\\\/\\\/rockufo.fr\\\/\",\"name\":\"Rock'n'roll UFO\",\"description\":\"Distro punk\\\/rock de l&#039;espace.\",\"publisher\":{\"@id\":\"https:\\\/\\\/rockufo.fr\\\/#organization\"},\"alternateName\":\"Rock UFO\",\"potentialAction\":[{\"@type\":\"SearchAction\",\"target\":{\"@type\":\"EntryPoint\",\"urlTemplate\":\"https:\\\/\\\/rockufo.fr\\\/?s={search_term_string}\"},\"query-input\":{\"@type\":\"PropertyValueSpecification\",\"valueRequired\":true,\"valueName\":\"search_term_string\"}}],\"inLanguage\":\"en-GB\"},{\"@type\":\"Organization\",\"@id\":\"https:\\\/\\\/rockufo.fr\\\/#organization\",\"name\":\"Rock'n'roll UFO\",\"alternateName\":\"Rock UFO\",\"url\":\"https:\\\/\\\/rockufo.fr\\\/\",\"logo\":{\"@type\":\"ImageObject\",\"inLanguage\":\"en-GB\",\"@id\":\"https:\\\/\\\/rockufo.fr\\\/#\\\/schema\\\/logo\\\/image\\\/\",\"url\":\"https:\\\/\\\/rockufo.fr\\\/wp-content\\\/uploads\\\/2022\\\/01\\\/logo_pdf.png\",\"contentUrl\":\"https:\\\/\\\/rockufo.fr\\\/wp-content\\\/uploads\\\/2022\\\/01\\\/logo_pdf.png\",\"width\":250,\"height\":250,\"caption\":\"Rock'n'roll UFO\"},\"image\":{\"@id\":\"https:\\\/\\\/rockufo.fr\\\/#\\\/schema\\\/logo\\\/image\\\/\"},\"sameAs\":[\"https:\\\/\\\/www.facebook.com\\\/rocknrollufo\",\"https:\\\/\\\/www.instagram.com\\\/rocknrollufo\"]}]}<\/script>\n<!-- \/ Yoast SEO plugin. -->","yoast_head_json":{"title":"Les Diggers - Toxic UV - Rock&#039;n&#039;roll UFO","description":"Toxic UV, une vague de radioactivit\u00e9 fluo !!! Moins d\u2019un an apr\u00e8s leur premier EP, Les Diggers reviennent avec 12 Titres pour leur premier album. Plages,","robots":{"index":"index","follow":"follow","max-snippet":"max-snippet:-1","max-image-preview":"max-image-preview:large","max-video-preview":"max-video-preview:-1"},"canonical":"https:\/\/rockufo.fr\/en\/product\/toxic-uv\/","og_locale":"en_GB","og_type":"article","og_title":"Les Diggers - Toxic UV - Rock&#039;n&#039;roll UFO","og_description":"Toxic UV, une vague de radioactivit\u00e9 fluo !!! Moins d\u2019un an apr\u00e8s leur premier EP, Les Diggers reviennent avec 12 Titres pour leur premier album. Plages,","og_url":"https:\/\/rockufo.fr\/en\/product\/toxic-uv\/","og_site_name":"Rock&#039;n&#039;roll UFO","article_publisher":"https:\/\/www.facebook.com\/rocknrollufo","article_modified_time":"2026-03-11T21:06:33+00:00","og_image":[{"width":1600,"height":1600,"url":"https:\/\/rockufo.fr\/wp-content\/uploads\/2022\/01\/COUVLOL.jpg","type":"image\/jpeg"}],"twitter_card":"summary_large_image","schema":{"@context":"https:\/\/schema.org","@graph":[{"@type":"WebPage","@id":"https:\/\/rockufo.fr\/product\/toxic-uv\/","url":"https:\/\/rockufo.fr\/product\/toxic-uv\/","name":"Les Diggers - Toxic UV - Rock&#039;n&#039;roll UFO","isPartOf":{"@id":"https:\/\/rockufo.fr\/#website"},"primaryImageOfPage":{"@id":"https:\/\/rockufo.fr\/product\/toxic-uv\/#primaryimage"},"image":{"@id":"https:\/\/rockufo.fr\/product\/toxic-uv\/#primaryimage"},"thumbnailUrl":"https:\/\/rockufo.fr\/wp-content\/uploads\/2022\/01\/COUVLOL.jpg","datePublished":"2022-01-26T19:40:56+00:00","dateModified":"2026-03-11T21:06:33+00:00","description":"Toxic UV, une vague de radioactivit\u00e9 fluo !!! Moins d\u2019un an apr\u00e8s leur premier EP, Les Diggers reviennent avec 12 Titres pour leur premier album. Plages,","breadcrumb":{"@id":"https:\/\/rockufo.fr\/product\/toxic-uv\/#breadcrumb"},"inLanguage":"en-GB","potentialAction":[{"@type":"ReadAction","target":["https:\/\/rockufo.fr\/product\/toxic-uv\/"]}]},{"@type":"ImageObject","inLanguage":"en-GB","@id":"https:\/\/rockufo.fr\/product\/toxic-uv\/#primaryimage","url":"https:\/\/rockufo.fr\/wp-content\/uploads\/2022\/01\/COUVLOL.jpg","contentUrl":"https:\/\/rockufo.fr\/wp-content\/uploads\/2022\/01\/COUVLOL.jpg","width":1600,"height":1600},{"@type":"BreadcrumbList","@id":"https:\/\/rockufo.fr\/product\/toxic-uv\/#breadcrumb","itemListElement":[{"@type":"ListItem","position":1,"name":"Accueil","item":"https:\/\/rockufo.fr\/"},{"@type":"ListItem","position":2,"name":"Nos r\u00e9f\u00e9rences","item":"https:\/\/rockufo.fr\/"},{"@type":"ListItem","position":3,"name":"Toxic UV"}]},{"@type":"WebSite","@id":"https:\/\/rockufo.fr\/#website","url":"https:\/\/rockufo.fr\/","name":"Rock'n'roll UFO","description":"Distro punk\/rock de l&#039;espace.","publisher":{"@id":"https:\/\/rockufo.fr\/#organization"},"alternateName":"Rock UFO","potentialAction":[{"@type":"SearchAction","target":{"@type":"EntryPoint","urlTemplate":"https:\/\/rockufo.fr\/?s={search_term_string}"},"query-input":{"@type":"PropertyValueSpecification","valueRequired":true,"valueName":"search_term_string"}}],"inLanguage":"en-GB"},{"@type":"Organization","@id":"https:\/\/rockufo.fr\/#organization","name":"Rock'n'roll UFO","alternateName":"Rock UFO","url":"https:\/\/rockufo.fr\/","logo":{"@type":"ImageObject","inLanguage":"en-GB","@id":"https:\/\/rockufo.fr\/#\/schema\/logo\/image\/","url":"https:\/\/rockufo.fr\/wp-content\/uploads\/2022\/01\/logo_pdf.png","contentUrl":"https:\/\/rockufo.fr\/wp-content\/uploads\/2022\/01\/logo_pdf.png","width":250,"height":250,"caption":"Rock'n'roll UFO"},"image":{"@id":"https:\/\/rockufo.fr\/#\/schema\/logo\/image\/"},"sameAs":["https:\/\/www.facebook.com\/rocknrollufo","https:\/\/www.instagram.com\/rocknrollufo"]}]}},"_links":{"self":[{"href":"https:\/\/rockufo.fr\/en\/wp-json\/wp\/v2\/product\/1022","targetHints":{"allow":["GET"]}}],"collection":[{"href":"https:\/\/rockufo.fr\/en\/wp-json\/wp\/v2\/product"}],"about":[{"href":"https:\/\/rockufo.fr\/en\/wp-json\/wp\/v2\/types\/product"}],"wp:featuredmedia":[{"embeddable":true,"href":"https:\/\/rockufo.fr\/en\/wp-json\/wp\/v2\/media\/1023"}],"wp:attachment":[{"href":"https:\/\/rockufo.fr\/en\/wp-json\/wp\/v2\/media?parent=1022"}],"wp:term":[{"taxonomy":"product_brand","embeddable":true,"href":"https:\/\/rockufo.fr\/en\/wp-json\/wp\/v2\/product_brand?post=1022"},{"taxonomy":"product_cat","embeddable":true,"href":"https:\/\/rockufo.fr\/en\/wp-json\/wp\/v2\/product_cat?post=1022"},{"taxonomy":"product_tag","embeddable":true,"href":"https:\/\/rockufo.fr\/en\/wp-json\/wp\/v2\/product_tag?post=1022"}],"curies":[{"name":"wp","href":"https:\/\/api.w.org\/{rel}","templated":true}]}}