{"id":937,"date":"2021-12-30T15:51:50","date_gmt":"2021-12-30T14:51:50","guid":{"rendered":"http:\/\/rockufo.fr\/products-page\/transaction-results\/"},"modified":"2024-06-25T10:59:09","modified_gmt":"2024-06-25T09:59:09","slug":"transaction-results","status":"publish","type":"page","link":"https:\/\/rockufo.fr\/en\/products-page\/transaction-results\/","title":{"rendered":"Transaction Results"},"content":{"rendered":"<p>[transactionresults]<\/p>\n","protected":false},"excerpt":{"rendered":"<p>[transactionresults]<\/p>\n","protected":false},"author":1,"featured_media":0,"parent":4,"menu_order":0,"comment_status":"closed","ping_status":"closed","template":"","meta":{"_acf_changed":false,"footnotes":""},"class_list":["post-937","page","type-page","status-publish","hentry"],"acf":[],"yoast_head":"<!-- This site is optimized with the Yoast SEO plugin v27.3 - https:\/\/yoast.com\/product\/yoast-seo-wordpress\/ -->\n<title>Rock&#039;n&#039;roll UFO - Distro Punk\/Rock de l&#039;espace<\/title>\n<meta name=\"description\" content=\"Le merchandising de tous vos groupes pr\u00e9f\u00e9r\u00e9s (Les Wampas, effello &amp; les extraterrestres, Tony Truant, Les Vierges...). T-SHIRTS - VINYLES - CD - POSTERS\" \/>\n<meta name=\"robots\" content=\"noindex, nofollow\" \/>\n<meta property=\"og:locale\" content=\"en_GB\" \/>\n<meta property=\"og:type\" content=\"article\" \/>\n<meta property=\"og:title\" content=\"Rock&#039;n&#039;roll UFO - Distro Punk\/Rock de l&#039;espace\" \/>\n<meta property=\"og:description\" content=\"Le merchandising de tous vos groupes pr\u00e9f\u00e9r\u00e9s (Les Wampas, effello &amp; les extraterrestres, Tony Truant, Les Vierges...). T-SHIRTS - VINYLES - CD - POSTERS\" \/>\n<meta property=\"og:url\" content=\"https:\/\/rockufo.fr\/en\/products-page\/transaction-results\/\" \/>\n<meta property=\"og:site_name\" content=\"Rock&#039;n&#039;roll UFO\" \/>\n<meta property=\"article:publisher\" content=\"https:\/\/www.facebook.com\/rocknrollufo\" \/>\n<meta property=\"article:modified_time\" content=\"2024-06-25T09:59:09+00:00\" \/>\n<meta property=\"og:image\" content=\"https:\/\/rockufo.fr\/wp-content\/uploads\/2017\/08\/LOGO-ROCKNROLL-UFO-DEF_03.png\" \/>\n\t<meta property=\"og:image:width\" content=\"805\" \/>\n\t<meta property=\"og:image:height\" content=\"804\" \/>\n\t<meta property=\"og:image:type\" content=\"image\/png\" \/>\n<meta name=\"twitter:card\" content=\"summary_large_image\" \/>\n<script type=\"application\/ld+json\" class=\"yoast-schema-graph\">{\"@context\":\"https:\\\/\\\/schema.org\",\"@graph\":[{\"@type\":\"WebPage\",\"@id\":\"https:\\\/\\\/rockufo.fr\\\/products-page\\\/transaction-results\\\/\",\"url\":\"https:\\\/\\\/rockufo.fr\\\/products-page\\\/transaction-results\\\/\",\"name\":\"Rock'n'roll UFO - Distro Punk\\\/Rock de l'espace\",\"isPartOf\":{\"@id\":\"https:\\\/\\\/rockufo.fr\\\/#website\"},\"datePublished\":\"2021-12-30T14:51:50+00:00\",\"dateModified\":\"2024-06-25T09:59:09+00:00\",\"description\":\"Le merchandising de tous vos groupes pr\u00e9f\u00e9r\u00e9s (Les Wampas, effello & les extraterrestres, Tony Truant, Les Vierges...). T-SHIRTS - VINYLES - CD - POSTERS\",\"breadcrumb\":{\"@id\":\"https:\\\/\\\/rockufo.fr\\\/products-page\\\/transaction-results\\\/#breadcrumb\"},\"inLanguage\":\"en-GB\",\"potentialAction\":[{\"@type\":\"ReadAction\",\"target\":[\"https:\\\/\\\/rockufo.fr\\\/products-page\\\/transaction-results\\\/\"]}]},{\"@type\":\"BreadcrumbList\",\"@id\":\"https:\\\/\\\/rockufo.fr\\\/products-page\\\/transaction-results\\\/#breadcrumb\",\"itemListElement\":[{\"@type\":\"ListItem\",\"position\":1,\"name\":\"Accueil\",\"item\":\"https:\\\/\\\/rockufo.fr\\\/\"},{\"@type\":\"ListItem\",\"position\":2,\"name\":\"Nos r\u00e9f\u00e9rences 2\",\"item\":\"https:\\\/\\\/rockufo.fr\\\/?page_id=4\"},{\"@type\":\"ListItem\",\"position\":3,\"name\":\"Transaction Results\"}]},{\"@type\":\"WebSite\",\"@id\":\"https:\\\/\\\/rockufo.fr\\\/#website\",\"url\":\"https:\\\/\\\/rockufo.fr\\\/\",\"name\":\"Rock'n'roll UFO\",\"description\":\"Distro punk\\\/rock de l&#039;espace.\",\"publisher\":{\"@id\":\"https:\\\/\\\/rockufo.fr\\\/#organization\"},\"alternateName\":\"Rock UFO\",\"potentialAction\":[{\"@type\":\"SearchAction\",\"target\":{\"@type\":\"EntryPoint\",\"urlTemplate\":\"https:\\\/\\\/rockufo.fr\\\/?s={search_term_string}\"},\"query-input\":{\"@type\":\"PropertyValueSpecification\",\"valueRequired\":true,\"valueName\":\"search_term_string\"}}],\"inLanguage\":\"en-GB\"},{\"@type\":\"Organization\",\"@id\":\"https:\\\/\\\/rockufo.fr\\\/#organization\",\"name\":\"Rock'n'roll UFO\",\"alternateName\":\"Rock UFO\",\"url\":\"https:\\\/\\\/rockufo.fr\\\/\",\"logo\":{\"@type\":\"ImageObject\",\"inLanguage\":\"en-GB\",\"@id\":\"https:\\\/\\\/rockufo.fr\\\/#\\\/schema\\\/logo\\\/image\\\/\",\"url\":\"https:\\\/\\\/rockufo.fr\\\/wp-content\\\/uploads\\\/2022\\\/01\\\/logo_pdf.png\",\"contentUrl\":\"https:\\\/\\\/rockufo.fr\\\/wp-content\\\/uploads\\\/2022\\\/01\\\/logo_pdf.png\",\"width\":250,\"height\":250,\"caption\":\"Rock'n'roll UFO\"},\"image\":{\"@id\":\"https:\\\/\\\/rockufo.fr\\\/#\\\/schema\\\/logo\\\/image\\\/\"},\"sameAs\":[\"https:\\\/\\\/www.facebook.com\\\/rocknrollufo\",\"https:\\\/\\\/www.instagram.com\\\/rocknrollufo\"]}]}<\/script>\n<!-- \/ Yoast SEO plugin. -->","yoast_head_json":{"title":"Rock'n'roll UFO - Distro Punk\/Rock de l'espace","description":"Le merchandising de tous vos groupes pr\u00e9f\u00e9r\u00e9s (Les Wampas, effello & les extraterrestres, Tony Truant, Les Vierges...). T-SHIRTS - VINYLES - CD - POSTERS","robots":{"index":"noindex","follow":"nofollow"},"og_locale":"en_GB","og_type":"article","og_title":"Rock'n'roll UFO - Distro Punk\/Rock de l'espace","og_description":"Le merchandising de tous vos groupes pr\u00e9f\u00e9r\u00e9s (Les Wampas, effello & les extraterrestres, Tony Truant, Les Vierges...). T-SHIRTS - VINYLES - CD - POSTERS","og_url":"https:\/\/rockufo.fr\/en\/products-page\/transaction-results\/","og_site_name":"Rock&#039;n&#039;roll UFO","article_publisher":"https:\/\/www.facebook.com\/rocknrollufo","article_modified_time":"2024-06-25T09:59:09+00:00","og_image":[{"width":805,"height":804,"url":"https:\/\/rockufo.fr\/wp-content\/uploads\/2017\/08\/LOGO-ROCKNROLL-UFO-DEF_03.png","type":"image\/png"}],"twitter_card":"summary_large_image","schema":{"@context":"https:\/\/schema.org","@graph":[{"@type":"WebPage","@id":"https:\/\/rockufo.fr\/products-page\/transaction-results\/","url":"https:\/\/rockufo.fr\/products-page\/transaction-results\/","name":"Rock'n'roll UFO - Distro Punk\/Rock de l'espace","isPartOf":{"@id":"https:\/\/rockufo.fr\/#website"},"datePublished":"2021-12-30T14:51:50+00:00","dateModified":"2024-06-25T09:59:09+00:00","description":"Le merchandising de tous vos groupes pr\u00e9f\u00e9r\u00e9s (Les Wampas, effello & les extraterrestres, Tony Truant, Les Vierges...). T-SHIRTS - VINYLES - CD - POSTERS","breadcrumb":{"@id":"https:\/\/rockufo.fr\/products-page\/transaction-results\/#breadcrumb"},"inLanguage":"en-GB","potentialAction":[{"@type":"ReadAction","target":["https:\/\/rockufo.fr\/products-page\/transaction-results\/"]}]},{"@type":"BreadcrumbList","@id":"https:\/\/rockufo.fr\/products-page\/transaction-results\/#breadcrumb","itemListElement":[{"@type":"ListItem","position":1,"name":"Accueil","item":"https:\/\/rockufo.fr\/"},{"@type":"ListItem","position":2,"name":"Nos r\u00e9f\u00e9rences 2","item":"https:\/\/rockufo.fr\/?page_id=4"},{"@type":"ListItem","position":3,"name":"Transaction Results"}]},{"@type":"WebSite","@id":"https:\/\/rockufo.fr\/#website","url":"https:\/\/rockufo.fr\/","name":"Rock'n'roll UFO","description":"Distro punk\/rock de l&#039;espace.","publisher":{"@id":"https:\/\/rockufo.fr\/#organization"},"alternateName":"Rock UFO","potentialAction":[{"@type":"SearchAction","target":{"@type":"EntryPoint","urlTemplate":"https:\/\/rockufo.fr\/?s={search_term_string}"},"query-input":{"@type":"PropertyValueSpecification","valueRequired":true,"valueName":"search_term_string"}}],"inLanguage":"en-GB"},{"@type":"Organization","@id":"https:\/\/rockufo.fr\/#organization","name":"Rock'n'roll UFO","alternateName":"Rock UFO","url":"https:\/\/rockufo.fr\/","logo":{"@type":"ImageObject","inLanguage":"en-GB","@id":"https:\/\/rockufo.fr\/#\/schema\/logo\/image\/","url":"https:\/\/rockufo.fr\/wp-content\/uploads\/2022\/01\/logo_pdf.png","contentUrl":"https:\/\/rockufo.fr\/wp-content\/uploads\/2022\/01\/logo_pdf.png","width":250,"height":250,"caption":"Rock'n'roll UFO"},"image":{"@id":"https:\/\/rockufo.fr\/#\/schema\/logo\/image\/"},"sameAs":["https:\/\/www.facebook.com\/rocknrollufo","https:\/\/www.instagram.com\/rocknrollufo"]}]}},"_links":{"self":[{"href":"https:\/\/rockufo.fr\/en\/wp-json\/wp\/v2\/pages\/937","targetHints":{"allow":["GET"]}}],"collection":[{"href":"https:\/\/rockufo.fr\/en\/wp-json\/wp\/v2\/pages"}],"about":[{"href":"https:\/\/rockufo.fr\/en\/wp-json\/wp\/v2\/types\/page"}],"author":[{"embeddable":true,"href":"https:\/\/rockufo.fr\/en\/wp-json\/wp\/v2\/users\/1"}],"replies":[{"embeddable":true,"href":"https:\/\/rockufo.fr\/en\/wp-json\/wp\/v2\/comments?post=937"}],"version-history":[{"count":0,"href":"https:\/\/rockufo.fr\/en\/wp-json\/wp\/v2\/pages\/937\/revisions"}],"up":[{"embeddable":true,"href":"https:\/\/rockufo.fr\/en\/wp-json\/wp\/v2\/pages\/4"}],"wp:attachment":[{"href":"https:\/\/rockufo.fr\/en\/wp-json\/wp\/v2\/media?parent=937"}],"curies":[{"name":"wp","href":"https:\/\/api.w.org\/{rel}","templated":true}]}}