{"id":56,"date":"2021-12-30T20:13:05","date_gmt":"2021-12-30T19:13:05","guid":{"rendered":"http:\/\/effello.com\/rnrufo\/?page_id=56"},"modified":"2025-01-12T17:37:35","modified_gmt":"2025-01-12T16:37:35","slug":"conditions-generales-dutilisation","status":"publish","type":"page","link":"https:\/\/rockufo.fr\/en\/conditions-generales-dutilisation\/","title":{"rendered":"Conditions G\u00e9n\u00e9rales d&rsquo;Utilisation"},"content":{"rendered":"<h2 class=\"wp-block-heading\"><strong>CONDITIONS GENERALES D&rsquo;UTILISATION<\/strong><\/h2>\n\n\n\n<p>Rock&rsquo;n&rsquo;roll UFO est une association \u00e0 but non lucratif visant \u00e0 promouvoir, vendre et diffuser les cr\u00e9ations de groupes de musique sympathiques \u00e0 tendance punk. Lorsque vous achetez sur www.rockufo.fr, l&rsquo;argent que vous d\u00e9pensez sert \u00e0 :<br> 1\/ R\u00e9mun\u00e9rer les groupes auxquels vous avez achet\u00e9 des trucs.<br> 2\/ Rembourser les frais de gestion du site (timbres, enveloppes, serveur du site&#8230;).<br> 3\/ Financer de futurs projets musicaux.<br> \u00a0<br>L&rsquo;association est g\u00e9r\u00e9e par Florian Gauvin et Violaine Victoria de fa\u00e7on b\u00e9n\u00e9vole. Lorsqu&rsquo;une commande est pass\u00e9e, ils vous la pr\u00e9parent super rapidement en mettant plein d&rsquo;amour et des goodies (principalement des stickers), parce que vous le m\u00e9ritez bien.<br> \u00a0<br>Les commandes pass\u00e9es par ch\u00e8que ne sont envoy\u00e9es qu&rsquo;\u00e0 r\u00e9ception dudit ch\u00e8que.<br>Les commandes pass\u00e9es par carte bancaire ou paypal sont envoy\u00e9es quasi dans la foul\u00e9e. Si pour une quelconque raison nous sommes dans l&rsquo;impossibilit\u00e9 de vous envoyer la commande rapidement (par exemple si on est en vacances), on vous le dira parce qu&rsquo;on est sympa.<br> \u00a0<br>Les frais de livraison sont calcul\u00e9s automatiquement suivant le poids de la commande. On envoie par La Poste ou par Mondial Relay. Ca peut paraitre un peu cher mais promis, on a essay\u00e9 de faire au mieux pour que tout le monde s&rsquo;y retrouve (les groupes, nous, vous, ils).<br><br>Les frais de livraison Mondial Relay sont offerts pour toute commande en France m\u00e9tropolitaine \u00e0 partir de 50\u20ac d&rsquo;achat.<br><br>Vous avez la possibilit\u00e9 de r\u00e9cup\u00e9rer votre commande gratuitement en boutique \u00e0 Pantin (93), ou lors d&rsquo;un concert <a href=\"https:\/\/effello.com\/\" target=\"_blank\" rel=\"noreferrer noopener\">effello &amp; les extraterrestres<\/a>,\u00a0<a href=\"https:\/\/wampas.com\/\" target=\"_blank\" rel=\"noreferrer noopener\">Wampas<\/a>\u00a0or\u00a0<a href=\"https:\/\/psycho.wampas.com\/\" target=\"_blank\" rel=\"noreferrer noopener\">Didier Wampas Psycho Attack<\/a>.<br>Lors de votre commande, choisissez l&rsquo;option \u00ab\u00a0CLICK &amp; COLLECT\u00a0\u00bb, puis finalisez la. Envoyez ensuite un e-mail pour d\u00e9finir o\u00f9 et quand vous souhaitez r\u00e9cup\u00e9rer la commande.<\/p>\n\n\n\n<p><\/p>\n\n\n\n<h2 class=\"wp-block-heading\"><strong>POLITIQUE D&rsquo;UTILISATION DES COOKIES<\/strong><\/h2>\n\n\n\n<p>Le site Rock&rsquo;n&rsquo;roll UFO n&rsquo;utilise aucun cookie. Aucun outil de statistiques n&rsquo;est mis en place, les lecteurs audio pr\u00e9sents sur le site ont \u00e9t\u00e9 d\u00e9velopp\u00e9s en interne et ne collectent aucune donn\u00e9e, m\u00eame les lecteurs Youtube sont configur\u00e9s en mode \u00ab\u00a0no-cookies\u00a0\u00bb pour que vous ne soyez pas track\u00e9. Parce qu&rsquo;on n&rsquo;a pas besoin de savoir d&rsquo;o\u00f9 vous venez et ce que vous faites.<\/p>\n\n\n\n<h2 class=\"wp-block-heading\"><strong>COLLECTE DES DONNEES<\/strong><\/h2>\n\n\n\n<p>Lors d&rsquo;une commande, certaines donn\u00e9es personnelles sont stock\u00e9es (nom, pr\u00e9nom, adresse, t\u00e9l\u00e9phone, mail) afin de pouvoir vous envoyer la commande (bah oui quand m\u00eame).<br>\nCes donn\u00e9es n&rsquo;ont jamais \u00e9t\u00e9 et ne seront jamais revendues \u00e0 qui que ce soit, ni utilis\u00e9es pour d&rsquo;autres motifs.<br>\nSi toutefois vous vouliez qu&rsquo;on supprime vos donn\u00e9es, n&rsquo;h\u00e9sitez pas \u00e0 demander, on le fera.<\/p>\n\n\n\n<h2 class=\"wp-block-heading\"><strong>NEWSLETTER<\/strong><\/h2>\n\n\n\n<p>En vous inscrivant \u00e0 notre newsletter, votre email sera utilis\u00e9 seulement pour vous envoyez des informations sur Rock&rsquo;n&rsquo;roll UFO. Nous ne revendrons ou ne donnerons jamais votre email \u00e0 personne d&rsquo;autre.<br>Vous aurez la possibilit\u00e9 de vous d\u00e9sinscrire \u00e0 n&rsquo;importe quel moment \u00e0 partir des Newsletters que vous recevrez, ou en nous envoyant une demande par mail \u00e0 : assorockufo@gmail.com<\/p>\n\n\n\n<p><\/p>","protected":false},"excerpt":{"rendered":"<p>CONDITIONS GENERALES D&rsquo;UTILISATION Rock&rsquo;n&rsquo;roll UFO est une association \u00e0 but non lucratif visant \u00e0 promouvoir, vendre et diffuser les cr\u00e9ations de groupes de musique sympathiques \u00e0 tendance punk. Lorsque vous achetez sur www.rockufo.fr, l&rsquo;argent que vous d\u00e9pensez sert \u00e0 : 1\/ R\u00e9mun\u00e9rer les groupes auxquels vous avez achet\u00e9 des trucs. 2\/ Rembourser les frais de [&hellip;]<\/p>\n","protected":false},"author":1,"featured_media":0,"parent":0,"menu_order":0,"comment_status":"closed","ping_status":"open","template":"","meta":{"_acf_changed":false,"footnotes":""},"class_list":["post-56","page","type-page","status-publish","hentry"],"acf":[],"yoast_head":"<!-- This site is optimized with the Yoast SEO plugin v27.4 - https:\/\/yoast.com\/product\/yoast-seo-wordpress\/ -->\n<title>Rock&#039;n&#039;roll UFO - Distro Punk\/Rock de l&#039;espace<\/title>\n<meta name=\"description\" content=\"Le merchandising de tous vos groupes pr\u00e9f\u00e9r\u00e9s (Les Wampas, effello &amp; les extraterrestres, Tony Truant, Les Vierges...). T-SHIRTS - VINYLES - CD - POSTERS\" \/>\n<meta name=\"robots\" content=\"index, follow, max-snippet:-1, max-image-preview:large, max-video-preview:-1\" \/>\n<link rel=\"canonical\" href=\"https:\/\/rockufo.fr\/en\/conditions-generales-dutilisation\/\" \/>\n<meta property=\"og:locale\" content=\"en_GB\" \/>\n<meta property=\"og:type\" content=\"article\" \/>\n<meta property=\"og:title\" content=\"Rock&#039;n&#039;roll UFO - Distro Punk\/Rock de l&#039;espace\" \/>\n<meta property=\"og:description\" content=\"Le merchandising de tous vos groupes pr\u00e9f\u00e9r\u00e9s (Les Wampas, effello &amp; les extraterrestres, Tony Truant, Les Vierges...). T-SHIRTS - VINYLES - CD - POSTERS\" \/>\n<meta property=\"og:url\" content=\"https:\/\/rockufo.fr\/en\/conditions-generales-dutilisation\/\" \/>\n<meta property=\"og:site_name\" content=\"Rock&#039;n&#039;roll UFO\" \/>\n<meta property=\"article:publisher\" content=\"https:\/\/www.facebook.com\/rocknrollufo\" \/>\n<meta property=\"article:modified_time\" content=\"2025-01-12T16:37:35+00:00\" \/>\n<meta property=\"og:image\" content=\"https:\/\/rockufo.fr\/wp-content\/uploads\/2017\/08\/LOGO-ROCKNROLL-UFO-DEF_03.png\" \/>\n\t<meta property=\"og:image:width\" content=\"805\" \/>\n\t<meta property=\"og:image:height\" content=\"804\" \/>\n\t<meta property=\"og:image:type\" content=\"image\/png\" \/>\n<meta name=\"twitter:card\" content=\"summary_large_image\" \/>\n<meta name=\"twitter:label1\" content=\"Estimated reading time\" \/>\n\t<meta name=\"twitter:data1\" content=\"3 minutes\" \/>\n<script type=\"application\/ld+json\" class=\"yoast-schema-graph\">{\"@context\":\"https:\\\/\\\/schema.org\",\"@graph\":[{\"@type\":\"WebPage\",\"@id\":\"https:\\\/\\\/rockufo.fr\\\/conditions-generales-dutilisation\\\/\",\"url\":\"https:\\\/\\\/rockufo.fr\\\/conditions-generales-dutilisation\\\/\",\"name\":\"Rock'n'roll UFO - Distro Punk\\\/Rock de l'espace\",\"isPartOf\":{\"@id\":\"https:\\\/\\\/rockufo.fr\\\/#website\"},\"datePublished\":\"2021-12-30T19:13:05+00:00\",\"dateModified\":\"2025-01-12T16:37:35+00:00\",\"description\":\"Le merchandising de tous vos groupes pr\u00e9f\u00e9r\u00e9s (Les Wampas, effello & les extraterrestres, Tony Truant, Les Vierges...). T-SHIRTS - VINYLES - CD - POSTERS\",\"breadcrumb\":{\"@id\":\"https:\\\/\\\/rockufo.fr\\\/conditions-generales-dutilisation\\\/#breadcrumb\"},\"inLanguage\":\"en-GB\",\"potentialAction\":[{\"@type\":\"ReadAction\",\"target\":[\"https:\\\/\\\/rockufo.fr\\\/conditions-generales-dutilisation\\\/\"]}]},{\"@type\":\"BreadcrumbList\",\"@id\":\"https:\\\/\\\/rockufo.fr\\\/conditions-generales-dutilisation\\\/#breadcrumb\",\"itemListElement\":[{\"@type\":\"ListItem\",\"position\":1,\"name\":\"Accueil\",\"item\":\"https:\\\/\\\/rockufo.fr\\\/\"},{\"@type\":\"ListItem\",\"position\":2,\"name\":\"Conditions G\u00e9n\u00e9rales d&rsquo;Utilisation\"}]},{\"@type\":\"WebSite\",\"@id\":\"https:\\\/\\\/rockufo.fr\\\/#website\",\"url\":\"https:\\\/\\\/rockufo.fr\\\/\",\"name\":\"Rock'n'roll UFO\",\"description\":\"Distro punk\\\/rock de l&#039;espace.\",\"publisher\":{\"@id\":\"https:\\\/\\\/rockufo.fr\\\/#organization\"},\"alternateName\":\"Rock UFO\",\"potentialAction\":[{\"@type\":\"SearchAction\",\"target\":{\"@type\":\"EntryPoint\",\"urlTemplate\":\"https:\\\/\\\/rockufo.fr\\\/?s={search_term_string}\"},\"query-input\":{\"@type\":\"PropertyValueSpecification\",\"valueRequired\":true,\"valueName\":\"search_term_string\"}}],\"inLanguage\":\"en-GB\"},{\"@type\":\"Organization\",\"@id\":\"https:\\\/\\\/rockufo.fr\\\/#organization\",\"name\":\"Rock'n'roll UFO\",\"alternateName\":\"Rock UFO\",\"url\":\"https:\\\/\\\/rockufo.fr\\\/\",\"logo\":{\"@type\":\"ImageObject\",\"inLanguage\":\"en-GB\",\"@id\":\"https:\\\/\\\/rockufo.fr\\\/#\\\/schema\\\/logo\\\/image\\\/\",\"url\":\"https:\\\/\\\/rockufo.fr\\\/wp-content\\\/uploads\\\/2022\\\/01\\\/logo_pdf.png\",\"contentUrl\":\"https:\\\/\\\/rockufo.fr\\\/wp-content\\\/uploads\\\/2022\\\/01\\\/logo_pdf.png\",\"width\":250,\"height\":250,\"caption\":\"Rock'n'roll UFO\"},\"image\":{\"@id\":\"https:\\\/\\\/rockufo.fr\\\/#\\\/schema\\\/logo\\\/image\\\/\"},\"sameAs\":[\"https:\\\/\\\/www.facebook.com\\\/rocknrollufo\",\"https:\\\/\\\/www.instagram.com\\\/rocknrollufo\"]}]}<\/script>\n<!-- \/ Yoast SEO plugin. -->","yoast_head_json":{"title":"Rock'n'roll UFO - Distro Punk\/Rock de l'espace","description":"Le merchandising de tous vos groupes pr\u00e9f\u00e9r\u00e9s (Les Wampas, effello & les extraterrestres, Tony Truant, Les Vierges...). T-SHIRTS - VINYLES - CD - POSTERS","robots":{"index":"index","follow":"follow","max-snippet":"max-snippet:-1","max-image-preview":"max-image-preview:large","max-video-preview":"max-video-preview:-1"},"canonical":"https:\/\/rockufo.fr\/en\/conditions-generales-dutilisation\/","og_locale":"en_GB","og_type":"article","og_title":"Rock'n'roll UFO - Distro Punk\/Rock de l'espace","og_description":"Le merchandising de tous vos groupes pr\u00e9f\u00e9r\u00e9s (Les Wampas, effello & les extraterrestres, Tony Truant, Les Vierges...). T-SHIRTS - VINYLES - CD - POSTERS","og_url":"https:\/\/rockufo.fr\/en\/conditions-generales-dutilisation\/","og_site_name":"Rock&#039;n&#039;roll UFO","article_publisher":"https:\/\/www.facebook.com\/rocknrollufo","article_modified_time":"2025-01-12T16:37:35+00:00","og_image":[{"width":805,"height":804,"url":"https:\/\/rockufo.fr\/wp-content\/uploads\/2017\/08\/LOGO-ROCKNROLL-UFO-DEF_03.png","type":"image\/png"}],"twitter_card":"summary_large_image","twitter_misc":{"Estimated reading time":"3 minutes"},"schema":{"@context":"https:\/\/schema.org","@graph":[{"@type":"WebPage","@id":"https:\/\/rockufo.fr\/conditions-generales-dutilisation\/","url":"https:\/\/rockufo.fr\/conditions-generales-dutilisation\/","name":"Rock'n'roll UFO - Distro Punk\/Rock de l'espace","isPartOf":{"@id":"https:\/\/rockufo.fr\/#website"},"datePublished":"2021-12-30T19:13:05+00:00","dateModified":"2025-01-12T16:37:35+00:00","description":"Le merchandising de tous vos groupes pr\u00e9f\u00e9r\u00e9s (Les Wampas, effello & les extraterrestres, Tony Truant, Les Vierges...). T-SHIRTS - VINYLES - CD - POSTERS","breadcrumb":{"@id":"https:\/\/rockufo.fr\/conditions-generales-dutilisation\/#breadcrumb"},"inLanguage":"en-GB","potentialAction":[{"@type":"ReadAction","target":["https:\/\/rockufo.fr\/conditions-generales-dutilisation\/"]}]},{"@type":"BreadcrumbList","@id":"https:\/\/rockufo.fr\/conditions-generales-dutilisation\/#breadcrumb","itemListElement":[{"@type":"ListItem","position":1,"name":"Accueil","item":"https:\/\/rockufo.fr\/"},{"@type":"ListItem","position":2,"name":"Conditions G\u00e9n\u00e9rales d&rsquo;Utilisation"}]},{"@type":"WebSite","@id":"https:\/\/rockufo.fr\/#website","url":"https:\/\/rockufo.fr\/","name":"Rock'n'roll UFO","description":"Distro punk\/rock de l&#039;espace.","publisher":{"@id":"https:\/\/rockufo.fr\/#organization"},"alternateName":"Rock UFO","potentialAction":[{"@type":"SearchAction","target":{"@type":"EntryPoint","urlTemplate":"https:\/\/rockufo.fr\/?s={search_term_string}"},"query-input":{"@type":"PropertyValueSpecification","valueRequired":true,"valueName":"search_term_string"}}],"inLanguage":"en-GB"},{"@type":"Organization","@id":"https:\/\/rockufo.fr\/#organization","name":"Rock'n'roll UFO","alternateName":"Rock UFO","url":"https:\/\/rockufo.fr\/","logo":{"@type":"ImageObject","inLanguage":"en-GB","@id":"https:\/\/rockufo.fr\/#\/schema\/logo\/image\/","url":"https:\/\/rockufo.fr\/wp-content\/uploads\/2022\/01\/logo_pdf.png","contentUrl":"https:\/\/rockufo.fr\/wp-content\/uploads\/2022\/01\/logo_pdf.png","width":250,"height":250,"caption":"Rock'n'roll UFO"},"image":{"@id":"https:\/\/rockufo.fr\/#\/schema\/logo\/image\/"},"sameAs":["https:\/\/www.facebook.com\/rocknrollufo","https:\/\/www.instagram.com\/rocknrollufo"]}]}},"_links":{"self":[{"href":"https:\/\/rockufo.fr\/en\/wp-json\/wp\/v2\/pages\/56","targetHints":{"allow":["GET"]}}],"collection":[{"href":"https:\/\/rockufo.fr\/en\/wp-json\/wp\/v2\/pages"}],"about":[{"href":"https:\/\/rockufo.fr\/en\/wp-json\/wp\/v2\/types\/page"}],"author":[{"embeddable":true,"href":"https:\/\/rockufo.fr\/en\/wp-json\/wp\/v2\/users\/1"}],"replies":[{"embeddable":true,"href":"https:\/\/rockufo.fr\/en\/wp-json\/wp\/v2\/comments?post=56"}],"version-history":[{"count":2,"href":"https:\/\/rockufo.fr\/en\/wp-json\/wp\/v2\/pages\/56\/revisions"}],"predecessor-version":[{"id":2662,"href":"https:\/\/rockufo.fr\/en\/wp-json\/wp\/v2\/pages\/56\/revisions\/2662"}],"wp:attachment":[{"href":"https:\/\/rockufo.fr\/en\/wp-json\/wp\/v2\/media?parent=56"}],"curies":[{"name":"wp","href":"https:\/\/api.w.org\/{rel}","templated":true}]}}